{"id":15884,"date":"2023-11-06T13:14:21","date_gmt":"2023-11-06T12:14:21","guid":{"rendered":"https:\/\/taxfix.com\/es-es\/?page_id=15884"},"modified":"2023-11-06T13:14:22","modified_gmt":"2023-11-06T12:14:22","slug":"calculadora-del-paro-de-autonomos","status":"publish","type":"page","link":"https:\/\/taxfix.com\/es-es\/calculadoras\/calculadora-del-paro-de-autonomos\/","title":{"rendered":"Calculadora del paro de aut\u00f3nomos"},"content":{"rendered":"<div data-react=\"tooltip-provider\"><\/div>\n\n    <div class=\"c-block-calculator\">\n\n    <div class=\"c-block-calculator__container\">\n\n\n    <div data-react=\"autonomos-unemployment-calculator\">\n        <!-- Default calc code -->\n\n        <div class=\"sc-kDThTU hgkPCC\"><div class=\"sc-bBHwJV fkqbfg\"><div class=\"sc-iwjezw liKWcE\"><h3 class=\"sc-iJKOzS iWaFfx\">Tu situaci\u00f3n<\/h3><img decoding=\"async\" src=\"data:image\/svg+xml;base64,PHN2ZyB3aWR0aD0iMzQiIGhlaWdodD0iNzYiIHZpZXdCb3g9IjAgMCAzNCA3NiIgZmlsbD0ibm9uZSIgeG1sbnM9Imh0dHA6Ly93d3cudzMub3JnLzIwMDAvc3ZnIj48cGF0aCBkPSJNMzIuMjUgMzQuOTMzNVYxLjg0OTYxSDIwLjE0OTlDMTcuNzQ5OSA5LjA0OTYxIDExLjA1IDEzLjY0OTYgMS43NSAxNC4xNDk2VjI2Ljk0OTZDNy45NSAyNi45NDk2IDEzLjg0OTkgMjUuMDQ5NiAxNy44NDk5IDIxLjg0OTZWMzQuOTMzNU0xNy44NDk5IDU1LjUxODhWNzQuMDQ5NkgzMi4yNVY1OS40OTQ1VjU1LjUxODgiIHN0cm9rZT0iYmxhY2siIHN0cm9rZS13aWR0aD0iMiIgc3Ryb2tlLWxpbmVjYXA9InJvdW5kIiBzdHJva2UtbGluZWpvaW49InJvdW5kIi8+PC9zdmc+\" role=\"presentation\" class=\"sc-cxpRKc ehaLoI\"><img decoding=\"async\" src=\"data:image\/svg+xml;base64,PHN2ZyB3aWR0aD0iNTUiIGhlaWdodD0iOTQiIHZpZXdCb3g9IjAgMCA1NSA5NCIgZmlsbD0ibm9uZSIgeG1sbnM9Imh0dHA6Ly93d3cudzMub3JnLzIwMDAvc3ZnIj48cGF0aCBkPSJNMTQuNDkyNCA3Ni41Mjk4QzE0Ljk0MDMgNzYuMjMyMiAxNS41MjgxIDc2LjM5MTQgMTUuODA1MiA3Ni44ODU1QzE2LjA4MjIgNzcuMzc5NiAxNS45NDM3IDc4LjAyMTQgMTUuNDk1NyA3OC4zMTkxTDE0LjQ5MjQgNzYuNTI5OFpNNC41Nzg5MSA4My44ODFMMy44MDQ0IDg0LjQ4MDVDMy41MDE4NSA4NC4wMTU2IDMuNTkxMDkgODMuMzc1NCA0LjAwNTMyIDgzLjAzOTNMNC41Nzg5MSA4My44ODFaTTE0LjgwOCA5MS4wOTUzQzE1LjI3ODMgOTEuMzYxMiAxNS40NjcxIDkxLjk5MTcgMTUuMjI5NyA5Mi41MDM2QzE0Ljk5MjQgOTMuMDE1NSAxNC40MTg4IDkzLjIxNDkgMTMuOTQ4NiA5Mi45NDlMMTQuODA4IDkxLjA5NTNaTTE1LjQ5NTcgNzguMzE5MUMxNS40MTcyIDc4LjM3MTMgMTQuODQwMyA3OC42OTcxIDE0LjA4NjIgNzkuMTMwMUMxMy4yOTUxIDc5LjU4NDIgMTIuMjMzIDgwLjE5ODUgMTEuMTAxIDgwLjg3MDVDOC44MTEzIDgyLjIyOTggNi4zMTU2OSA4My43Nzg4IDUuMTUyNDkgODQuNzIyN0w0LjAwNTMyIDgzLjAzOTNDNS4yOTU4MyA4MS45OTIgNy45MTc2MSA4MC4zNzI2IDEwLjE3NjkgNzkuMDMxNEMxMS4zMTk1IDc4LjM1MzIgMTIuMzg5OSA3Ny43MzQxIDEzLjE4NTEgNzcuMjc3NkMxMy41ODI3IDc3LjA0OTMgMTMuOTEyMSA3Ni44NjE0IDE0LjE0NjQgNzYuNzI3NEMxNC40MDk2IDc2LjU3NzEgMTQuNTA0MSA3Ni41MjIgMTQuNDkyNCA3Ni41Mjk4TDE1LjQ5NTcgNzguMzE5MVpNNS4zNTM0MSA4My4yODE1QzUuNjQ1ODEgODMuNzMwOCA2LjI5NjI0IDg0LjQxNjUgNy4yMTE3OCA4NS4yNDU5QzguMTAzNDUgODYuMDUzOCA5LjE3NDA0IDg2LjkzNDIgMTAuMjM3MiA4Ny43Njc1QzEyLjM4NyA4OS40NTI1IDE0LjQxMDUgOTAuODcwNSAxNC44MDggOTEuMDk1M0wxMy45NDg2IDkyLjk0OUMxMy40MTAzIDkyLjY0NDYgMTEuMjgxNCA5MS4xNDA0IDkuMTM5MDggODkuNDYxM0M4LjA1NjE1IDg4LjYxMjUgNi45NDU3NiA4Ny43MDA0IDYuMDA2MTUgODYuODQ5MUM1LjA5MDQxIDg2LjAxOTUgNC4yNTkyNSA4NS4xNzk1IDMuODA0NCA4NC40ODA1TDUuMzUzNDEgODMuMjgxNVoiIGZpbGw9ImJsYWNrIi8+PHBhdGggZD0iTTQ5LjE0NjkgMS44OTYwNkM0OS4xNDY5IDEuODk2MDYgNTIuMDI4IDIyLjc2NjcgMzcuOTg4MyAzNS4xMjg1QzM3LjczMTIgMzUuMzUzMyAzNy40NDE2IDM1LjUzOCAzNy4xMjkyIDM1LjY3NjFDMzEuMzExNyAzOC4yMzE5IDI1LjEyMzUgMzkuNjY1MyAyMS43MTkgMzUuNTIyOUMyMS4zOTg0IDM1LjEyMTYgMjEuMTc1MSAzNC42NTE1IDIxLjA2NjYgMzQuMTQ5NUMyMC45NTgxIDMzLjY0NzQgMjAuOTY3NCAzMy4xMjcxIDIxLjA5MzggMzIuNjI5MkMyMS4yMjAyIDMyLjEzMTQgMjEuNDYwMiAzMS42Njk2IDIxLjc5NDkgMzEuMjgwMUMyMi4xMjk3IDMwLjg5MDUgMjIuNTUwMiAzMC41ODM4IDIzLjAyMzMgMzAuMzg0QzI4LjgyMTggMjcuODk4NCAzNC43MDM4IDMxLjQ3ODEgMzkuMjUyOCAzNy42NjU5QzQ0LjUzNDUgNDQuODYzNCA1NC44MjMxIDYwLjg5OTUgMzUuMTE2MiA3Ny43ODg1QzIwLjY2NTQgODcuODYwOCA2LjIxOTU0IDgzLjYwMTkgNS44MTE2IDgzLjg0MzciIHN0cm9rZT0iYmxhY2siIHN0cm9rZS13aWR0aD0iMiIgc3Ryb2tlLWxpbmVjYXA9InJvdW5kIiBzdHJva2UtbGluZWpvaW49InJvdW5kIi8+PC9zdmc+\" role=\"presentation\" class=\"sc-llYToB iRbyMq\"><\/div><div class=\"sc-giYgFv\"><form><div class=\"Form__FormRow-sc-32vt5e-0 ddlwSx\"><label for=\"timePeriod\" class=\"Form__FormRowTitle-sc-32vt5e-2 coHrqe\">\u00bfCu\u00e1nto tiempo llevas cotizando a la Seguridad Social como aut\u00f3nomo?<\/label><div class=\"Form__FormRowItem-sc-32vt5e-3\"><div aria-expanded=\"false\" class=\"DropdownSelect__Container-sc-1iiysit-0 ipGuej\"><button class=\"DropdownSelect__LabelContainer-sc-1iiysit-1 gNvpTD\"><span class=\"DropdownSelect__Label-sc-1iiysit-2 loOBxi\">De 12 a 17 meses<\/span> <span class=\"DropdownSelect__Arrow-sc-1iiysit-3 hcHQYJ\">\u25bc<\/span><\/button><\/div><\/div><\/div><div class=\"Form__FormRow-sc-32vt5e-0 ddlwSx\"><label for=\"amount\" class=\"Form__FormRowTitle-sc-32vt5e-2 coHrqe\">\u00bfCu\u00e1nto pagas de cuota de aut\u00f3nomo?<\/label><div class=\"Form__FormRowItem-sc-32vt5e-3\"><div class=\"InputPrefix__Container-sc-1f57pio-0 kONFGH\"><div class=\"InputPrefix__PrefixLabel-sc-1f57pio-1 eUXZYR\">\u20ac<\/div><div class=\"InputPrefix__PrefixItem-sc-1f57pio-2 bQnfEH\"><div class=\"Input__Container-sc-11yg3hb-0 jiJACg\"><input id=\"amount\" name=\"amount\" type=\"number\" step=\"10\" min=\"0\" class=\"Input__InputElement-sc-11yg3hb-1 hA-dEwl\"><\/div><\/div><\/div><\/div><\/div><\/form><\/div><\/div><div class=\"sc-ezbkgU cTtlAH\"><div class=\"sc-bYoCmx BWcxS\"><h3 class=\"sc-ikJzcn iJKhoI\">Tu sueldo<\/h3><img decoding=\"async\" src=\"data:image\/svg+xml;base64,PHN2ZyB3aWR0aD0iNTYiIGhlaWdodD0iNzYiIHZpZXdCb3g9IjAgMCA1NiA3NiIgZmlsbD0ibm9uZSIgeG1sbnM9Imh0dHA6Ly93d3cudzMub3JnLzIwMDAvc3ZnIj48cGF0aCBkPSJNNTEuMDgzOSAzNC45NTE5QzUyLjk3NDkgMzEuNDk2OCA1My45MzE3IDI3LjkyNTMgNTMuOTMxNyAyNC4yMjk3QzUzLjkzMTcgMTAuOTk2MiA0My44MTIyIDEuODQ5NjEgMjkuMDIxOSAxLjg0OTYxQzE0LjgxNTQgMS44NDk2MSA0LjExMTc0IDEwLjQxMjQgMi4wNjgzNCAyMy41NDg1TDE1LjY5MSAyOS45NzA3QzE1LjU5MzcgMjAuNzI2NyAyMC45NDU2IDE0LjQwMTkgMjguNzI5OSAxNC40MDE5QzM1LjM0NjcgMTQuNDAxOSAzOS44MjI2IDE4Ljc4MDYgMzkuODIyNiAyNC43MTYyQzM5LjgyMjYgMjguMjI3NCAzOC4yMzk1IDMxLjI2MzYgMzQuMTQwOCAzNC45NTE5TTI4LjA5NjQgNTUuNjU0NkwyNi41ODkzIDU2LjcyOTRDMjQuNjU4MiA1OC4wMzQzIDIyLjg5MzUgNTkuNTcgMjEuMzM0NyA2MS4zMDI3SDU0LjEyNjNWNzQuMDQ5NkgxLjg3Mzc4VjcyLjEwMzVDMS44NzM3OCA2Ni4xODA1IDQuMDUwNzEgNjAuNzM2MyA4LjQwNDU4IDU1LjY1NDYiIHN0cm9rZT0iYmxhY2siIHN0cm9rZS13aWR0aD0iMiIgc3Ryb2tlLWxpbmVjYXA9InJvdW5kIiBzdHJva2UtbGluZWpvaW49InJvdW5kIi8+PC9zdmc+\" role=\"presentation\" class=\"sc-kLwgWK pEiDS\"><\/div><div class=\"sc-jJoQpE\"><ul class=\"sc-fotPbf eTgmln\"><li class=\"sc-fFehDp iXlamj\"><div class=\"sc-hGPAah cimhIE\">Te corresponde un paro de<\/div><div class=\"sc-dlVyqM jtagbO\">526\u20ac<\/div><\/li><li class=\"sc-fFehDp hqIAEh\"><div class=\"sc-hGPAah cimhIE\">Puedes cobrarlo durante<\/div><div class=\"sc-dlVyqM jtagbO\">4 meses<\/div><\/li><\/ul><div class=\"sc-hiCivh fhXhAM\"><p class=\"Paragraph-sc-1dnwevw-0 iOxCVX\">Recuerda que para cobrar el paro, tienes que justificar que dejas tu actividad por alguno de estos motivos:<\/p><\/div><ul class=\"sc-gWXaA-D hAmcgP\"><li>P\u00e9rdidas anuales de m\u00e1s del 10%<\/li><li>Causas de fuerza mayor<\/li><li>P\u00e9rdida de la licencia administrativa necesaria<\/li><\/ul><\/div><\/div><\/div>\n\n        <!-- END Default calc code -->\n    <\/div>\n\n\n    <\/div> <!-- .c-container -->\n<\/div> <!-- .c-block-calculator -->\n\n\n\n\n<div class=\"c-block-body m-white  m-narrow\">\n\n    <div class=\"c-container\">\n\n        <div class=\"c-block-body__content\">\n\n            \n            <div class=\"c-body\"><h2>\u00bfLos aut\u00f3nomos tienen paro?<\/h2>\n<p>S\u00ed, los aut\u00f3nomos, al igual que los asalariados, tienen derecho a cobrar el paro siempre que cumplan algunos requisitos:<\/p>\n<ul>\n<li>Haber cotizado el tiempo m\u00ednimo obligatorio (es decir, 12 meses en los \u00faltimos 2 a\u00f1os).<\/li>\n<li>Estar dado de alta en el RETA.<\/li>\n<li>No estar en edad de jubilarte, o sea, no tener 66 a\u00f1os o m\u00e1s.<\/li>\n<li>Estar al corriente de los pagos a la Seguridad Social, es decir, haber pagado todas las cuotas de aut\u00f3nomos.<\/li>\n<li>Encontrarte en situaci\u00f3n legal de cese de actividad como aut\u00f3nomo. \u00bfQue qu\u00e9 es esto? En nuestra gu\u00eda sobre el paro de aut\u00f3nomos te lo contamos..<\/li>\n<\/ul>\n<h2>\u00bfC\u00f3mo se calcula el paro de un aut\u00f3nomo?<\/h2>\n<p><strong>El c\u00e1lculo de la prestaci\u00f3n por desempleo siendo aut\u00f3nomo es muy sencillo, y depende de dos factores:<\/strong><\/p>\n<ul>\n<li>Tiempo cotizado<\/li>\n<li>Base de cotizaci\u00f3n<\/li>\n<\/ul>\n<p>Para hacer el c\u00e1lculo del paro de aut\u00f3nomos, primero tienes que comprobar que has cotizado el tiempo suficiente. En esta tabla puedes ver los meses cotizados y el tiempo de paro que tienes por cada caso:<\/p>\n<p>&nbsp;<\/p>\n<table>\n<tbody>\n<tr>\n<td><span style=\"font-weight: 400;\">Meses cotizados<\/span><\/td>\n<td><span style=\"font-weight: 400;\">Menos de 12 meses<\/span><\/td>\n<td><span style=\"font-weight: 400;\">No tienes derecho<\/span><\/td>\n<\/tr>\n<tr>\n<td><\/td>\n<td><span style=\"font-weight: 400;\">De 12 a 17 meses<\/span><\/td>\n<td><span style=\"font-weight: 400;\">4 meses<\/span><\/td>\n<\/tr>\n<tr>\n<td><\/td>\n<td><span style=\"font-weight: 400;\">De 18 a 23 meses<\/span><\/td>\n<td><span style=\"font-weight: 400;\">6 meses<\/span><\/td>\n<\/tr>\n<tr>\n<td><\/td>\n<td><span style=\"font-weight: 400;\">De 24 a 29 meses<\/span><\/td>\n<td><span style=\"font-weight: 400;\">8 meses<\/span><\/td>\n<\/tr>\n<tr>\n<td><\/td>\n<td><span style=\"font-weight: 400;\">De 30 a 35 meses<\/span><\/td>\n<td><span style=\"font-weight: 400;\">10 meses<\/span><\/td>\n<\/tr>\n<tr>\n<td><\/td>\n<td><span style=\"font-weight: 400;\">De 36 a 42 meses<\/span><\/td>\n<td><span style=\"font-weight: 400;\">12 meses<\/span><\/td>\n<\/tr>\n<tr>\n<td><\/td>\n<td><span style=\"font-weight: 400;\">De 43 a 47 meses<\/span><\/td>\n<td><span style=\"font-weight: 400;\">16 meses<\/span><\/td>\n<\/tr>\n<tr>\n<td><\/td>\n<td><span style=\"font-weight: 400;\">M\u00e1s de 48 meses<\/span><\/td>\n<td><span style=\"font-weight: 400;\">24 meses<\/span><\/td>\n<\/tr>\n<\/tbody>\n<\/table>\n<p><span style=\"font-weight: 400;\">Ahora que tienes la primera parte hecha, solo te falta saber cu\u00e1nto te corresponde de paro. Es f\u00e1cil:\u00a0 lo mismo que a los asalariados, es decir, un <\/span><b>70% de la base reguladora<\/b><span style=\"font-weight: 400;\"> promedio del \u00faltimo a\u00f1o. Esto quiere decir que para calcular el paro de un aut\u00f3nomo, tienes que hacer la media de lo que has cotizado (base de cotizaci\u00f3n\/d\u00edas cotizados, que si es un mes entero ser\u00e1n 30 d\u00edas) y multiplicarlo por el 70%.<\/span><\/p>\n<\/div>\n\n            \n        <\/div>\n    <\/div>\n<\/div> <!-- .c-block-body -->\n\n\n\n<div class=\"c-block-body m-neutral  m-narrow\">\n\n    <div class=\"c-container\">\n\n        <div class=\"c-block-body__content\">\n\n            \n            <div class=\"c-body\"><p style=\"text-align: center;\">Por ejemplo, si tu base de cotizaci\u00f3n son 1.300\u20ac y has trabajado durante 2 a\u00f1os y medio, el c\u00e1lculo ser\u00eda:<\/p>\n<p style=\"text-align: center;\">1.300 x 0.70 =910\u20ac durante 8 meses<\/p>\n<\/div>\n\n            \n        <\/div>\n    <\/div>\n<\/div> <!-- .c-block-body -->\n\n\n\n<div class=\"c-block-body m-white  m-narrow\">\n\n    <div class=\"c-container\">\n\n        <div class=\"c-block-body__content\">\n\n            \n            <div class=\"c-body\"><p><span style=\"font-weight: 400;\">Si no sabes exactamente cu\u00e1l es tu base de cotizaci\u00f3n, tambi\u00e9n puedes calcular tu <\/span><b>paro como aut\u00f3nomo<\/b><span style=\"font-weight: 400;\"> con tu cuota mensual de la Seguridad Social haciendo el siguiente c\u00e1lculo:<\/span><\/p>\n<p style=\"text-align: center;\"><span style=\"font-weight: 400;\">Cuota de aut\u00f3nomo \/ 0.312 x 0.70<\/span><\/p>\n<p>&nbsp;<\/p>\n<p><span style=\"font-weight: 400;\">Ese 0.312 no es aleatorio ni nos lo inventamos. Es porque la cuota de aut\u00f3nomo es un 31,2% de la base de cotizaci\u00f3n. Por eso, lo dividimos entre tu cuota para saber cu\u00e1l es la base \ud83d\ude42.<\/span><\/p>\n<p><span style=\"font-weight: 400;\">Hacer estos c\u00e1lculos no es dif\u00edcil, pero si no quieres que se te quede la cara de la se\u00f1ora del meme, siempre puedes usar nuestra calculadora para saber en cu\u00e1nto se queda\u00a0 tu paro de aut\u00f3nomo.<\/span><\/p>\n<\/div>\n\n            \n        <\/div>\n    <\/div>\n<\/div> <!-- .c-block-body -->\n\n","protected":false},"excerpt":{"rendered":"","protected":false},"author":16,"featured_media":0,"parent":8192,"menu_order":0,"comment_status":"closed","ping_status":"closed","template":"views\/template-calculators-single.blade.php","meta":{"_acf_changed":false,"footnotes":""},"class_list":["post-15884","page","type-page","status-publish","hentry"],"acf":[],"yoast_head":"<!-- This site is optimized with the Yoast SEO plugin v25.8 - https:\/\/yoast.com\/wordpress\/plugins\/seo\/ -->\n<title>Calculadora del paro de aut\u00f3nomos &#8211; Taxfix<\/title>\n<meta name=\"description\" content=\"Con esta calculadora podr\u00e1s estimar cu\u00e1nto paro te corresponde cobrar por tu actividad como aut\u00f3nomo\" \/>\n<meta name=\"robots\" content=\"index, follow, max-snippet:-1, max-image-preview:large, max-video-preview:-1\" \/>\n<link rel=\"canonical\" href=\"https:\/\/taxfix.com\/es-es\/calculadoras\/calculadora-del-paro-de-autonomos\/\" \/>\n<meta property=\"og:locale\" content=\"es_ES\" \/>\n<meta property=\"og:type\" content=\"article\" \/>\n<meta property=\"og:title\" content=\"Calculadora del paro de aut\u00f3nomos &#8211; Taxfix\" \/>\n<meta property=\"og:description\" content=\"Con esta calculadora podr\u00e1s estimar cu\u00e1nto paro te corresponde cobrar por tu actividad como aut\u00f3nomo\" \/>\n<meta property=\"og:url\" content=\"https:\/\/taxfix.com\/es-es\/calculadoras\/calculadora-del-paro-de-autonomos\/\" \/>\n<meta property=\"og:site_name\" content=\"Taxfix\" \/>\n<meta property=\"article:publisher\" content=\"https:\/\/www.facebook.com\/taxfix_es\/\" \/>\n<meta property=\"article:modified_time\" content=\"2023-11-06T12:14:22+00:00\" \/>\n<meta property=\"og:image\" content=\"https:\/\/taxfix.com\/es-es\/wp-content\/uploads\/eyJhc3NldF9pZCI6NTY3OH0_taxfix-gmbh_UwIjumOzeyPqNyDgJ1bVY_OROVADgg2mBtzSX1XQ7A0.jpg\" \/>\n\t<meta property=\"og:image:width\" content=\"1200\" \/>\n\t<meta property=\"og:image:height\" content=\"628\" \/>\n\t<meta property=\"og:image:type\" content=\"image\/jpeg\" \/>\n<meta name=\"twitter:card\" content=\"summary_large_image\" \/>\n<script type=\"application\/ld+json\" class=\"yoast-schema-graph\">{\"@context\":\"https:\/\/schema.org\",\"@graph\":[{\"@type\":\"WebPage\",\"@id\":\"https:\/\/taxfix.com\/es-es\/calculadoras\/calculadora-del-paro-de-autonomos\/\",\"url\":\"https:\/\/taxfix.com\/es-es\/calculadoras\/calculadora-del-paro-de-autonomos\/\",\"name\":\"Calculadora del paro de aut\u00f3nomos &#8211; Taxfix\",\"isPartOf\":{\"@id\":\"https:\/\/taxfix.com\/es-es\/#website\"},\"datePublished\":\"2023-11-06T12:14:21+00:00\",\"dateModified\":\"2023-11-06T12:14:22+00:00\",\"description\":\"Con esta calculadora podr\u00e1s estimar cu\u00e1nto paro te corresponde cobrar por tu actividad como aut\u00f3nomo\",\"breadcrumb\":{\"@id\":\"https:\/\/taxfix.com\/es-es\/calculadoras\/calculadora-del-paro-de-autonomos\/#breadcrumb\"},\"inLanguage\":\"es\",\"potentialAction\":[{\"@type\":\"ReadAction\",\"target\":[\"https:\/\/taxfix.com\/es-es\/calculadoras\/calculadora-del-paro-de-autonomos\/\"]}]},{\"@type\":\"BreadcrumbList\",\"@id\":\"https:\/\/taxfix.com\/es-es\/calculadoras\/calculadora-del-paro-de-autonomos\/#breadcrumb\",\"itemListElement\":[{\"@type\":\"ListItem\",\"position\":1,\"name\":\"Taxfix\",\"item\":\"https:\/\/taxfix.com\/es-es\/\"},{\"@type\":\"ListItem\",\"position\":2,\"name\":\"Calculadoras\",\"item\":\"https:\/\/taxfix.com\/es-es\/calculadoras\/\"},{\"@type\":\"ListItem\",\"position\":3,\"name\":\"Calculadora del paro de aut\u00f3nomos\"}]},{\"@type\":\"WebSite\",\"@id\":\"https:\/\/taxfix.com\/es-es\/#website\",\"url\":\"https:\/\/taxfix.com\/es-es\/\",\"name\":\"Taxfix\",\"description\":\"La mejor forma de presentar tus impuestos\",\"publisher\":{\"@id\":\"https:\/\/taxfix.com\/es-es\/#organization\"},\"potentialAction\":[{\"@type\":\"SearchAction\",\"target\":{\"@type\":\"EntryPoint\",\"urlTemplate\":\"https:\/\/taxfix.com\/es-es\/?s={search_term_string}\"},\"query-input\":{\"@type\":\"PropertyValueSpecification\",\"valueRequired\":true,\"valueName\":\"search_term_string\"}}],\"inLanguage\":\"es\"},{\"@type\":\"Organization\",\"@id\":\"https:\/\/taxfix.com\/es-es\/#organization\",\"name\":\"Taxfix\",\"url\":\"https:\/\/taxfix.com\/es-es\/\",\"logo\":{\"@type\":\"ImageObject\",\"inLanguage\":\"es\",\"@id\":\"https:\/\/taxfix.com\/es-es\/#\/schema\/logo\/image\/\",\"url\":\"https:\/\/taxfix.com\/es-es\/wp-content\/uploads\/1692.png\",\"contentUrl\":\"https:\/\/taxfix.com\/es-es\/wp-content\/uploads\/1692.png\",\"width\":192,\"height\":40,\"caption\":\"Taxfix\"},\"image\":{\"@id\":\"https:\/\/taxfix.com\/es-es\/#\/schema\/logo\/image\/\"},\"sameAs\":[\"https:\/\/www.facebook.com\/taxfix_es\/\",\"https:\/\/www.linkedin.com\/company\/taxfix\/\"]}]}<\/script>\n<!-- \/ Yoast SEO plugin. -->","yoast_head_json":{"title":"Calculadora del paro de aut\u00f3nomos &#8211; Taxfix","description":"Con esta calculadora podr\u00e1s estimar cu\u00e1nto paro te corresponde cobrar por tu actividad como aut\u00f3nomo","robots":{"index":"index","follow":"follow","max-snippet":"max-snippet:-1","max-image-preview":"max-image-preview:large","max-video-preview":"max-video-preview:-1"},"canonical":"https:\/\/taxfix.com\/es-es\/calculadoras\/calculadora-del-paro-de-autonomos\/","og_locale":"es_ES","og_type":"article","og_title":"Calculadora del paro de aut\u00f3nomos &#8211; Taxfix","og_description":"Con esta calculadora podr\u00e1s estimar cu\u00e1nto paro te corresponde cobrar por tu actividad como aut\u00f3nomo","og_url":"https:\/\/taxfix.com\/es-es\/calculadoras\/calculadora-del-paro-de-autonomos\/","og_site_name":"Taxfix","article_publisher":"https:\/\/www.facebook.com\/taxfix_es\/","article_modified_time":"2023-11-06T12:14:22+00:00","og_image":[{"width":1200,"height":628,"url":"https:\/\/taxfix.com\/es-es\/wp-content\/uploads\/eyJhc3NldF9pZCI6NTY3OH0_taxfix-gmbh_UwIjumOzeyPqNyDgJ1bVY_OROVADgg2mBtzSX1XQ7A0.jpg","type":"image\/jpeg"}],"twitter_card":"summary_large_image","schema":{"@context":"https:\/\/schema.org","@graph":[{"@type":"WebPage","@id":"https:\/\/taxfix.com\/es-es\/calculadoras\/calculadora-del-paro-de-autonomos\/","url":"https:\/\/taxfix.com\/es-es\/calculadoras\/calculadora-del-paro-de-autonomos\/","name":"Calculadora del paro de aut\u00f3nomos &#8211; Taxfix","isPartOf":{"@id":"https:\/\/taxfix.com\/es-es\/#website"},"datePublished":"2023-11-06T12:14:21+00:00","dateModified":"2023-11-06T12:14:22+00:00","description":"Con esta calculadora podr\u00e1s estimar cu\u00e1nto paro te corresponde cobrar por tu actividad como aut\u00f3nomo","breadcrumb":{"@id":"https:\/\/taxfix.com\/es-es\/calculadoras\/calculadora-del-paro-de-autonomos\/#breadcrumb"},"inLanguage":"es","potentialAction":[{"@type":"ReadAction","target":["https:\/\/taxfix.com\/es-es\/calculadoras\/calculadora-del-paro-de-autonomos\/"]}]},{"@type":"BreadcrumbList","@id":"https:\/\/taxfix.com\/es-es\/calculadoras\/calculadora-del-paro-de-autonomos\/#breadcrumb","itemListElement":[{"@type":"ListItem","position":1,"name":"Taxfix","item":"https:\/\/taxfix.com\/es-es\/"},{"@type":"ListItem","position":2,"name":"Calculadoras","item":"https:\/\/taxfix.com\/es-es\/calculadoras\/"},{"@type":"ListItem","position":3,"name":"Calculadora del paro de aut\u00f3nomos"}]},{"@type":"WebSite","@id":"https:\/\/taxfix.com\/es-es\/#website","url":"https:\/\/taxfix.com\/es-es\/","name":"Taxfix","description":"La mejor forma de presentar tus impuestos","publisher":{"@id":"https:\/\/taxfix.com\/es-es\/#organization"},"potentialAction":[{"@type":"SearchAction","target":{"@type":"EntryPoint","urlTemplate":"https:\/\/taxfix.com\/es-es\/?s={search_term_string}"},"query-input":{"@type":"PropertyValueSpecification","valueRequired":true,"valueName":"search_term_string"}}],"inLanguage":"es"},{"@type":"Organization","@id":"https:\/\/taxfix.com\/es-es\/#organization","name":"Taxfix","url":"https:\/\/taxfix.com\/es-es\/","logo":{"@type":"ImageObject","inLanguage":"es","@id":"https:\/\/taxfix.com\/es-es\/#\/schema\/logo\/image\/","url":"https:\/\/taxfix.com\/es-es\/wp-content\/uploads\/1692.png","contentUrl":"https:\/\/taxfix.com\/es-es\/wp-content\/uploads\/1692.png","width":192,"height":40,"caption":"Taxfix"},"image":{"@id":"https:\/\/taxfix.com\/es-es\/#\/schema\/logo\/image\/"},"sameAs":["https:\/\/www.facebook.com\/taxfix_es\/","https:\/\/www.linkedin.com\/company\/taxfix\/"]}]}},"_links":{"self":[{"href":"https:\/\/taxfix.com\/es-es\/wp-json\/wp\/v2\/pages\/15884","targetHints":{"allow":["GET"]}}],"collection":[{"href":"https:\/\/taxfix.com\/es-es\/wp-json\/wp\/v2\/pages"}],"about":[{"href":"https:\/\/taxfix.com\/es-es\/wp-json\/wp\/v2\/types\/page"}],"author":[{"embeddable":true,"href":"https:\/\/taxfix.com\/es-es\/wp-json\/wp\/v2\/users\/16"}],"replies":[{"embeddable":true,"href":"https:\/\/taxfix.com\/es-es\/wp-json\/wp\/v2\/comments?post=15884"}],"version-history":[{"count":10,"href":"https:\/\/taxfix.com\/es-es\/wp-json\/wp\/v2\/pages\/15884\/revisions"}],"predecessor-version":[{"id":16030,"href":"https:\/\/taxfix.com\/es-es\/wp-json\/wp\/v2\/pages\/15884\/revisions\/16030"}],"up":[{"embeddable":true,"href":"https:\/\/taxfix.com\/es-es\/wp-json\/wp\/v2\/pages\/8192"}],"wp:attachment":[{"href":"https:\/\/taxfix.com\/es-es\/wp-json\/wp\/v2\/media?parent=15884"}],"curies":[{"name":"wp","href":"https:\/\/api.w.org\/{rel}","templated":true}]}}