{"id":1778,"date":"2021-05-11T11:03:30","date_gmt":"2021-05-11T09:03:30","guid":{"rendered":"https:\/\/taxfix.com\/es-es\/?page_id=1778"},"modified":"2025-04-11T16:21:19","modified_gmt":"2025-04-11T14:21:19","slug":"tengo-que-hacer-la-declaracion-de-la-renta","status":"publish","type":"page","link":"https:\/\/taxfix.com\/es-es\/calculadoras\/tengo-que-hacer-la-declaracion-de-la-renta\/","title":{"rendered":"Calculadora \u00bfTengo que hacer la declaraci\u00f3n de la renta?"},"content":{"rendered":"<div data-react=\"tooltip-provider\"><\/div>\n\n    <div class=\"c-block-calculator\">\n\n    <div class=\"c-container\">\n\n        \n\n    <div data-react=\"annual-tax-calculator\" data-options='{\n        \"useCompact\": 0\n    }'>\n        <!-- Default calc code -->\n\n        <div class=\"sc-hkgtOd jFSKXI\"><div class=\"sc-gnoMC iAaXKW\"><form><div class=\"sc-hiCivh kUsAbY\"><div class=\"sc-cCcYRi jniMfi\">\u00bfFuiste aut\u00f3nomo o trabajador por cuenta ajena?<\/div><div class=\"sc-cidCJl\"><select name=\"activityType\" width=\"100%\" class=\"sc-ksdxAp fHzgyo\"><option value=\"Employee\">Trabajador por cuenta ajena<\/option><option value=\"SelfEmployed\">Aut\u00f3nomo<\/option><option value=\"Both\">Ambos<\/option><\/select><\/div><\/div><div class=\"sc-hiCivh kUsAbY\"><div class=\"sc-cCcYRi jniMfi\">Ingresos brutos<\/div><div class=\"sc-igXhDE lphYcI\"><div class=\"sc-cidCJl\"><div class=\"sc-efQUeY hqjMLs\"><div class=\"sc-fHeRAw kxucbR\"><input type=\"radio\" id=\"periodmonthly\" name=\"period\" class=\"sc-dtDOJZ iJVElv\" value=\"monthly\"><label for=\"periodmonthly\" class=\"sc-dkYRiW fLaPXE\">Mensuales<\/label><\/div><\/div><div class=\"sc-efQUeY hqjMLs\"><div class=\"sc-fHeRAw kxucbR\"><input type=\"radio\" id=\"periodyearly\" name=\"period\" class=\"sc-dtDOJZ iJVElv\" value=\"yearly\" checked=\"\"><label for=\"periodyearly\" class=\"sc-dkYRiW fLaPXE\">Anuales<\/label><\/div><\/div><\/div><\/div><div class=\"sc-igXhDE lphYcI\"><div class=\"sc-cidCJl\"><div class=\"sc-eJwXpk gUOUvo\"><div class=\"sc-nVjpj hSIEbm\">\u20ac<\/div><div class=\"sc-hiwReK iRHaqr\"><input name=\"annualEmployeeIncome\" step=\"0.01\" type=\"number\" class=\"sc-lbhJmS kSqQRV\" value=\"18000\"><\/div><\/div><\/div><\/div><\/div><div class=\"sc-hiCivh kUsAbY\"><div class=\"sc-cCcYRi jniMfi\">\u00bfTodos tus ingresos fueron de la misma empresa?<\/div><div class=\"sc-cCcYRi jniMfi\"><\/div><div class=\"sc-cidCJl\"><div class=\"sc-cTApHj gfVyZH\"><div class=\"sc-fHeRAw kxucbR\"><input type=\"radio\" id=\"hadOnePayertrue\" name=\"hadOnePayer\" class=\"sc-dtDOJZ iJVElv\" value=\"true\" checked=\"\"><label for=\"hadOnePayertrue\" class=\"sc-dkYRiW eRdxcO\">S\u00ed<\/label><\/div><\/div><div class=\"sc-cTApHj gfVyZH\"><div class=\"sc-fHeRAw kxucbR\"><input type=\"radio\" id=\"hadOnePayerfalse\" name=\"hadOnePayer\" class=\"sc-dtDOJZ iJVElv\" value=\"false\"><label for=\"hadOnePayerfalse\" class=\"sc-dkYRiW eRdxcO\">Fueron de varias empresas o de una empresa y SEPE o Seguridad Social<\/label><\/div><\/div><\/div><\/div><div class=\"sc-hiCivh kUsAbY\"><div class=\"sc-cCcYRi jniMfi\">\u00bfRecibiste el Ingreso M\u00ednimo Vital?<\/div><div class=\"sc-cidCJl\"><div class=\"sc-cTApHj gfVyZH\"><div class=\"sc-fHeRAw kxucbR\"><input type=\"radio\" id=\"didPerceiveMinimumVitalIncometrue\" name=\"didPerceiveMinimumVitalIncome\" class=\"sc-dtDOJZ iJVElv\" value=\"true\"><label for=\"didPerceiveMinimumVitalIncometrue\" class=\"sc-dkYRiW eRdxcO\">S\u00ed<\/label><\/div><\/div><div class=\"sc-cTApHj gfVyZH\"><div class=\"sc-fHeRAw kxucbR\"><input type=\"radio\" id=\"didPerceiveMinimumVitalIncomefalse\" name=\"didPerceiveMinimumVitalIncome\" class=\"sc-dtDOJZ iJVElv\" value=\"false\" checked=\"\"><label for=\"didPerceiveMinimumVitalIncomefalse\" class=\"sc-dkYRiW eRdxcO\">No<\/label><\/div><\/div><\/div><\/div><\/form><\/div><div class=\"sc-cjrQaZ dHxjVb\"><div class=\"sc-fydGIT hHPCKt\">No tienes que hacer la declaraci\u00f3n de la renta<\/div><div class=\"sc-fydGIT kVYRBu\">Aunque no es obligatorio, puedes hacer la declaraci\u00f3n si te corresponde una devoluci\u00f3n: por ejemplo, si tienes derecho a la deducci\u00f3n por maternidad, familia numerosa o si tienes personas con discapacidad a cargo.<\/div><\/div><\/div>\n    \n        <!-- END Default calc code -->\n    <\/div>\n\n\n    <\/div> <!-- .c-container -->\n<\/div> <!-- .c-block-calculator -->\n\n\n\n\n<div class=\"c-block-body m-white \">\n\n    <div class=\"c-container\">\n\n        <div class=\"c-block-body__content\">\n\n            \n            <div class=\"c-body\"><h2>\u00bfEn qu\u00e9 otros casos tengo que hacer la declaraci\u00f3n de la renta?<\/h2>\n<p>Si has cobrado m\u00e1s de 15.876 \u20ac brutos anuales, tendr\u00e1s que hacer la declaraci\u00f3n de la renta si:<\/p>\n<ul>\n<li>Has cobrado pensiones de tu c\u00f3nyuge (marido o mujer) o anualidades que no est\u00e1n exentas de impuestos. Es decir, que <a href=\"https:\/\/taxfix.com\/es-es\/diccionario\/tributar\/\">tributan<\/a>.<\/li>\n<li data-stringify-indent=\"0\" data-stringify-border=\"0\">Has tenido trabajos en los cuales tu pagador (el que te paga el sueldo, vaya) no ten\u00eda la obligaci\u00f3n de quitarte un pellizco de dinero de\u00a0tu n\u00f3mina para adelantarle a Hacienda tu IRPF<\/li>\n<li data-stringify-indent=\"0\" data-stringify-border=\"0\">Te han pagado por ser el administrador de una empresa o miembro de un consejo de administraci\u00f3n.<\/li>\n<li>Has ganado dinero con cursos, conferencias, obras literarias, obras art\u00edsticas o trabajos cient\u00edficos y has cedido los derechos para que alguien saque partido de ellos.<\/li>\n<li>Has recibido alguna ayuda p\u00fablica de m\u00e1s de 1.000 \u20ac.<\/li>\n<li>Has tenido ganancias de letras del tesoro.<\/li>\n<\/ul>\n<\/div>\n\n            \n        <\/div>\n    <\/div>\n<\/div> <!-- .c-block-body -->\n\n\n\n<div class=\"b-related-posts\">\n\n    <div class=\"b-block-header \">\n\n        <h2 class=\"b-block-header__title\">Quiz\u00e1 tambi\u00e9n te interese&#8230;<\/h2>\n    \n    \n<\/div>\n\n\n    <div class=\"c-container\">\n        \n        \n        <ul class=\"b-related-posts__list\">\n\n            \n            \n            <li class=\"b-related-posts__list-item m-without-image\">\n                <a href=\"https:\/\/taxfix.com\/es-es\/blog\/quien-tiene-que-hacer-la-declaracion-de-la-renta\/\" class=\"c-blog-post m-without-image\">\n\n    \n    <div class=\"c-blog-post__content\">\n\n        \n        <h3 class=\"c-blog-post__title\">\n             \u00bfQui\u00e9n tiene que hacer la declaraci\u00f3n de la renta?\n        <\/h3>\n    <\/div>\n<\/a>\n\n            <\/li>\n            \n                            \n            \n            \n            <li class=\"b-related-posts__list-item m-without-image\">\n                <a href=\"https:\/\/taxfix.com\/es-es\/renta\/parejas-sale-a-cuenta-hacer-la-declaracion-conjunta\/\" class=\"c-blog-post m-without-image\">\n\n    \n    <div class=\"c-blog-post__content\">\n\n        \n        <h3 class=\"c-blog-post__title\">\n             Parejas: \u00bfsale a cuenta hacer la declaraci\u00f3n conjunta?\n        <\/h3>\n    <\/div>\n<\/a>\n\n            <\/li>\n            \n                            \n            \n            \n            <li class=\"b-related-posts__list-item m-without-image\">\n                <a href=\"https:\/\/taxfix.com\/es-es\/blog\/cuanto-tarda-hacienda-en-pagar-la-devolucion-de-la-renta\/\" class=\"c-blog-post m-without-image\">\n\n    \n    <div class=\"c-blog-post__content\">\n\n        \n        <h3 class=\"c-blog-post__title\">\n             \u00bfCu\u00e1nto tarda Hacienda en pagar la devoluci\u00f3n de la renta?\n        <\/h3>\n    <\/div>\n<\/a>\n\n            <\/li>\n            \n                            \n            \n        <\/ul>\n\n        \n    <\/div>\n<\/div>\n\n","protected":false},"excerpt":{"rendered":"","protected":false},"author":2,"featured_media":0,"parent":8192,"menu_order":0,"comment_status":"closed","ping_status":"closed","template":"views\/template-calculators-single.blade.php","meta":{"_acf_changed":false,"footnotes":""},"class_list":["post-1778","page","type-page","status-publish","hentry"],"acf":[],"yoast_head":"<!-- This site is optimized with the Yoast SEO plugin v25.8 - https:\/\/yoast.com\/wordpress\/plugins\/seo\/ -->\n<title>Calculadora \u00bfTengo que hacer la declaraci\u00f3n de la renta? &#8211; Taxfix<\/title>\n<meta name=\"description\" content=\"\u00bfTengo que hacer la declaraci\u00f3n de la renta? Si no lo tienes claro, usa nuestra calculadora para averiguarlo. \u00a1Es f\u00e1cil, r\u00e1pido y gratis!\" \/>\n<meta name=\"robots\" content=\"index, follow, max-snippet:-1, max-image-preview:large, max-video-preview:-1\" \/>\n<link rel=\"canonical\" href=\"https:\/\/taxfix.com\/es-es\/calculadoras\/tengo-que-hacer-la-declaracion-de-la-renta\/\" \/>\n<meta property=\"og:locale\" content=\"es_ES\" \/>\n<meta property=\"og:type\" content=\"article\" \/>\n<meta property=\"og:title\" content=\"Calculadora \u00bfTengo que hacer la declaraci\u00f3n de la renta? &#8211; Taxfix\" \/>\n<meta property=\"og:description\" content=\"\u00bfTengo que hacer la declaraci\u00f3n de la renta? Si no lo tienes claro, usa nuestra calculadora para averiguarlo. \u00a1Es f\u00e1cil, r\u00e1pido y gratis!\" \/>\n<meta property=\"og:url\" content=\"https:\/\/taxfix.com\/es-es\/calculadoras\/tengo-que-hacer-la-declaracion-de-la-renta\/\" \/>\n<meta property=\"og:site_name\" content=\"Taxfix\" \/>\n<meta property=\"article:publisher\" content=\"https:\/\/www.facebook.com\/taxfix_es\/\" \/>\n<meta property=\"article:modified_time\" content=\"2025-04-11T14:21:19+00:00\" \/>\n<meta property=\"og:image\" content=\"https:\/\/taxfix.com\/es-es\/wp-content\/uploads\/eyJhc3NldF9pZCI6NTY3OH0_taxfix-gmbh_UwIjumOzeyPqNyDgJ1bVY_OROVADgg2mBtzSX1XQ7A0.jpg\" \/>\n\t<meta property=\"og:image:width\" content=\"1200\" \/>\n\t<meta property=\"og:image:height\" content=\"628\" \/>\n\t<meta property=\"og:image:type\" content=\"image\/jpeg\" \/>\n<meta name=\"twitter:card\" content=\"summary_large_image\" \/>\n<script type=\"application\/ld+json\" class=\"yoast-schema-graph\">{\"@context\":\"https:\/\/schema.org\",\"@graph\":[{\"@type\":\"WebPage\",\"@id\":\"https:\/\/taxfix.com\/es-es\/calculadoras\/tengo-que-hacer-la-declaracion-de-la-renta\/\",\"url\":\"https:\/\/taxfix.com\/es-es\/calculadoras\/tengo-que-hacer-la-declaracion-de-la-renta\/\",\"name\":\"Calculadora \u00bfTengo que hacer la declaraci\u00f3n de la renta? &#8211; Taxfix\",\"isPartOf\":{\"@id\":\"https:\/\/taxfix.com\/es-es\/#website\"},\"datePublished\":\"2021-05-11T09:03:30+00:00\",\"dateModified\":\"2025-04-11T14:21:19+00:00\",\"description\":\"\u00bfTengo que hacer la declaraci\u00f3n de la renta? Si no lo tienes claro, usa nuestra calculadora para averiguarlo. \u00a1Es f\u00e1cil, r\u00e1pido y gratis!\",\"breadcrumb\":{\"@id\":\"https:\/\/taxfix.com\/es-es\/calculadoras\/tengo-que-hacer-la-declaracion-de-la-renta\/#breadcrumb\"},\"inLanguage\":\"es\",\"potentialAction\":[{\"@type\":\"ReadAction\",\"target\":[\"https:\/\/taxfix.com\/es-es\/calculadoras\/tengo-que-hacer-la-declaracion-de-la-renta\/\"]}]},{\"@type\":\"BreadcrumbList\",\"@id\":\"https:\/\/taxfix.com\/es-es\/calculadoras\/tengo-que-hacer-la-declaracion-de-la-renta\/#breadcrumb\",\"itemListElement\":[{\"@type\":\"ListItem\",\"position\":1,\"name\":\"Taxfix\",\"item\":\"https:\/\/taxfix.com\/es-es\/\"},{\"@type\":\"ListItem\",\"position\":2,\"name\":\"Calculadoras\",\"item\":\"https:\/\/taxfix.com\/es-es\/calculadoras\/\"},{\"@type\":\"ListItem\",\"position\":3,\"name\":\"Calculadora \u00bfTengo que hacer la declaraci\u00f3n de la renta?\"}]},{\"@type\":\"WebSite\",\"@id\":\"https:\/\/taxfix.com\/es-es\/#website\",\"url\":\"https:\/\/taxfix.com\/es-es\/\",\"name\":\"Taxfix\",\"description\":\"La mejor forma de presentar tus impuestos\",\"publisher\":{\"@id\":\"https:\/\/taxfix.com\/es-es\/#organization\"},\"potentialAction\":[{\"@type\":\"SearchAction\",\"target\":{\"@type\":\"EntryPoint\",\"urlTemplate\":\"https:\/\/taxfix.com\/es-es\/?s={search_term_string}\"},\"query-input\":{\"@type\":\"PropertyValueSpecification\",\"valueRequired\":true,\"valueName\":\"search_term_string\"}}],\"inLanguage\":\"es\"},{\"@type\":\"Organization\",\"@id\":\"https:\/\/taxfix.com\/es-es\/#organization\",\"name\":\"Taxfix\",\"url\":\"https:\/\/taxfix.com\/es-es\/\",\"logo\":{\"@type\":\"ImageObject\",\"inLanguage\":\"es\",\"@id\":\"https:\/\/taxfix.com\/es-es\/#\/schema\/logo\/image\/\",\"url\":\"https:\/\/taxfix.com\/es-es\/wp-content\/uploads\/1692.png\",\"contentUrl\":\"https:\/\/taxfix.com\/es-es\/wp-content\/uploads\/1692.png\",\"width\":192,\"height\":40,\"caption\":\"Taxfix\"},\"image\":{\"@id\":\"https:\/\/taxfix.com\/es-es\/#\/schema\/logo\/image\/\"},\"sameAs\":[\"https:\/\/www.facebook.com\/taxfix_es\/\",\"https:\/\/www.linkedin.com\/company\/taxfix\/\"]}]}<\/script>\n<!-- \/ Yoast SEO plugin. -->","yoast_head_json":{"title":"Calculadora \u00bfTengo que hacer la declaraci\u00f3n de la renta? &#8211; Taxfix","description":"\u00bfTengo que hacer la declaraci\u00f3n de la renta? Si no lo tienes claro, usa nuestra calculadora para averiguarlo. \u00a1Es f\u00e1cil, r\u00e1pido y gratis!","robots":{"index":"index","follow":"follow","max-snippet":"max-snippet:-1","max-image-preview":"max-image-preview:large","max-video-preview":"max-video-preview:-1"},"canonical":"https:\/\/taxfix.com\/es-es\/calculadoras\/tengo-que-hacer-la-declaracion-de-la-renta\/","og_locale":"es_ES","og_type":"article","og_title":"Calculadora \u00bfTengo que hacer la declaraci\u00f3n de la renta? &#8211; Taxfix","og_description":"\u00bfTengo que hacer la declaraci\u00f3n de la renta? Si no lo tienes claro, usa nuestra calculadora para averiguarlo. \u00a1Es f\u00e1cil, r\u00e1pido y gratis!","og_url":"https:\/\/taxfix.com\/es-es\/calculadoras\/tengo-que-hacer-la-declaracion-de-la-renta\/","og_site_name":"Taxfix","article_publisher":"https:\/\/www.facebook.com\/taxfix_es\/","article_modified_time":"2025-04-11T14:21:19+00:00","og_image":[{"width":1200,"height":628,"url":"https:\/\/taxfix.com\/es-es\/wp-content\/uploads\/eyJhc3NldF9pZCI6NTY3OH0_taxfix-gmbh_UwIjumOzeyPqNyDgJ1bVY_OROVADgg2mBtzSX1XQ7A0.jpg","type":"image\/jpeg"}],"twitter_card":"summary_large_image","schema":{"@context":"https:\/\/schema.org","@graph":[{"@type":"WebPage","@id":"https:\/\/taxfix.com\/es-es\/calculadoras\/tengo-que-hacer-la-declaracion-de-la-renta\/","url":"https:\/\/taxfix.com\/es-es\/calculadoras\/tengo-que-hacer-la-declaracion-de-la-renta\/","name":"Calculadora \u00bfTengo que hacer la declaraci\u00f3n de la renta? &#8211; Taxfix","isPartOf":{"@id":"https:\/\/taxfix.com\/es-es\/#website"},"datePublished":"2021-05-11T09:03:30+00:00","dateModified":"2025-04-11T14:21:19+00:00","description":"\u00bfTengo que hacer la declaraci\u00f3n de la renta? Si no lo tienes claro, usa nuestra calculadora para averiguarlo. \u00a1Es f\u00e1cil, r\u00e1pido y gratis!","breadcrumb":{"@id":"https:\/\/taxfix.com\/es-es\/calculadoras\/tengo-que-hacer-la-declaracion-de-la-renta\/#breadcrumb"},"inLanguage":"es","potentialAction":[{"@type":"ReadAction","target":["https:\/\/taxfix.com\/es-es\/calculadoras\/tengo-que-hacer-la-declaracion-de-la-renta\/"]}]},{"@type":"BreadcrumbList","@id":"https:\/\/taxfix.com\/es-es\/calculadoras\/tengo-que-hacer-la-declaracion-de-la-renta\/#breadcrumb","itemListElement":[{"@type":"ListItem","position":1,"name":"Taxfix","item":"https:\/\/taxfix.com\/es-es\/"},{"@type":"ListItem","position":2,"name":"Calculadoras","item":"https:\/\/taxfix.com\/es-es\/calculadoras\/"},{"@type":"ListItem","position":3,"name":"Calculadora \u00bfTengo que hacer la declaraci\u00f3n de la renta?"}]},{"@type":"WebSite","@id":"https:\/\/taxfix.com\/es-es\/#website","url":"https:\/\/taxfix.com\/es-es\/","name":"Taxfix","description":"La mejor forma de presentar tus impuestos","publisher":{"@id":"https:\/\/taxfix.com\/es-es\/#organization"},"potentialAction":[{"@type":"SearchAction","target":{"@type":"EntryPoint","urlTemplate":"https:\/\/taxfix.com\/es-es\/?s={search_term_string}"},"query-input":{"@type":"PropertyValueSpecification","valueRequired":true,"valueName":"search_term_string"}}],"inLanguage":"es"},{"@type":"Organization","@id":"https:\/\/taxfix.com\/es-es\/#organization","name":"Taxfix","url":"https:\/\/taxfix.com\/es-es\/","logo":{"@type":"ImageObject","inLanguage":"es","@id":"https:\/\/taxfix.com\/es-es\/#\/schema\/logo\/image\/","url":"https:\/\/taxfix.com\/es-es\/wp-content\/uploads\/1692.png","contentUrl":"https:\/\/taxfix.com\/es-es\/wp-content\/uploads\/1692.png","width":192,"height":40,"caption":"Taxfix"},"image":{"@id":"https:\/\/taxfix.com\/es-es\/#\/schema\/logo\/image\/"},"sameAs":["https:\/\/www.facebook.com\/taxfix_es\/","https:\/\/www.linkedin.com\/company\/taxfix\/"]}]}},"_links":{"self":[{"href":"https:\/\/taxfix.com\/es-es\/wp-json\/wp\/v2\/pages\/1778","targetHints":{"allow":["GET"]}}],"collection":[{"href":"https:\/\/taxfix.com\/es-es\/wp-json\/wp\/v2\/pages"}],"about":[{"href":"https:\/\/taxfix.com\/es-es\/wp-json\/wp\/v2\/types\/page"}],"author":[{"embeddable":true,"href":"https:\/\/taxfix.com\/es-es\/wp-json\/wp\/v2\/users\/2"}],"replies":[{"embeddable":true,"href":"https:\/\/taxfix.com\/es-es\/wp-json\/wp\/v2\/comments?post=1778"}],"version-history":[{"count":18,"href":"https:\/\/taxfix.com\/es-es\/wp-json\/wp\/v2\/pages\/1778\/revisions"}],"predecessor-version":[{"id":23722,"href":"https:\/\/taxfix.com\/es-es\/wp-json\/wp\/v2\/pages\/1778\/revisions\/23722"}],"up":[{"embeddable":true,"href":"https:\/\/taxfix.com\/es-es\/wp-json\/wp\/v2\/pages\/8192"}],"wp:attachment":[{"href":"https:\/\/taxfix.com\/es-es\/wp-json\/wp\/v2\/media?parent=1778"}],"curies":[{"name":"wp","href":"https:\/\/api.w.org\/{rel}","templated":true}]}}