{"id":235,"date":"2020-06-09T12:18:18","date_gmt":"2020-06-09T10:18:18","guid":{"rendered":"https:\/\/taxfix.com\/es-es\/?page_id=235"},"modified":"2024-03-14T15:34:19","modified_gmt":"2024-03-14T14:34:19","slug":"unete-al-equipo","status":"publish","type":"page","link":"https:\/\/taxfix.com\/es-es\/unete-al-equipo\/","title":{"rendered":"\u00danete al equipo"},"content":{"rendered":"<div class=\"c-block-body m-mint  m-narrow\">\n\n    <div class=\"c-container\">\n\n        <div class=\"c-block-body__content\">\n\n            \n            <div class=\"c-body\"><h1>\u00danete al equipo<\/h1>\n<p>Si de verdad te interesa intentar solucionar problemas reales y comunes de forma creativa y eficiente, en Taxfix ser\u00e1s un empleado feliz y tendr\u00e1s siempre alg\u00fan reto por conquistar. En serio, palabra de alguien que trabaja para Taxfix y as\u00ed lo vive.<\/p>\n<p>\u00bfPor qu\u00e9? Porque somos una gestor\u00eda virtual y trabajamos para simplificar el mundo de los impuestos en Espa\u00f1a. No es tarea f\u00e1cil, pero alguien ten\u00eda que hacerlo, \u00bfno?<\/p>\n<h2><strong>El marr\u00f3n de los impuestos de aut\u00f3nomos y particulares<\/strong><\/h2>\n<p>Cada a\u00f1o, 200 millones de europeos atraviesan un verdadero infierno para presentar sus impuestos. Nuestros clientes dicen cosas como que los procesos son innecesariamente complicados, y realmente \u00bfqui\u00e9n les va a decir que no es cierto?<\/p>\n<p>Presentar la declaraci\u00f3n de la renta o hacer declaraciones de impuestos de aut\u00f3nomos puede ser muy farragoso, engorroso, lioso y un mont\u00f3n de adjetivos calificativos m\u00e1s.<br \/>\nLos fundadores deTaxfix(Tram, Dan y Kaupo -muy majos y muy listos, en serio-) lo sab\u00edan y por eso decidieron ponerse manos a la obra y juntar a un equipo de personas que tambi\u00e9n quisieran solucionar ese problema. Con sus conocimientos sobre <em>fintech<\/em> -porque hab\u00edan trabajado en startups muy <em>top<\/em> como Wise (antes TransferWise), Skype o MarketInvoice-, crearon una plataforma para ayudar a aut\u00f3nomos y particulares a presentar sus declaraciones de impuestos.<\/p>\n<\/div>\n\n            \n        <\/div>\n    <\/div>\n<\/div> <!-- .c-block-body -->\n\n\n\n<div class=\"b-image m-mint m-top m-headerless\">\n\n    \n    <div class=\"b-image__wrapper\">\n\n        <div class=\"c-container\">\n\n            <div class=\"b-image__content\">\n\n                <img decoding=\"async\" loading=\"lazy\" src=\"https:\/\/taxfix.com\/es-es\/wp-content\/uploads\/TP-1-1440x853.png\" width=\"1440\" height=\"853\" alt=\"\" srcset=\"https:\/\/taxfix.com\/es-es\/wp-content\/uploads\/TP-1-300x178.png 300w, https:\/\/taxfix.com\/es-es\/wp-content\/uploads\/TP-1-1024x607.png 1024w, https:\/\/taxfix.com\/es-es\/wp-content\/uploads\/TP-1-768x455.png 768w, https:\/\/taxfix.com\/es-es\/wp-content\/uploads\/TP-1-1536x910.png 1536w, https:\/\/taxfix.com\/es-es\/wp-content\/uploads\/TP-1-2048x1214.png 2048w, https:\/\/taxfix.com\/es-es\/wp-content\/uploads\/TP-1-1440x853.png 1440w\" class=\"b-image__media\" sizes=\"auto, (min-width: 1240px) 1152px, (min-width: 1000px) 960px, calc(100vw - 48px)\"\/>            \n            <\/div>\n        <\/div>\n    <\/div>\n<\/div> <!-- .b-image -->\n\n\n\n<div class=\"b-columns m-white m-columns-3 m-align-center \">\n\n    <div class=\"b-block-header \">\n\n        <h2 class=\"b-block-header__title\">\u00bfY qu\u00e9 onda, trabajar en Taxfix?<\/h2>\n    \n    \n<\/div>\n\n\n    <div class=\"c-container m-mobile-wide\">\n\n        <div class=\"b-columns__container\">\n\n            \n            \n            <div class=\"b-columns__item m-white m-image-size-large \">\n                <div class=\"b-columns__item-inner\">\n                    \n                                        \n                                        <h3 class=\"b-columns__item-title\">Buenas condiciones<\/h3>\n                                            \n                                        <div class=\"b-columns__item-content\">\n                        <div class=\"b-block-body\">\n                            <p>No lo decimos para convencerte. Creemos que es s\u00faper esencial que cualquier miembro del equipo se sienta c\u00f3modo y realizado en su lugar de trabajo, por eso ofrecemos un sueldo justo, la posibilidad de teletrabajar y opciones de crecimiento dentro de la empresa.<\/p>\n\n                        <\/div>\n                    <\/div>\n                                            \n                <\/div>\n            <\/div>\n\n            \n            \n            <div class=\"b-columns__item m-white m-image-size-large \">\n                <div class=\"b-columns__item-inner\">\n                    \n                                        \n                                        <h3 class=\"b-columns__item-title\">Buen rollo<\/h3>\n                                            \n                                        <div class=\"b-columns__item-content\">\n                        <div class=\"b-block-body\">\n                            <p>Los miembros del equipo trabajamos codo con codo y siempre estamos dispuestos a ayudarnos. Sea el proyecto que sea, todos remamos en la misma direcci\u00f3n y luego, si se tercia, salimos a tomar algo para celebrar que todo ha salido como esper\u00e1bamos.<\/p>\n\n                        <\/div>\n                    <\/div>\n                                            \n                <\/div>\n            <\/div>\n\n            \n            \n            <div class=\"b-columns__item m-white m-image-size-large \">\n                <div class=\"b-columns__item-inner\">\n                    \n                                        \n                                        <h3 class=\"b-columns__item-title\">Buena comunicaci\u00f3n<\/h3>\n                                            \n                                        <div class=\"b-columns__item-content\">\n                        <div class=\"b-block-body\">\n                            <p>Esto es important\u00ed\u00ed\u00edsimo para que todo el mundo se sienta valorado y est\u00e9 informado de lo que pasa en la empresa. Todo lo relevante, se comunica abiertamente y t\u00fa, como trabajador, siempre tendr\u00e1s el espacio para poder expresar lo que quieras sin miedos.<\/p>\n\n                        <\/div>\n                    <\/div>\n                                            \n                <\/div>\n            <\/div>\n\n            \n        <\/div>\n    <\/div>\n<\/div> <!-- .b-columns -->\n\n\n\n<div class=\"c-block-body m-white  m-narrow\">\n\n    <div class=\"c-container\">\n\n        <div class=\"c-block-body__content\">\n\n            \n            <div class=\"c-body\"><h2>Haz algo que te gusta y que, adem\u00e1s, es \u00fatil<\/h2>\n<p>El mundo de los impuestos en Espa\u00f1a necesita gente inteligente y apasionada (\u00a1y trabajadora, porque hay un mont\u00f3n de cosas a mejorar!). Si est\u00e1s buscando trabajo y crees que puedes contribuir a mejorar Taxfix con tus conocimientos, experiencia y personalidad (s\u00faper importante para estar a gusto en el equipo), echa un ojo a las vacantes que tenemos ahora mismo.<\/p>\n<p>Si no hay nada que te encaje pero crees que nos podr\u00eda interesar tu perfil, cont\u00e1ctanos igualmente \ud83d\ude0a\u00a0\u00a1Nos encantar\u00e1 saber de ti!<\/p>\n<h3>Ofertas de trabajo<\/h3>\n<div id=\"ashby_embed\"><\/div>\n<script src=\"https:\/\/jobs.ashbyhq.com\/taxscouts.com\/embed\"><\/script>\n<\/div>\n\n            \n        <\/div>\n    <\/div>\n<\/div> <!-- .c-block-body -->\n\n","protected":false},"excerpt":{"rendered":"","protected":false},"author":1,"featured_media":398,"parent":0,"menu_order":0,"comment_status":"closed","ping_status":"closed","template":"views\/template-modular.blade.php","meta":{"_acf_changed":false,"footnotes":""},"class_list":["post-235","page","type-page","status-publish","has-post-thumbnail","hentry"],"acf":[],"yoast_head":"<!-- This site is optimized with the Yoast SEO plugin v25.8 - https:\/\/yoast.com\/wordpress\/plugins\/seo\/ -->\n<title>\u00danete al equipo &#8211; Gestor\u00eda online &#8211; Taxfix<\/title>\n<meta name=\"description\" content=\"\u00bfQuieres ayudarnos a simplificar y mejorar el tema de los impuestos de aut\u00f3nomos y particulares en Espa\u00f1a? \u00a1\u00danete al equipo!\" \/>\n<meta name=\"robots\" content=\"index, follow, max-snippet:-1, max-image-preview:large, max-video-preview:-1\" \/>\n<link rel=\"canonical\" href=\"https:\/\/taxfix.com\/es-es\/unete-al-equipo\/\" \/>\n<meta property=\"og:locale\" content=\"es_ES\" \/>\n<meta property=\"og:type\" content=\"article\" \/>\n<meta property=\"og:title\" content=\"\u00danete al equipo &#8211; Gestor\u00eda online &#8211; Taxfix\" \/>\n<meta property=\"og:description\" content=\"\u00bfQuieres ayudarnos a simplificar y mejorar el tema de los impuestos de aut\u00f3nomos y particulares en Espa\u00f1a? \u00a1\u00danete al equipo!\" \/>\n<meta property=\"og:url\" content=\"https:\/\/taxfix.com\/es-es\/unete-al-equipo\/\" \/>\n<meta property=\"og:site_name\" content=\"Taxfix\" \/>\n<meta property=\"article:publisher\" content=\"https:\/\/www.facebook.com\/taxfix_es\/\" \/>\n<meta property=\"article:modified_time\" content=\"2024-03-14T14:34:19+00:00\" \/>\n<meta property=\"og:image\" content=\"https:\/\/taxfix.com\/es-es\/wp-content\/uploads\/Careers-OG-Hiring.png\" \/>\n\t<meta property=\"og:image:width\" content=\"1200\" \/>\n\t<meta property=\"og:image:height\" content=\"600\" \/>\n\t<meta property=\"og:image:type\" content=\"image\/png\" \/>\n<meta name=\"twitter:card\" content=\"summary_large_image\" \/>\n<script type=\"application\/ld+json\" class=\"yoast-schema-graph\">{\"@context\":\"https:\/\/schema.org\",\"@graph\":[{\"@type\":\"WebPage\",\"@id\":\"https:\/\/taxfix.com\/es-es\/unete-al-equipo\/\",\"url\":\"https:\/\/taxfix.com\/es-es\/unete-al-equipo\/\",\"name\":\"\u00danete al equipo &#8211; Gestor\u00eda online &#8211; Taxfix\",\"isPartOf\":{\"@id\":\"https:\/\/taxfix.com\/es-es\/#website\"},\"primaryImageOfPage\":{\"@id\":\"https:\/\/taxfix.com\/es-es\/unete-al-equipo\/#primaryimage\"},\"image\":{\"@id\":\"https:\/\/taxfix.com\/es-es\/unete-al-equipo\/#primaryimage\"},\"thumbnailUrl\":\"https:\/\/taxfix.com\/es-es\/wp-content\/uploads\/Careers-OG-Hiring.png\",\"datePublished\":\"2020-06-09T10:18:18+00:00\",\"dateModified\":\"2024-03-14T14:34:19+00:00\",\"description\":\"\u00bfQuieres ayudarnos a simplificar y mejorar el tema de los impuestos de aut\u00f3nomos y particulares en Espa\u00f1a? \u00a1\u00danete al equipo!\",\"breadcrumb\":{\"@id\":\"https:\/\/taxfix.com\/es-es\/unete-al-equipo\/#breadcrumb\"},\"inLanguage\":\"es\",\"potentialAction\":[{\"@type\":\"ReadAction\",\"target\":[\"https:\/\/taxfix.com\/es-es\/unete-al-equipo\/\"]}]},{\"@type\":\"ImageObject\",\"inLanguage\":\"es\",\"@id\":\"https:\/\/taxfix.com\/es-es\/unete-al-equipo\/#primaryimage\",\"url\":\"https:\/\/taxfix.com\/es-es\/wp-content\/uploads\/Careers-OG-Hiring.png\",\"contentUrl\":\"https:\/\/taxfix.com\/es-es\/wp-content\/uploads\/Careers-OG-Hiring.png\",\"width\":1200,\"height\":600},{\"@type\":\"BreadcrumbList\",\"@id\":\"https:\/\/taxfix.com\/es-es\/unete-al-equipo\/#breadcrumb\",\"itemListElement\":[{\"@type\":\"ListItem\",\"position\":1,\"name\":\"Taxfix\",\"item\":\"https:\/\/taxfix.com\/es-es\/\"},{\"@type\":\"ListItem\",\"position\":2,\"name\":\"\u00danete al equipo\"}]},{\"@type\":\"WebSite\",\"@id\":\"https:\/\/taxfix.com\/es-es\/#website\",\"url\":\"https:\/\/taxfix.com\/es-es\/\",\"name\":\"Taxfix\",\"description\":\"La mejor forma de presentar tus impuestos\",\"publisher\":{\"@id\":\"https:\/\/taxfix.com\/es-es\/#organization\"},\"potentialAction\":[{\"@type\":\"SearchAction\",\"target\":{\"@type\":\"EntryPoint\",\"urlTemplate\":\"https:\/\/taxfix.com\/es-es\/?s={search_term_string}\"},\"query-input\":{\"@type\":\"PropertyValueSpecification\",\"valueRequired\":true,\"valueName\":\"search_term_string\"}}],\"inLanguage\":\"es\"},{\"@type\":\"Organization\",\"@id\":\"https:\/\/taxfix.com\/es-es\/#organization\",\"name\":\"Taxfix\",\"url\":\"https:\/\/taxfix.com\/es-es\/\",\"logo\":{\"@type\":\"ImageObject\",\"inLanguage\":\"es\",\"@id\":\"https:\/\/taxfix.com\/es-es\/#\/schema\/logo\/image\/\",\"url\":\"https:\/\/taxfix.com\/es-es\/wp-content\/uploads\/1692.png\",\"contentUrl\":\"https:\/\/taxfix.com\/es-es\/wp-content\/uploads\/1692.png\",\"width\":192,\"height\":40,\"caption\":\"Taxfix\"},\"image\":{\"@id\":\"https:\/\/taxfix.com\/es-es\/#\/schema\/logo\/image\/\"},\"sameAs\":[\"https:\/\/www.facebook.com\/taxfix_es\/\",\"https:\/\/www.linkedin.com\/company\/taxfix\/\"]}]}<\/script>\n<!-- \/ Yoast SEO plugin. -->","yoast_head_json":{"title":"\u00danete al equipo &#8211; Gestor\u00eda online &#8211; Taxfix","description":"\u00bfQuieres ayudarnos a simplificar y mejorar el tema de los impuestos de aut\u00f3nomos y particulares en Espa\u00f1a? \u00a1\u00danete al equipo!","robots":{"index":"index","follow":"follow","max-snippet":"max-snippet:-1","max-image-preview":"max-image-preview:large","max-video-preview":"max-video-preview:-1"},"canonical":"https:\/\/taxfix.com\/es-es\/unete-al-equipo\/","og_locale":"es_ES","og_type":"article","og_title":"\u00danete al equipo &#8211; Gestor\u00eda online &#8211; Taxfix","og_description":"\u00bfQuieres ayudarnos a simplificar y mejorar el tema de los impuestos de aut\u00f3nomos y particulares en Espa\u00f1a? \u00a1\u00danete al equipo!","og_url":"https:\/\/taxfix.com\/es-es\/unete-al-equipo\/","og_site_name":"Taxfix","article_publisher":"https:\/\/www.facebook.com\/taxfix_es\/","article_modified_time":"2024-03-14T14:34:19+00:00","og_image":[{"width":1200,"height":600,"url":"https:\/\/taxfix.com\/es-es\/wp-content\/uploads\/Careers-OG-Hiring.png","type":"image\/png"}],"twitter_card":"summary_large_image","schema":{"@context":"https:\/\/schema.org","@graph":[{"@type":"WebPage","@id":"https:\/\/taxfix.com\/es-es\/unete-al-equipo\/","url":"https:\/\/taxfix.com\/es-es\/unete-al-equipo\/","name":"\u00danete al equipo &#8211; Gestor\u00eda online &#8211; Taxfix","isPartOf":{"@id":"https:\/\/taxfix.com\/es-es\/#website"},"primaryImageOfPage":{"@id":"https:\/\/taxfix.com\/es-es\/unete-al-equipo\/#primaryimage"},"image":{"@id":"https:\/\/taxfix.com\/es-es\/unete-al-equipo\/#primaryimage"},"thumbnailUrl":"https:\/\/taxfix.com\/es-es\/wp-content\/uploads\/Careers-OG-Hiring.png","datePublished":"2020-06-09T10:18:18+00:00","dateModified":"2024-03-14T14:34:19+00:00","description":"\u00bfQuieres ayudarnos a simplificar y mejorar el tema de los impuestos de aut\u00f3nomos y particulares en Espa\u00f1a? \u00a1\u00danete al equipo!","breadcrumb":{"@id":"https:\/\/taxfix.com\/es-es\/unete-al-equipo\/#breadcrumb"},"inLanguage":"es","potentialAction":[{"@type":"ReadAction","target":["https:\/\/taxfix.com\/es-es\/unete-al-equipo\/"]}]},{"@type":"ImageObject","inLanguage":"es","@id":"https:\/\/taxfix.com\/es-es\/unete-al-equipo\/#primaryimage","url":"https:\/\/taxfix.com\/es-es\/wp-content\/uploads\/Careers-OG-Hiring.png","contentUrl":"https:\/\/taxfix.com\/es-es\/wp-content\/uploads\/Careers-OG-Hiring.png","width":1200,"height":600},{"@type":"BreadcrumbList","@id":"https:\/\/taxfix.com\/es-es\/unete-al-equipo\/#breadcrumb","itemListElement":[{"@type":"ListItem","position":1,"name":"Taxfix","item":"https:\/\/taxfix.com\/es-es\/"},{"@type":"ListItem","position":2,"name":"\u00danete al equipo"}]},{"@type":"WebSite","@id":"https:\/\/taxfix.com\/es-es\/#website","url":"https:\/\/taxfix.com\/es-es\/","name":"Taxfix","description":"La mejor forma de presentar tus impuestos","publisher":{"@id":"https:\/\/taxfix.com\/es-es\/#organization"},"potentialAction":[{"@type":"SearchAction","target":{"@type":"EntryPoint","urlTemplate":"https:\/\/taxfix.com\/es-es\/?s={search_term_string}"},"query-input":{"@type":"PropertyValueSpecification","valueRequired":true,"valueName":"search_term_string"}}],"inLanguage":"es"},{"@type":"Organization","@id":"https:\/\/taxfix.com\/es-es\/#organization","name":"Taxfix","url":"https:\/\/taxfix.com\/es-es\/","logo":{"@type":"ImageObject","inLanguage":"es","@id":"https:\/\/taxfix.com\/es-es\/#\/schema\/logo\/image\/","url":"https:\/\/taxfix.com\/es-es\/wp-content\/uploads\/1692.png","contentUrl":"https:\/\/taxfix.com\/es-es\/wp-content\/uploads\/1692.png","width":192,"height":40,"caption":"Taxfix"},"image":{"@id":"https:\/\/taxfix.com\/es-es\/#\/schema\/logo\/image\/"},"sameAs":["https:\/\/www.facebook.com\/taxfix_es\/","https:\/\/www.linkedin.com\/company\/taxfix\/"]}]}},"_links":{"self":[{"href":"https:\/\/taxfix.com\/es-es\/wp-json\/wp\/v2\/pages\/235","targetHints":{"allow":["GET"]}}],"collection":[{"href":"https:\/\/taxfix.com\/es-es\/wp-json\/wp\/v2\/pages"}],"about":[{"href":"https:\/\/taxfix.com\/es-es\/wp-json\/wp\/v2\/types\/page"}],"author":[{"embeddable":true,"href":"https:\/\/taxfix.com\/es-es\/wp-json\/wp\/v2\/users\/1"}],"replies":[{"embeddable":true,"href":"https:\/\/taxfix.com\/es-es\/wp-json\/wp\/v2\/comments?post=235"}],"version-history":[{"count":96,"href":"https:\/\/taxfix.com\/es-es\/wp-json\/wp\/v2\/pages\/235\/revisions"}],"predecessor-version":[{"id":18608,"href":"https:\/\/taxfix.com\/es-es\/wp-json\/wp\/v2\/pages\/235\/revisions\/18608"}],"wp:featuredmedia":[{"embeddable":true,"href":"https:\/\/taxfix.com\/es-es\/wp-json\/wp\/v2\/media\/398"}],"wp:attachment":[{"href":"https:\/\/taxfix.com\/es-es\/wp-json\/wp\/v2\/media?parent=235"}],"curies":[{"name":"wp","href":"https:\/\/api.w.org\/{rel}","templated":true}]}}