{"id":237,"date":"2020-06-09T12:18:27","date_gmt":"2020-06-09T10:18:27","guid":{"rendered":"https:\/\/taxfix.com\/es-es\/?page_id=237"},"modified":"2026-04-08T08:28:37","modified_gmt":"2026-04-08T06:28:37","slug":"sobre-nosotros","status":"publish","type":"page","link":"https:\/\/taxfix.com\/es-es\/sobre-nosotros\/","title":{"rendered":"Sobre nosotros"},"content":{"rendered":"<div class=\"b-hero-v2 m-red \">\n\n    <div class=\"c-container\">\n\n        <div class=\"b-hero-v2__inner\">\n\n            <div class=\"b-hero-v2__content\">\n\n                \n                <h1 class=\"b-hero-v2__title\">Impulsamos tus finanzas empezando por tus impuestos<\/h1>\n\n                \n                \n                <div class=\"b-hero-v2__body\"><p><span style=\"font-weight: 400;\">En todo el mundo, las personas se pelean con sistemas fiscales complejos y alienantes. Nosotros existimos para cambiar esto. Hacemos que declarar tus impuestos sea f\u00e1cil y empoderador.<\/span><\/p>\n<\/div>\n\n                \n                \n                \n            <\/div>\n\n            \n                \n                <div class=\"b-hero-v2__media m-both m-default\">\n                    <img fetchpriority=\"high\" decoding=\"async\" loading=\"eager\" src=\"https:\/\/taxfix.com\/es-es\/wp-content\/uploads\/iPhone_Mockup_2-2.png\" width=\"1440\" height=\"1494\" alt=\"\" srcset=\"https:\/\/taxfix.com\/es-es\/wp-content\/uploads\/iPhone_Mockup_2-2-289x300.png 289w, https:\/\/taxfix.com\/es-es\/wp-content\/uploads\/iPhone_Mockup_2-2-987x1024.png 987w, https:\/\/taxfix.com\/es-es\/wp-content\/uploads\/iPhone_Mockup_2-2-768x797.png 768w, https:\/\/taxfix.com\/es-es\/wp-content\/uploads\/iPhone_Mockup_2-2-1480x1536.png 1480w, https:\/\/taxfix.com\/es-es\/wp-content\/uploads\/iPhone_Mockup_2-2.png 1646w\" class=\"b-hero-v2__media-image\" sizes=\"(min-width: 1240px) 518px, (min-width: 1000px) 432px, calc(100vw - 48px)\"\/>\n                <\/div>\n\n                            \n        <\/div>\n    <\/div>\n<\/div> <!-- .b-hero-v2 -->\n\n\n\n<div class=\"c-block-body m-white  m-narrow\">\n\n    <div class=\"c-container\">\n\n        <div class=\"c-block-body__content\">\n\n            \n            <div class=\"c-body\"><h3><b>Taxfix: la soluci\u00f3n inteligente para el problema de siempre<\/b><\/h3>\n<p><span style=\"font-weight: 400;\">Aut\u00f3nomos, empresas, particulares\u2026 todos nos peleamos con las declaraciones de impuestos. De hecho, el 77% por ciento de los contribuyentes emplean m\u00e1s de un d\u00eda en gestionar sus declaraciones de impuestos (*Public Trust in Tax: Surveying Public Trust in G20 Tax Systems, Nase Survey). Esto no tiene que ser as\u00ed. Trabajamos para transformar una de las tareas m\u00e1s complejas y estresantes que hay en una experiencia simple, segura y personalizada.<\/span><\/p>\n<p><span style=\"font-weight: 400;\">Hasta la fecha, hemos ayudado a m\u00e1s de 8 millones de contribuyentes en toda Europa. El impacto de lo que hacemos va m\u00e1s all\u00e1 de lo obvio: le devolvemos a la gente tiempo, les ayudamos a reducir la ansiedad fiscal y hacemos que ganen confianza financiera. En resumen, hacemos que declarar impuestos deje de ser una carga y pase a ser un logro.<\/span><\/p>\n<\/div>\n\n            \n        <\/div>\n    <\/div>\n<\/div> <!-- .c-block-body -->\n\n\n\n<div class=\"b-columns m-white m-columns-3 m-align-center \">\n\n    \n    <div class=\"c-container m-mobile-wide\">\n\n        <div class=\"b-columns__container\">\n\n            \n            \n            <div class=\"b-columns__item m-purple m-image-size-large \">\n                <div class=\"b-columns__item-inner\">\n                    \n                    \n                    <div class=\"b-columns__item-media\">\n                        \n                        <div class=\"b-columns__item-media-bottom\">\n                            <img decoding=\"async\" loading=\"lazy\" src=\"https:\/\/taxfix.com\/es-es\/wp-content\/uploads\/25Q3_TS-ES_Rebrand_Website_Core_Homepage_llustration_Column-1_Have-five.png\" width=\"245\" height=\"245\" alt=\"\" srcset=\"https:\/\/taxfix.com\/es-es\/wp-content\/uploads\/25Q3_TS-ES_Rebrand_Website_Core_Homepage_llustration_Column-1_Have-five.png 245w, https:\/\/taxfix.com\/es-es\/wp-content\/uploads\/25Q3_TS-ES_Rebrand_Website_Core_Homepage_llustration_Column-1_Have-five-150x150.png 150w\" class=\"b-columns__item-image\" sizes=\"auto, 240px\"\/>\n                        <\/div>\n                    <\/div>\n                \n                                        \n                                        <h3 class=\"b-columns__item-title\">8 millones<\/h3>\n                                            \n                                        <div class=\"b-columns__item-content\">\n                        <div class=\"b-block-body\">\n                            <p>de declaraciones de impuestos presentadas en Alemania, Reino Unido y Espa\u00f1a.<\/p>\n\n                        <\/div>\n                    <\/div>\n                                            \n                <\/div>\n            <\/div>\n\n            \n            \n            <div class=\"b-columns__item m-purple m-image-size-large \">\n                <div class=\"b-columns__item-inner\">\n                    \n                    \n                    <div class=\"b-columns__item-media\">\n                        \n                        <div class=\"b-columns__item-media-bottom\">\n                            <img decoding=\"async\" loading=\"lazy\" src=\"https:\/\/taxfix.com\/es-es\/wp-content\/uploads\/25Q3_TS-ES_Rebrand_Website_Core_Homepage_llustration_Column-2_Logo-symbol-1-1.png\" width=\"490\" height=\"490\" alt=\"Taxfix es una gestor\u00eda online para aut\u00f3nomos, empresas y particulares\" srcset=\"https:\/\/taxfix.com\/es-es\/wp-content\/uploads\/25Q3_TS-ES_Rebrand_Website_Core_Homepage_llustration_Column-2_Logo-symbol-1-1-300x300.png 300w, https:\/\/taxfix.com\/es-es\/wp-content\/uploads\/25Q3_TS-ES_Rebrand_Website_Core_Homepage_llustration_Column-2_Logo-symbol-1-1-150x150.png 150w, https:\/\/taxfix.com\/es-es\/wp-content\/uploads\/25Q3_TS-ES_Rebrand_Website_Core_Homepage_llustration_Column-2_Logo-symbol-1-1.png 490w\" class=\"b-columns__item-image\" sizes=\"auto, 240px\"\/>\n                        <\/div>\n                    <\/div>\n                \n                                        \n                                        <h3 class=\"b-columns__item-title\">+400 empleados<\/h3>\n                                            \n                                        <div class=\"b-columns__item-content\">\n                        <div class=\"b-block-body\">\n                            <p>en 4 oficinas (Berl\u00edn, Madrid, Londres, Fellback\/Sttutgart).<\/p>\n\n                        <\/div>\n                    <\/div>\n                                            \n                <\/div>\n            <\/div>\n\n            \n            \n            <div class=\"b-columns__item m-purple m-image-size-large \">\n                <div class=\"b-columns__item-inner\">\n                    \n                    \n                    <div class=\"b-columns__item-media\">\n                        \n                        <div class=\"b-columns__item-media-bottom\">\n                            <img decoding=\"async\" loading=\"lazy\" src=\"https:\/\/taxfix.com\/es-es\/wp-content\/uploads\/25Q3_TS-ES_Rebrand_Website_Core_Homepage_llustration_Column-3_Customer.png\" width=\"245\" height=\"245\" alt=\"\" srcset=\"https:\/\/taxfix.com\/es-es\/wp-content\/uploads\/25Q3_TS-ES_Rebrand_Website_Core_Homepage_llustration_Column-3_Customer.png 245w, https:\/\/taxfix.com\/es-es\/wp-content\/uploads\/25Q3_TS-ES_Rebrand_Website_Core_Homepage_llustration_Column-3_Customer-150x150.png 150w\" class=\"b-columns__item-image\" sizes=\"auto, 240px\"\/>\n                        <\/div>\n                    <\/div>\n                \n                                        \n                                        <h3 class=\"b-columns__item-title\">+330 millones<\/h3>\n                                            \n                                        <div class=\"b-columns__item-content\">\n                        <div class=\"b-block-body\">\n                            <p>de euros en financiaci\u00f3n por parte de reconocidos inversores, incluidos Index Ventures, Valar Ventures, Creandum y TVG (de OTPP).<\/p>\n\n                        <\/div>\n                    <\/div>\n                                            \n                <\/div>\n            <\/div>\n\n            \n        <\/div>\n    <\/div>\n<\/div> <!-- .b-columns -->\n\n\n\n<div class=\"c-block-body m-white  m-narrow\">\n\n    <div class=\"c-container\">\n\n        <div class=\"c-block-body__content\">\n\n            \n            <div class=\"c-body\"><h3><b>Somos la plataforma para impuestos nativa en IA l\u00edder en Europa<\/b><\/h3>\n<p><span style=\"font-weight: 400;\">Desde nuestras oficinas en <strong>Berlin, Stuttgart\/Fellbach, Londres y Madrid<\/strong>, ayudamos a millones de personas a declarar sus impuestos en <strong>Alemania, Reino Unido y Espa\u00f1a.<\/strong><\/span><\/p>\n<p><span style=\"font-weight: 400;\">Tenemos un equipo de m\u00e1s 400 personas de 50 nacionalidades diferentes. Respaldados por inversores de la talla de Index Ventures, Valar Ventures, Creandum, Redalpine y OTPP, crecemos con una misi\u00f3n clara y nos acercamos a la rentabilidad.<\/span><\/p>\n<\/div>\n\n            \n        <\/div>\n    <\/div>\n<\/div> <!-- .c-block-body -->\n\n\n\n<div class=\"b-image m-green m-full m-headerless\">\n\n    \n    <div class=\"b-image__wrapper\">\n\n        <div class=\"c-container\">\n\n            <div class=\"b-image__content\">\n\n                <img decoding=\"async\" loading=\"lazy\" src=\"https:\/\/taxfix.com\/es-es\/wp-content\/uploads\/Team_ES-scaled-1-1440x860.jpg\" width=\"1440\" height=\"860\" alt=\"\" srcset=\"https:\/\/taxfix.com\/es-es\/wp-content\/uploads\/Team_ES-scaled-1-300x179.jpg 300w, https:\/\/taxfix.com\/es-es\/wp-content\/uploads\/Team_ES-scaled-1-1024x611.jpg 1024w, https:\/\/taxfix.com\/es-es\/wp-content\/uploads\/Team_ES-scaled-1-768x458.jpg 768w, https:\/\/taxfix.com\/es-es\/wp-content\/uploads\/Team_ES-scaled-1-1536x917.jpg 1536w, https:\/\/taxfix.com\/es-es\/wp-content\/uploads\/Team_ES-scaled-1-2048x1222.jpg 2048w, https:\/\/taxfix.com\/es-es\/wp-content\/uploads\/Team_ES-scaled-1-1440x860.jpg 1440w\" class=\"b-image__media\" sizes=\"auto, (min-width: 1240px) 1152px, (min-width: 1000px) 960px, calc(100vw - 48px)\"\/>            \n            <\/div>\n        <\/div>\n    <\/div>\n<\/div> <!-- .b-image -->\n\n\n\n<div class=\"c-block-body m-white  m-narrow\">\n\n    <div class=\"c-container\">\n\n        <div class=\"c-block-body__content\">\n\n            \n            <div class=\"c-body\"><h3><b>Asesores fiscales reales, con todo el impulso de la IA<\/b><\/h3>\n<p><span style=\"font-weight: 400;\">No solo estamos usando IA: somos una empresa nativa en IA. Esto significa que no la utilizamos de manera accesoria, sino que est\u00e1 en la base de nuestros productos y procesos y que es responsable de parte del valor que aportamos a nuestros usuarios cada d\u00eda.\u00a0<\/span><\/p>\n<p><span style=\"font-weight: 400;\">Seas particular, aut\u00f3nomo o empresa, nuestras soluciones se adaptan a tus necesidades y a las complejidades fiscales de cada lugar.<\/span><\/p>\n<\/div>\n\n            \n        <\/div>\n    <\/div>\n<\/div> <!-- .c-block-body -->\n\n\n\n<div class=\"b-boxes m-boxes-1  m-align-center\">\n\n    <div class=\"c-container m-mobile-wide\">\n\n        <div class=\"b-boxes__inner\">\n\n            \n                \n                \n            <div class=\"b-boxes__item m-mint\">\n\n                <div class=\"b-boxes__item-inner\">\n\n                                        <h2 class=\"b-boxes__item-title\">\u00bfNecesitas un gestor personal?<\/h2>\n                    \n                    \n                                        <div class=\"b-boxes__item-body\">\n                        <div class=\"b-block-body  m-large\"><p>Cuenta con nosotros para presentar tu declaraci\u00f3n de la renta o todas tus declaraciones de impuestos como aut\u00f3nomo. Un asesor de nuestro equipo se encarga de todo, 100% online.<\/p>\n<\/div>\n                    <\/div>\n                    \n                    \n                    <div class=\"b-boxes__action\">\n\n                        <a data-js=\"openAuth\" data-view=\"registrarse\" href=\"https:\/\/taxfix.com\/es-es\/app\/signup\" class=\"gtm-get-started-button c-button   m-mobile-fullwidth\" data-variant=\"VARIANT_NAME\"onClick=\"javascript:setVariantAndInitialTier('VARIANT_NAME', '');\">Empezar<\/a>\n\n\n                                            <\/div>\n\n                                    <\/div>\n            <\/div>\n\n                            \n        <\/div>\n    <\/div>\n<\/div> <!-- .b-boxes -->\n\n\n\n<div class=\"b-media-v3 m-white m-reverse\" data-js=\"mediaToggle\">\n\n    <div class=\"b-media-v3__container\">\n\n        <div class=\"b-media-v3__inner\">\n\n                        <div class=\"b-media-v3__media\">\n                <img decoding=\"async\" loading=\"lazy\" src=\"https:\/\/taxfix.com\/es-es\/wp-content\/uploads\/Frame-1982250062-1-1024x732.png\" width=\"1024\" height=\"732\" alt=\"Mujer es asesora personal de la gestor\u00eda online\" srcset=\"https:\/\/taxfix.com\/es-es\/wp-content\/uploads\/Frame-1982250062-1-300x215.png 300w, https:\/\/taxfix.com\/es-es\/wp-content\/uploads\/Frame-1982250062-1-1024x732.png 1024w, https:\/\/taxfix.com\/es-es\/wp-content\/uploads\/Frame-1982250062-1-768x549.png 768w, https:\/\/taxfix.com\/es-es\/wp-content\/uploads\/Frame-1982250062-1-1536x1099.png 1536w, https:\/\/taxfix.com\/es-es\/wp-content\/uploads\/Frame-1982250062-1-2048x1465.png 2048w, https:\/\/taxfix.com\/es-es\/wp-content\/uploads\/Frame-1982250062-1-1440x1030.png 1440w\" class=\"b-media-v3__media-image\" sizes=\"auto, (min-width: 576px) 528px, (min-width: 1000px) 406px, (min-width: 1240px) 498px, calc(100% - 48px)\"\/>\n            <\/div>\n            \n            <div class=\"b-media-v3__content\">\n\n                <div class=\"b-media-v3__header\">\n\n                                        <h2 class=\"b-media-v3__title\"> Un asesor personal<\/h2>\n                    \n                                    <\/div>\n\n                                <div class=\"b-media-v3__body\" data-js=\"mediaToggleContent\">\n                    <div class=\"b-block-body\"><p><span style=\"font-weight: 400;\">Un asesor fiscal experto se encarga de tus impuestos y te aplica las m\u00e1ximas deducciones y bonificaciones. \u00bfTienes dudas? Contacta con \u00e9l a trav\u00e9s del chat siempre que quieras.\u00a0<\/span><\/p>\n<\/div>\n                <\/div>\n                \n                \n            <\/div>\n        <\/div>\n    <\/div>\n<\/div> <!-- .b-media-v3 -->\n\n\n\n<div class=\"b-media-v3 m-white\" data-js=\"mediaToggle\">\n\n    <div class=\"b-media-v3__container\">\n\n        <div class=\"b-media-v3__inner\">\n\n                        <div class=\"b-media-v3__media\">\n                <img decoding=\"async\" loading=\"lazy\" src=\"https:\/\/taxfix.com\/es-es\/wp-content\/uploads\/Frame-1982250063-1024x732.png\" width=\"1024\" height=\"732\" alt=\"Mock up que muestra el producto de la gestor\u00eda online Taxfix para presentar impuestos\" srcset=\"https:\/\/taxfix.com\/es-es\/wp-content\/uploads\/Frame-1982250063-300x215.png 300w, https:\/\/taxfix.com\/es-es\/wp-content\/uploads\/Frame-1982250063-1024x732.png 1024w, https:\/\/taxfix.com\/es-es\/wp-content\/uploads\/Frame-1982250063-768x549.png 768w, https:\/\/taxfix.com\/es-es\/wp-content\/uploads\/Frame-1982250063-1536x1099.png 1536w, https:\/\/taxfix.com\/es-es\/wp-content\/uploads\/Frame-1982250063-2048x1465.png 2048w, https:\/\/taxfix.com\/es-es\/wp-content\/uploads\/Frame-1982250063-1440x1030.png 1440w\" class=\"b-media-v3__media-image\" sizes=\"auto, (min-width: 576px) 528px, (min-width: 1000px) 406px, (min-width: 1240px) 498px, calc(100% - 48px)\"\/>\n            <\/div>\n            \n            <div class=\"b-media-v3__content\">\n\n                <div class=\"b-media-v3__header\">\n\n                                        <h2 class=\"b-media-v3__title\">La gestor\u00eda online para particulares, aut\u00f3nomos y empresas<\/h2>\n                    \n                                    <\/div>\n\n                                <div class=\"b-media-v3__body\" data-js=\"mediaToggleContent\">\n                    <div class=\"b-block-body\"><p><span style=\"font-weight: 400;\">Y con todas las herramientas que necesitas para gestionar tus declaraciones r\u00e1pido y desde donde t\u00fa quieras. M\u00e1s f\u00e1cil no se puede.<\/span><\/p>\n<\/div>\n                <\/div>\n                \n                \n            <\/div>\n        <\/div>\n    <\/div>\n<\/div> <!-- .b-media-v3 -->\n\n\n\n<div class=\"b-slice m-purple m-body\">\n\n    \n    <div class=\"b-slice__media-container\">\n        <img decoding=\"async\" loading=\"lazy\" src=\"https:\/\/taxfix.com\/es-es\/wp-content\/uploads\/Team_picture-2.png\" width=\"1\" height=\"1\" alt=\"\" srcset=\"\" sizes=\"auto, (min-width: 1000px) 768px, 100vw\"\/>\n    <\/div>\n\n    \n    <div class=\"c-container\">\n\n        <div class=\"b-slice__content\">\n\n            <div class=\"b-slice__content-inner\">\n\n                                <h2 class=\"b-slice__title\">\u00bfQuieres trabajar con nosotros?<\/h2>\n                \n                                \n                                <div class=\"b-slice__content-body\">\n                    <div class=\"b-block-body\">\n                        <p><span style=\"font-weight: 400;\">\u00c9chale un ojo a <a href=\"https:\/\/taxfix.de\/en\/careers\/\" target=\"_blank\" rel=\"noopener\">nuestras vacantes<\/a> para saber m\u00e1s sobre qu\u00e9 hacemos y c\u00f3mo es trabajar con nosotros.<\/span><\/p>\n<p>&nbsp;<\/p>\n\n                    <\/div>\n                <\/div>\n                                \n                            <\/div>\n        <\/div>\n    <\/div>\n<\/div> <!-- .b-slice -->\n\n","protected":false},"excerpt":{"rendered":"","protected":false},"author":1,"featured_media":0,"parent":0,"menu_order":0,"comment_status":"closed","ping_status":"closed","template":"views\/template-modular.blade.php","meta":{"_acf_changed":false,"footnotes":""},"class_list":["post-237","page","type-page","status-publish","hentry"],"acf":[],"yoast_head":"<!-- This site is optimized with the Yoast SEO plugin v25.8 - https:\/\/yoast.com\/wordpress\/plugins\/seo\/ -->\n<title>Sobre nosotros &#8211; Gestor\u00eda online aut\u00f3nomos y particulares &#8211; Taxfix<\/title>\n<meta name=\"description\" content=\"Somos una gestor\u00eda online para aut\u00f3nomos y particulares trabajando en Espa\u00f1a y en Reino Unido. \u00a1Te ayudamos con tus impuestos!\" \/>\n<meta name=\"robots\" content=\"index, follow, max-snippet:-1, max-image-preview:large, max-video-preview:-1\" \/>\n<link rel=\"canonical\" href=\"https:\/\/taxfix.com\/es-es\/sobre-nosotros\/\" \/>\n<meta property=\"og:locale\" content=\"es_ES\" \/>\n<meta property=\"og:type\" content=\"article\" \/>\n<meta property=\"og:title\" content=\"Sobre nosotros &#8211; Gestor\u00eda online aut\u00f3nomos y particulares &#8211; Taxfix\" \/>\n<meta property=\"og:description\" content=\"Somos una gestor\u00eda online para aut\u00f3nomos y particulares trabajando en Espa\u00f1a y en Reino Unido. \u00a1Te ayudamos con tus impuestos!\" \/>\n<meta property=\"og:url\" content=\"https:\/\/taxfix.com\/es-es\/sobre-nosotros\/\" \/>\n<meta property=\"og:site_name\" content=\"Taxfix\" \/>\n<meta property=\"article:publisher\" content=\"https:\/\/www.facebook.com\/taxfix_es\/\" \/>\n<meta property=\"article:modified_time\" content=\"2026-04-08T06:28:37+00:00\" \/>\n<meta property=\"og:image\" content=\"https:\/\/taxfix.com\/es-es\/wp-content\/uploads\/eyJhc3NldF9pZCI6NTY3OH0_taxfix-gmbh_UwIjumOzeyPqNyDgJ1bVY_OROVADgg2mBtzSX1XQ7A0.jpg\" \/>\n\t<meta property=\"og:image:width\" content=\"1200\" \/>\n\t<meta property=\"og:image:height\" content=\"628\" \/>\n\t<meta property=\"og:image:type\" content=\"image\/jpeg\" \/>\n<meta name=\"twitter:card\" content=\"summary_large_image\" \/>\n<script type=\"application\/ld+json\" class=\"yoast-schema-graph\">{\"@context\":\"https:\/\/schema.org\",\"@graph\":[{\"@type\":\"WebPage\",\"@id\":\"https:\/\/taxfix.com\/es-es\/sobre-nosotros\/\",\"url\":\"https:\/\/taxfix.com\/es-es\/sobre-nosotros\/\",\"name\":\"Sobre nosotros &#8211; Gestor\u00eda online aut\u00f3nomos y particulares &#8211; Taxfix\",\"isPartOf\":{\"@id\":\"https:\/\/taxfix.com\/es-es\/#website\"},\"datePublished\":\"2020-06-09T10:18:27+00:00\",\"dateModified\":\"2026-04-08T06:28:37+00:00\",\"description\":\"Somos una gestor\u00eda online para aut\u00f3nomos y particulares trabajando en Espa\u00f1a y en Reino Unido. \u00a1Te ayudamos con tus impuestos!\",\"breadcrumb\":{\"@id\":\"https:\/\/taxfix.com\/es-es\/sobre-nosotros\/#breadcrumb\"},\"inLanguage\":\"es\",\"potentialAction\":[{\"@type\":\"ReadAction\",\"target\":[\"https:\/\/taxfix.com\/es-es\/sobre-nosotros\/\"]}]},{\"@type\":\"BreadcrumbList\",\"@id\":\"https:\/\/taxfix.com\/es-es\/sobre-nosotros\/#breadcrumb\",\"itemListElement\":[{\"@type\":\"ListItem\",\"position\":1,\"name\":\"Taxfix\",\"item\":\"https:\/\/taxfix.com\/es-es\/\"},{\"@type\":\"ListItem\",\"position\":2,\"name\":\"Sobre nosotros\"}]},{\"@type\":\"WebSite\",\"@id\":\"https:\/\/taxfix.com\/es-es\/#website\",\"url\":\"https:\/\/taxfix.com\/es-es\/\",\"name\":\"Taxfix\",\"description\":\"La mejor forma de presentar tus impuestos\",\"publisher\":{\"@id\":\"https:\/\/taxfix.com\/es-es\/#organization\"},\"potentialAction\":[{\"@type\":\"SearchAction\",\"target\":{\"@type\":\"EntryPoint\",\"urlTemplate\":\"https:\/\/taxfix.com\/es-es\/?s={search_term_string}\"},\"query-input\":{\"@type\":\"PropertyValueSpecification\",\"valueRequired\":true,\"valueName\":\"search_term_string\"}}],\"inLanguage\":\"es\"},{\"@type\":\"Organization\",\"@id\":\"https:\/\/taxfix.com\/es-es\/#organization\",\"name\":\"Taxfix\",\"url\":\"https:\/\/taxfix.com\/es-es\/\",\"logo\":{\"@type\":\"ImageObject\",\"inLanguage\":\"es\",\"@id\":\"https:\/\/taxfix.com\/es-es\/#\/schema\/logo\/image\/\",\"url\":\"https:\/\/taxfix.com\/es-es\/wp-content\/uploads\/1692.png\",\"contentUrl\":\"https:\/\/taxfix.com\/es-es\/wp-content\/uploads\/1692.png\",\"width\":192,\"height\":40,\"caption\":\"Taxfix\"},\"image\":{\"@id\":\"https:\/\/taxfix.com\/es-es\/#\/schema\/logo\/image\/\"},\"sameAs\":[\"https:\/\/www.facebook.com\/taxfix_es\/\",\"https:\/\/www.linkedin.com\/company\/taxfix\/\"]}]}<\/script>\n<!-- \/ Yoast SEO plugin. -->","yoast_head_json":{"title":"Sobre nosotros &#8211; Gestor\u00eda online aut\u00f3nomos y particulares &#8211; Taxfix","description":"Somos una gestor\u00eda online para aut\u00f3nomos y particulares trabajando en Espa\u00f1a y en Reino Unido. \u00a1Te ayudamos con tus impuestos!","robots":{"index":"index","follow":"follow","max-snippet":"max-snippet:-1","max-image-preview":"max-image-preview:large","max-video-preview":"max-video-preview:-1"},"canonical":"https:\/\/taxfix.com\/es-es\/sobre-nosotros\/","og_locale":"es_ES","og_type":"article","og_title":"Sobre nosotros &#8211; Gestor\u00eda online aut\u00f3nomos y particulares &#8211; Taxfix","og_description":"Somos una gestor\u00eda online para aut\u00f3nomos y particulares trabajando en Espa\u00f1a y en Reino Unido. \u00a1Te ayudamos con tus impuestos!","og_url":"https:\/\/taxfix.com\/es-es\/sobre-nosotros\/","og_site_name":"Taxfix","article_publisher":"https:\/\/www.facebook.com\/taxfix_es\/","article_modified_time":"2026-04-08T06:28:37+00:00","og_image":[{"width":1200,"height":628,"url":"https:\/\/taxfix.com\/es-es\/wp-content\/uploads\/eyJhc3NldF9pZCI6NTY3OH0_taxfix-gmbh_UwIjumOzeyPqNyDgJ1bVY_OROVADgg2mBtzSX1XQ7A0.jpg","type":"image\/jpeg"}],"twitter_card":"summary_large_image","schema":{"@context":"https:\/\/schema.org","@graph":[{"@type":"WebPage","@id":"https:\/\/taxfix.com\/es-es\/sobre-nosotros\/","url":"https:\/\/taxfix.com\/es-es\/sobre-nosotros\/","name":"Sobre nosotros &#8211; Gestor\u00eda online aut\u00f3nomos y particulares &#8211; Taxfix","isPartOf":{"@id":"https:\/\/taxfix.com\/es-es\/#website"},"datePublished":"2020-06-09T10:18:27+00:00","dateModified":"2026-04-08T06:28:37+00:00","description":"Somos una gestor\u00eda online para aut\u00f3nomos y particulares trabajando en Espa\u00f1a y en Reino Unido. \u00a1Te ayudamos con tus impuestos!","breadcrumb":{"@id":"https:\/\/taxfix.com\/es-es\/sobre-nosotros\/#breadcrumb"},"inLanguage":"es","potentialAction":[{"@type":"ReadAction","target":["https:\/\/taxfix.com\/es-es\/sobre-nosotros\/"]}]},{"@type":"BreadcrumbList","@id":"https:\/\/taxfix.com\/es-es\/sobre-nosotros\/#breadcrumb","itemListElement":[{"@type":"ListItem","position":1,"name":"Taxfix","item":"https:\/\/taxfix.com\/es-es\/"},{"@type":"ListItem","position":2,"name":"Sobre nosotros"}]},{"@type":"WebSite","@id":"https:\/\/taxfix.com\/es-es\/#website","url":"https:\/\/taxfix.com\/es-es\/","name":"Taxfix","description":"La mejor forma de presentar tus impuestos","publisher":{"@id":"https:\/\/taxfix.com\/es-es\/#organization"},"potentialAction":[{"@type":"SearchAction","target":{"@type":"EntryPoint","urlTemplate":"https:\/\/taxfix.com\/es-es\/?s={search_term_string}"},"query-input":{"@type":"PropertyValueSpecification","valueRequired":true,"valueName":"search_term_string"}}],"inLanguage":"es"},{"@type":"Organization","@id":"https:\/\/taxfix.com\/es-es\/#organization","name":"Taxfix","url":"https:\/\/taxfix.com\/es-es\/","logo":{"@type":"ImageObject","inLanguage":"es","@id":"https:\/\/taxfix.com\/es-es\/#\/schema\/logo\/image\/","url":"https:\/\/taxfix.com\/es-es\/wp-content\/uploads\/1692.png","contentUrl":"https:\/\/taxfix.com\/es-es\/wp-content\/uploads\/1692.png","width":192,"height":40,"caption":"Taxfix"},"image":{"@id":"https:\/\/taxfix.com\/es-es\/#\/schema\/logo\/image\/"},"sameAs":["https:\/\/www.facebook.com\/taxfix_es\/","https:\/\/www.linkedin.com\/company\/taxfix\/"]}]}},"_links":{"self":[{"href":"https:\/\/taxfix.com\/es-es\/wp-json\/wp\/v2\/pages\/237","targetHints":{"allow":["GET"]}}],"collection":[{"href":"https:\/\/taxfix.com\/es-es\/wp-json\/wp\/v2\/pages"}],"about":[{"href":"https:\/\/taxfix.com\/es-es\/wp-json\/wp\/v2\/types\/page"}],"author":[{"embeddable":true,"href":"https:\/\/taxfix.com\/es-es\/wp-json\/wp\/v2\/users\/1"}],"replies":[{"embeddable":true,"href":"https:\/\/taxfix.com\/es-es\/wp-json\/wp\/v2\/comments?post=237"}],"version-history":[{"count":151,"href":"https:\/\/taxfix.com\/es-es\/wp-json\/wp\/v2\/pages\/237\/revisions"}],"predecessor-version":[{"id":29368,"href":"https:\/\/taxfix.com\/es-es\/wp-json\/wp\/v2\/pages\/237\/revisions\/29368"}],"wp:attachment":[{"href":"https:\/\/taxfix.com\/es-es\/wp-json\/wp\/v2\/media?parent=237"}],"curies":[{"name":"wp","href":"https:\/\/api.w.org\/{rel}","templated":true}]}}