{"id":23802,"date":"2025-04-29T14:35:52","date_gmt":"2025-04-29T12:35:52","guid":{"rendered":"https:\/\/taxfix.com\/es-es\/?page_id=23802"},"modified":"2025-06-12T09:31:41","modified_gmt":"2025-06-12T07:31:41","slug":"calculadora-del-impuesto-de-sociedades","status":"publish","type":"page","link":"https:\/\/taxfix.com\/es-es\/calculadoras\/calculadora-del-impuesto-de-sociedades\/","title":{"rendered":"Calculadora del Impuesto de Sociedades"},"content":{"rendered":"<div data-react=\"tooltip-provider\"><\/div>\n\n    <div class=\"c-block-calculator\">\n\n    <div class=\"c-container\">\n\n        \n\n    <div data-react=\"corporation-tax-calculator\">\n        <!-- Default calc code -->\n\n        <div class=\"sc-kDThTU hgkPCC\"><div class=\"sc-bBHwJV fkqbfg\"><div class=\"sc-iwjezw liKWcE\"><h3 class=\"sc-iJKOzS iWaFfx\">Tu situaci\u00f3n<\/h3><img decoding=\"async\" src=\"data:image\/svg+xml;base64,PHN2ZyB3aWR0aD0iMzQiIGhlaWdodD0iNzYiIHZpZXdCb3g9IjAgMCAzNCA3NiIgZmlsbD0ibm9uZSIgeG1sbnM9Imh0dHA6Ly93d3cudzMub3JnLzIwMDAvc3ZnIj48cGF0aCBkPSJNMzIuMjUgMzQuOTMzNVYxLjg0OTYxSDIwLjE0OTlDMTcuNzQ5OSA5LjA0OTYxIDExLjA1IDEzLjY0OTYgMS43NSAxNC4xNDk2VjI2Ljk0OTZDNy45NSAyNi45NDk2IDEzLjg0OTkgMjUuMDQ5NiAxNy44NDk5IDIxLjg0OTZWMzQuOTMzNU0xNy44NDk5IDU1LjUxODhWNzQuMDQ5NkgzMi4yNVY1OS40OTQ1VjU1LjUxODgiIHN0cm9rZT0iYmxhY2siIHN0cm9rZS13aWR0aD0iMiIgc3Ryb2tlLWxpbmVjYXA9InJvdW5kIiBzdHJva2UtbGluZWpvaW49InJvdW5kIi8+PC9zdmc+\" role=\"presentation\" class=\"sc-cxpRKc ehaLoI\"><img decoding=\"async\" src=\"data:image\/svg+xml;base64,PHN2ZyB3aWR0aD0iNTUiIGhlaWdodD0iOTQiIHZpZXdCb3g9IjAgMCA1NSA5NCIgZmlsbD0ibm9uZSIgeG1sbnM9Imh0dHA6Ly93d3cudzMub3JnLzIwMDAvc3ZnIj48cGF0aCBkPSJNMTQuNDkyNCA3Ni41Mjk4QzE0Ljk0MDMgNzYuMjMyMiAxNS41MjgxIDc2LjM5MTQgMTUuODA1MiA3Ni44ODU1QzE2LjA4MjIgNzcuMzc5NiAxNS45NDM3IDc4LjAyMTQgMTUuNDk1NyA3OC4zMTkxTDE0LjQ5MjQgNzYuNTI5OFpNNC41Nzg5MSA4My44ODFMMy44MDQ0IDg0LjQ4MDVDMy41MDE4NSA4NC4wMTU2IDMuNTkxMDkgODMuMzc1NCA0LjAwNTMyIDgzLjAzOTNMNC41Nzg5MSA4My44ODFaTTE0LjgwOCA5MS4wOTUzQzE1LjI3ODMgOTEuMzYxMiAxNS40NjcxIDkxLjk5MTcgMTUuMjI5NyA5Mi41MDM2QzE0Ljk5MjQgOTMuMDE1NSAxNC40MTg4IDkzLjIxNDkgMTMuOTQ4NiA5Mi45NDlMMTQuODA4IDkxLjA5NTNaTTE1LjQ5NTcgNzguMzE5MUMxNS40MTcyIDc4LjM3MTMgMTQuODQwMyA3OC42OTcxIDE0LjA4NjIgNzkuMTMwMUMxMy4yOTUxIDc5LjU4NDIgMTIuMjMzIDgwLjE5ODUgMTEuMTAxIDgwLjg3MDVDOC44MTEzIDgyLjIyOTggNi4zMTU2OSA4My43Nzg4IDUuMTUyNDkgODQuNzIyN0w0LjAwNTMyIDgzLjAzOTNDNS4yOTU4MyA4MS45OTIgNy45MTc2MSA4MC4zNzI2IDEwLjE3NjkgNzkuMDMxNEMxMS4zMTk1IDc4LjM1MzIgMTIuMzg5OSA3Ny43MzQxIDEzLjE4NTEgNzcuMjc3NkMxMy41ODI3IDc3LjA0OTMgMTMuOTEyMSA3Ni44NjE0IDE0LjE0NjQgNzYuNzI3NEMxNC40MDk2IDc2LjU3NzEgMTQuNTA0MSA3Ni41MjIgMTQuNDkyNCA3Ni41Mjk4TDE1LjQ5NTcgNzguMzE5MVpNNS4zNTM0MSA4My4yODE1QzUuNjQ1ODEgODMuNzMwOCA2LjI5NjI0IDg0LjQxNjUgNy4yMTE3OCA4NS4yNDU5QzguMTAzNDUgODYuMDUzOCA5LjE3NDA0IDg2LjkzNDIgMTAuMjM3MiA4Ny43Njc1QzEyLjM4NyA4OS40NTI1IDE0LjQxMDUgOTAuODcwNSAxNC44MDggOTEuMDk1M0wxMy45NDg2IDkyLjk0OUMxMy40MTAzIDkyLjY0NDYgMTEuMjgxNCA5MS4xNDA0IDkuMTM5MDggODkuNDYxM0M4LjA1NjE1IDg4LjYxMjUgNi45NDU3NiA4Ny43MDA0IDYuMDA2MTUgODYuODQ5MUM1LjA5MDQxIDg2LjAxOTUgNC4yNTkyNSA4NS4xNzk1IDMuODA0NCA4NC40ODA1TDUuMzUzNDEgODMuMjgxNVoiIGZpbGw9ImJsYWNrIi8+PHBhdGggZD0iTTQ5LjE0NjkgMS44OTYwNkM0OS4xNDY5IDEuODk2MDYgNTIuMDI4IDIyLjc2NjcgMzcuOTg4MyAzNS4xMjg1QzM3LjczMTIgMzUuMzUzMyAzNy40NDE2IDM1LjUzOCAzNy4xMjkyIDM1LjY3NjFDMzEuMzExNyAzOC4yMzE5IDI1LjEyMzUgMzkuNjY1MyAyMS43MTkgMzUuNTIyOUMyMS4zOTg0IDM1LjEyMTYgMjEuMTc1MSAzNC42NTE1IDIxLjA2NjYgMzQuMTQ5NUMyMC45NTgxIDMzLjY0NzQgMjAuOTY3NCAzMy4xMjcxIDIxLjA5MzggMzIuNjI5MkMyMS4yMjAyIDMyLjEzMTQgMjEuNDYwMiAzMS42Njk2IDIxLjc5NDkgMzEuMjgwMUMyMi4xMjk3IDMwLjg5MDUgMjIuNTUwMiAzMC41ODM4IDIzLjAyMzMgMzAuMzg0QzI4LjgyMTggMjcuODk4NCAzNC43MDM4IDMxLjQ3ODEgMzkuMjUyOCAzNy42NjU5QzQ0LjUzNDUgNDQuODYzNCA1NC44MjMxIDYwLjg5OTUgMzUuMTE2MiA3Ny43ODg1QzIwLjY2NTQgODcuODYwOCA2LjIxOTU0IDgzLjYwMTkgNS44MTE2IDgzLjg0MzciIHN0cm9rZT0iYmxhY2siIHN0cm9rZS13aWR0aD0iMiIgc3Ryb2tlLWxpbmVjYXA9InJvdW5kIiBzdHJva2UtbGluZWpvaW49InJvdW5kIi8+PC9zdmc+\" role=\"presentation\" class=\"sc-llYToB iRbyMq\"><\/div><div class=\"sc-giYgFv\"><form><div class=\"Form__FormRow-sc-32vt5e-0 ddlwSx\"><div class=\"Form__FormRowTitle-sc-32vt5e-2 coHrqe\">Selecciona un tipo de sociedad<\/div><div class=\"Form__FormRowItem-sc-32vt5e-3\"><div aria-expanded=\"false\" class=\"DropdownSelect__Container-sc-1iiysit-0 ipGuej\"><button class=\"DropdownSelect__LabelContainer-sc-1iiysit-1 gNvpTD\"><span class=\"DropdownSelect__Label-sc-1iiysit-2 loOBxi\">Sociedad Limitada<\/span> <span class=\"DropdownSelect__Arrow-sc-1iiysit-3 hcHQYJ\">\u25bc<\/span><\/button><\/div><\/div><\/div><div class=\"Form__FormRow-sc-32vt5e-0 ddlwSx\"><div class=\"Form__FormRowTitle-sc-32vt5e-2 coHrqe\">\u00bfEs una empresa de nueva creaci\u00f3n (menos de 2 a\u00f1os)?<\/div><div class=\"Form__FormRowItem-sc-32vt5e-3\"><div class=\"Form__FormInlineControlContainer-sc-32vt5e-8 decpgp\"><div class=\"Radio__Container-sc-1d2f0wy-0 iLSPPf\"><input type=\"radio\" id=\"isNewCompanytrue\" name=\"isNewCompany\" class=\"Radio__Input-sc-1d2f0wy-1 brdvpz\" value=\"true\"><label for=\"isNewCompanytrue\" class=\"Radio__Label-sc-1d2f0wy-2 fpqjiq\">S\u00ed<\/label><\/div><\/div><div class=\"Form__FormInlineControlContainer-sc-32vt5e-8 decpgp\"><div class=\"Radio__Container-sc-1d2f0wy-0 iLSPPf\"><input type=\"radio\" id=\"isNewCompanyfalse\" name=\"isNewCompany\" class=\"Radio__Input-sc-1d2f0wy-1 brdvpz\" value=\"false\"><label for=\"isNewCompanyfalse\" class=\"Radio__Label-sc-1d2f0wy-2 fpqjiq\">No<\/label><\/div><\/div><\/div><\/div><div class=\"Form__FormRow-sc-32vt5e-0 ddlwSx\"><label for=\"income\" class=\"Form__FormRowTitle-sc-32vt5e-2 coHrqe\">Ingresos anuales<\/label><div class=\"Form__FormRowItem-sc-32vt5e-3\"><div class=\"InputPrefix__Container-sc-1f57pio-0 kONFGH\"><div class=\"InputPrefix__PrefixLabel-sc-1f57pio-1 eUXZYR\">\u20ac<\/div><div class=\"InputPrefix__PrefixItem-sc-1f57pio-2 bQnfEH\"><div class=\"Input__Container-sc-11yg3hb-0 jiJACg\"><input id=\"income\" name=\"income\" type=\"number\" step=\"any\" min=\"0\" class=\"Input__InputElementSecondary-sc-11yg3hb-2 jzQCbK\"><\/div><\/div><\/div><\/div><\/div><div class=\"Form__FormRow-sc-32vt5e-0 ddlwSx\"><label for=\"expenses\" class=\"Form__FormRowTitle-sc-32vt5e-2 coHrqe\">Gastos anuales<\/label><div class=\"Form__FormRowItem-sc-32vt5e-3\"><div class=\"InputPrefix__Container-sc-1f57pio-0 kONFGH\"><div class=\"InputPrefix__PrefixLabel-sc-1f57pio-1 eUXZYR\">\u20ac<\/div><div class=\"InputPrefix__PrefixItem-sc-1f57pio-2 bQnfEH\"><div class=\"Input__Container-sc-11yg3hb-0 jiJACg\"><input id=\"expenses\" name=\"expenses\" type=\"number\" step=\"any\" min=\"0\" class=\"Input__InputElementSecondary-sc-11yg3hb-2 jzQCbK\"><\/div><\/div><\/div><\/div><\/div><\/form><\/div><\/div><div class=\"sc-ezbkgU cTtlAH\"><div class=\"sc-bYoCmx BWcxS\"><h3 class=\"sc-ikJzcn iJKhoI\">Tus impuestos y beneficios<\/h3><img decoding=\"async\" src=\"data:image\/svg+xml;base64,PHN2ZyB3aWR0aD0iNTYiIGhlaWdodD0iNzYiIHZpZXdCb3g9IjAgMCA1NiA3NiIgZmlsbD0ibm9uZSIgeG1sbnM9Imh0dHA6Ly93d3cudzMub3JnLzIwMDAvc3ZnIj48cGF0aCBkPSJNNTEuMDgzOSAzNC45NTE5QzUyLjk3NDkgMzEuNDk2OCA1My45MzE3IDI3LjkyNTMgNTMuOTMxNyAyNC4yMjk3QzUzLjkzMTcgMTAuOTk2MiA0My44MTIyIDEuODQ5NjEgMjkuMDIxOSAxLjg0OTYxQzE0LjgxNTQgMS44NDk2MSA0LjExMTc0IDEwLjQxMjQgMi4wNjgzNCAyMy41NDg1TDE1LjY5MSAyOS45NzA3QzE1LjU5MzcgMjAuNzI2NyAyMC45NDU2IDE0LjQwMTkgMjguNzI5OSAxNC40MDE5QzM1LjM0NjcgMTQuNDAxOSAzOS44MjI2IDE4Ljc4MDYgMzkuODIyNiAyNC43MTYyQzM5LjgyMjYgMjguMjI3NCAzOC4yMzk1IDMxLjI2MzYgMzQuMTQwOCAzNC45NTE5TTI4LjA5NjQgNTUuNjU0NkwyNi41ODkzIDU2LjcyOTRDMjQuNjU4MiA1OC4wMzQzIDIyLjg5MzUgNTkuNTcgMjEuMzM0NyA2MS4zMDI3SDU0LjEyNjNWNzQuMDQ5NkgxLjg3Mzc4VjcyLjEwMzVDMS44NzM3OCA2Ni4xODA1IDQuMDUwNzEgNjAuNzM2MyA4LjQwNDU4IDU1LjY1NDYiIHN0cm9rZT0iYmxhY2siIHN0cm9rZS13aWR0aD0iMiIgc3Ryb2tlLWxpbmVjYXA9InJvdW5kIiBzdHJva2UtbGluZWpvaW49InJvdW5kIi8+PC9zdmc+\" role=\"presentation\" class=\"sc-kLwgWK pEiDS\"><\/div><div class=\"sc-jJoQpE\"><ul class=\"sc-fotPbf eTgmln\"><li class=\"sc-fFehDp iXlamj\"><div class=\"sc-hGPAah cimhIE\">Ingresos anuales<\/div><div class=\"sc-dlVyqM jtagbO\">20.000\u20ac<\/div><\/li><li class=\"sc-fFehDp hqIAEh\"><div class=\"sc-hGPAah cimhIE\">Gastos anuales<\/div><div class=\"sc-dlVyqM jtagbO\">1.200\u20ac<\/div><\/li><li class=\"sc-fFehDp bgPDLB\"><div class=\"sc-hGPAah fWswzR\">Impuesto de Sociedade<\/div><div class=\"sc-dlVyqM bQriAa\"><div class=\"sc-cNKpQo dbJUfy\">2.820\u20ac<svg width=\"63\" height=\"8\" viewBox=\"0 0 63 8\" fill=\"none\" xmlns=\"http:\/\/www.w3.org\/2000\/svg\"><path d=\"M61.2539 3.21541C61.2539 3.21541 39.5443 -1.214 1.25391 6.52213\" stroke=\"black\" stroke-width=\"2\" stroke-linecap=\"round\" stroke-linejoin=\"round\"><\/path><\/svg><\/div><\/div><div class=\"sc-ieebsP OuGsU\"><div class=\"sc-dJjZJu eDpujV\">Base imponible x 15%<\/div><\/div><\/li><\/ul><\/div><\/div><\/div>\n    \n        <!-- END Default calc code -->\n    <\/div>\n\n\n    <\/div> <!-- .c-container -->\n<\/div> <!-- .c-block-calculator -->\n\n\n\n\n<div class=\"c-block-body m-white  m-narrow\">\n\n    <div class=\"c-container\">\n\n        <div class=\"c-block-body__content\">\n\n            \n            <div class=\"c-body\"><h2>\u00bfC\u00f3mo calcular el Impuesto de Sociedades?<\/h2>\n<p>Para calcular el Impuesto de Sociedades, tienes que saber que existen<strong> diferentes tipos de gravamen<\/strong> seg\u00fan el tipo de empresa que tengas.<\/p>\n<p>Es decir, que lo que pagar\u00e1s en el Impuesto de Sociedades depende principalmente de tres factores:<\/p>\n<ul>\n<li>El tipo de sociedad: empresas como cooperativas o fundaciones tienen un tipo impositivo diferente al resto de sociedades.<\/li>\n<li>El tiempo que llevan en activo: como forma de beneficiar las empresas de nueva creaci\u00f3n, el tipo impositivo es tambi\u00e9n m\u00e1s bajo para empresas de dos a\u00f1os o menos.<\/li>\n<li>La cifra de negocios de la empresa: el dinero que genere la empresa tributa tambi\u00e9n diferente. Es decir, se pagan distintos porcentajes dependiendo del beneficio de la empresa.<\/li>\n<\/ul>\n<h2>\u00bfCu\u00e1nto se paga de Impuesto de Sociedades?<\/h2>\n<p>Una vez definidos estos escenarios, podemos ver los porcentajes que se aplican en cada caso para calcular el Impuesto de Sociedades.<\/p>\n<table>\n<tbody>\n<tr>\n<td>Tipo general<\/td>\n<td>25%<\/td>\n<\/tr>\n<tr>\n<td>Tipo reducido para empresas con menos de 1 mill\u00f3n<\/td>\n<td>23%<\/td>\n<\/tr>\n<tr>\n<td>Tipo reducido para empresas de nueva creaci\u00f3n<\/td>\n<td>15%<\/td>\n<\/tr>\n<tr>\n<td>Tipo reducido para cooperativas protegidas<\/td>\n<td>20%<\/td>\n<\/tr>\n<tr>\n<td>Tipo reducido para entidades sin fines lucrativos<\/td>\n<td>10%<\/td>\n<\/tr>\n<tr>\n<td>Tipo reducido para empresas emergentes<\/td>\n<td>15%<\/td>\n<\/tr>\n<\/tbody>\n<\/table>\n<p>Venga, que ya casi est\u00e1s. \u00bfC\u00f3mo se calcula el Impuesto de Sociedades con todo esto? Pues solo te falta determinar el <strong>resultado contable<\/strong> de la sociedad, algo as\u00ed como el beneficio de la empresa. Para ello, tendr\u00e1s que restar a los ingresos los gastos anuales, y hacer otras correcciones contables como la reserva obligatoria, compensaci\u00f3n de p\u00e9rdidas de otros ejercicios\u2026<\/p>\n<p>Como ves, es imprescindible llevar una buena contabilidad para hacer correctamente el c\u00e1lculo del Impuesto de Sociedades.<\/p>\n<\/div>\n\n            \n        <\/div>\n    <\/div>\n<\/div> <!-- .c-block-body -->\n\n\n\n<div class=\"b-cta m-imageless\">\n\n    <div class=\"c-container m-mobile-wide\">\n\n        <div class=\"b-cta__inner m-blue\">\n\n            <div class=\"b-cta__content\">\n\n                \n                <h3 class=\"b-cta__title\">\u00bfSab\u00edas que nuestro Pack Empresas incluye la contabilidad a cargo de un asesor experto?<\/h3>\n\n                \n                \n                <div class=\"b-cta__body\">\n                    <div class=\"b-block-body\"><p>\u00a1Y un programa de facturaci\u00f3n y contabilidad para tenerlo todo de a punto! Te damos todas las facilidades para que tu experiencia fiscal sea un camino de rosas. \u00bfTe apuntas?<\/p>\n<\/div>\n                <\/div>\n\n                \n                \n                <div class=\"b-cta__action\">\n\n                    <a href=\"https:\/\/taxfix.com\/es-es\/asesoria-empresas\/\" class=\"c-button m-large m-mobile-fullwidth\">Ver el Pack Empresas<\/a>\n\n\n                <\/div>\n\n                \n            <\/div>\n\n            \n        <\/div>\n    <\/div>\n<\/div> <!-- .b-cta -->\n\n\n\n<div class=\"c-block-body m-white  m-narrow\">\n\n    <div class=\"c-container\">\n\n        <div class=\"c-block-body__content\">\n\n            \n            <div class=\"c-body\"><h2>\u00bfCada cu\u00e1nto se paga el Impuesto de Sociedades?<\/h2>\n<p>Ahora que ya sabes m\u00e1s sobre el Impuesto de Sociedades y c\u00f3mo se calcula, solo falta comentar cu\u00e1ndo se paga este impuesto.<\/p>\n<p>El Impuesto de Sociedades se paga, por norma general, <strong>una vez al a\u00f1o<\/strong>, y se hace en el <strong>mes de julio<\/strong>, del 1 al 25 concretamente. Durante este mes, las empresas tributan por los beneficios del a\u00f1o anterior.<\/p>\n<p>Hay algunas circunstancias en las que se tiene que presentar el Impuesto de Sociedades fuera de este periodo, en concreto cuando:<\/p>\n<ul>\n<li>Se cierra la sociedad.<\/li>\n<li>Se traslada la residencia legal al extranjero.<\/li>\n<li>Cambia la forma jur\u00eddica y por tanto, las circunstancias en el Impuesto de Sociedades.<\/li>\n<\/ul>\n<p>El plazo para presentar el Impuesto de Sociedades en estos casos ser\u00e1 de <strong>25 d\u00edas naturales desde los 6 meses posteriores a la circunstancia<\/strong> o periodo impositivo.<\/p>\n<\/div>\n\n            \n        <\/div>\n    <\/div>\n<\/div> <!-- .c-block-body -->\n\n\n\n<div class=\"b-cta m-imageless\">\n\n    <div class=\"c-container m-mobile-wide\">\n\n        <div class=\"b-cta__inner m-blue\">\n\n            <div class=\"b-cta__content\">\n\n                \n                <h3 class=\"b-cta__title\">\u00bfNo te hallas?<\/h3>\n\n                \n                \n                <div class=\"b-cta__body\">\n                    <div class=\"b-block-body\"><p>Eso es porque te falta un asesor fiscal cerquita. \u00bfQu\u00e9 tal si te asignamos uno? No tendr\u00e1s ni que sacar la calculadora. \u00c9l se ocupa de presentar el Impuesto de Sociedades de tu empresa y del resto de los tr\u00e1mites\u2026 \u00a1pues tambi\u00e9n!<\/p>\n<\/div>\n                <\/div>\n\n                \n                \n                <div class=\"b-cta__action\">\n\n                    <a data-js=\"openAuth\" data-view=\"registrarse\" href=\"https:\/\/taxfix.com\/es-es\/app\/signup\" class=\"gtm-get-started-button c-button  m-large m-mobile-fullwidth\" data-variant=\"VARIANT_NAME\"onClick=\"javascript:setVariantAndInitialTier('VARIANT_NAME', '');\">Empezar<\/a>\n\n\n                <\/div>\n\n                \n            <\/div>\n\n            \n        <\/div>\n    <\/div>\n<\/div> <!-- .b-cta -->\n\n","protected":false},"excerpt":{"rendered":"","protected":false},"author":1,"featured_media":0,"parent":8192,"menu_order":0,"comment_status":"closed","ping_status":"closed","template":"views\/template-calculators-single.blade.php","meta":{"_acf_changed":false,"footnotes":""},"class_list":["post-23802","page","type-page","status-publish","hentry"],"acf":[],"yoast_head":"<!-- This site is optimized with the Yoast SEO plugin v25.8 - https:\/\/yoast.com\/wordpress\/plugins\/seo\/ -->\n<title>Calculadora del Impuesto de Sociedades &#8211; Taxfix<\/title>\n<meta name=\"robots\" content=\"index, follow, max-snippet:-1, max-image-preview:large, max-video-preview:-1\" \/>\n<link rel=\"canonical\" href=\"https:\/\/taxfix.com\/es-es\/calculadoras\/calculadora-del-impuesto-de-sociedades\/\" \/>\n<meta property=\"og:locale\" content=\"es_ES\" \/>\n<meta property=\"og:type\" content=\"article\" \/>\n<meta property=\"og:title\" content=\"Calculadora del Impuesto de Sociedades &#8211; Taxfix\" \/>\n<meta property=\"og:url\" content=\"https:\/\/taxfix.com\/es-es\/calculadoras\/calculadora-del-impuesto-de-sociedades\/\" \/>\n<meta property=\"og:site_name\" content=\"Taxfix\" \/>\n<meta property=\"article:publisher\" content=\"https:\/\/www.facebook.com\/taxfix_es\/\" \/>\n<meta property=\"article:modified_time\" content=\"2025-06-12T07:31:41+00:00\" \/>\n<meta property=\"og:image\" content=\"https:\/\/taxfix.com\/es-es\/wp-content\/uploads\/eyJhc3NldF9pZCI6NTY3OH0_taxfix-gmbh_UwIjumOzeyPqNyDgJ1bVY_OROVADgg2mBtzSX1XQ7A0.jpg\" \/>\n\t<meta property=\"og:image:width\" content=\"1200\" \/>\n\t<meta property=\"og:image:height\" content=\"628\" \/>\n\t<meta property=\"og:image:type\" content=\"image\/jpeg\" \/>\n<meta name=\"twitter:card\" content=\"summary_large_image\" \/>\n<script type=\"application\/ld+json\" class=\"yoast-schema-graph\">{\"@context\":\"https:\/\/schema.org\",\"@graph\":[{\"@type\":\"WebPage\",\"@id\":\"https:\/\/taxfix.com\/es-es\/calculadoras\/calculadora-del-impuesto-de-sociedades\/\",\"url\":\"https:\/\/taxfix.com\/es-es\/calculadoras\/calculadora-del-impuesto-de-sociedades\/\",\"name\":\"Calculadora del Impuesto de Sociedades &#8211; Taxfix\",\"isPartOf\":{\"@id\":\"https:\/\/taxfix.com\/es-es\/#website\"},\"datePublished\":\"2025-04-29T12:35:52+00:00\",\"dateModified\":\"2025-06-12T07:31:41+00:00\",\"breadcrumb\":{\"@id\":\"https:\/\/taxfix.com\/es-es\/calculadoras\/calculadora-del-impuesto-de-sociedades\/#breadcrumb\"},\"inLanguage\":\"es\",\"potentialAction\":[{\"@type\":\"ReadAction\",\"target\":[\"https:\/\/taxfix.com\/es-es\/calculadoras\/calculadora-del-impuesto-de-sociedades\/\"]}]},{\"@type\":\"BreadcrumbList\",\"@id\":\"https:\/\/taxfix.com\/es-es\/calculadoras\/calculadora-del-impuesto-de-sociedades\/#breadcrumb\",\"itemListElement\":[{\"@type\":\"ListItem\",\"position\":1,\"name\":\"Taxfix\",\"item\":\"https:\/\/taxfix.com\/es-es\/\"},{\"@type\":\"ListItem\",\"position\":2,\"name\":\"Calculadoras\",\"item\":\"https:\/\/taxfix.com\/es-es\/calculadoras\/\"},{\"@type\":\"ListItem\",\"position\":3,\"name\":\"Calculadora del Impuesto de Sociedades\"}]},{\"@type\":\"WebSite\",\"@id\":\"https:\/\/taxfix.com\/es-es\/#website\",\"url\":\"https:\/\/taxfix.com\/es-es\/\",\"name\":\"Taxfix\",\"description\":\"La mejor forma de presentar tus impuestos\",\"publisher\":{\"@id\":\"https:\/\/taxfix.com\/es-es\/#organization\"},\"potentialAction\":[{\"@type\":\"SearchAction\",\"target\":{\"@type\":\"EntryPoint\",\"urlTemplate\":\"https:\/\/taxfix.com\/es-es\/?s={search_term_string}\"},\"query-input\":{\"@type\":\"PropertyValueSpecification\",\"valueRequired\":true,\"valueName\":\"search_term_string\"}}],\"inLanguage\":\"es\"},{\"@type\":\"Organization\",\"@id\":\"https:\/\/taxfix.com\/es-es\/#organization\",\"name\":\"Taxfix\",\"url\":\"https:\/\/taxfix.com\/es-es\/\",\"logo\":{\"@type\":\"ImageObject\",\"inLanguage\":\"es\",\"@id\":\"https:\/\/taxfix.com\/es-es\/#\/schema\/logo\/image\/\",\"url\":\"https:\/\/taxfix.com\/es-es\/wp-content\/uploads\/1692.png\",\"contentUrl\":\"https:\/\/taxfix.com\/es-es\/wp-content\/uploads\/1692.png\",\"width\":192,\"height\":40,\"caption\":\"Taxfix\"},\"image\":{\"@id\":\"https:\/\/taxfix.com\/es-es\/#\/schema\/logo\/image\/\"},\"sameAs\":[\"https:\/\/www.facebook.com\/taxfix_es\/\",\"https:\/\/www.linkedin.com\/company\/taxfix\/\"]}]}<\/script>\n<!-- \/ Yoast SEO plugin. -->","yoast_head_json":{"title":"Calculadora del Impuesto de Sociedades &#8211; Taxfix","robots":{"index":"index","follow":"follow","max-snippet":"max-snippet:-1","max-image-preview":"max-image-preview:large","max-video-preview":"max-video-preview:-1"},"canonical":"https:\/\/taxfix.com\/es-es\/calculadoras\/calculadora-del-impuesto-de-sociedades\/","og_locale":"es_ES","og_type":"article","og_title":"Calculadora del Impuesto de Sociedades &#8211; Taxfix","og_url":"https:\/\/taxfix.com\/es-es\/calculadoras\/calculadora-del-impuesto-de-sociedades\/","og_site_name":"Taxfix","article_publisher":"https:\/\/www.facebook.com\/taxfix_es\/","article_modified_time":"2025-06-12T07:31:41+00:00","og_image":[{"width":1200,"height":628,"url":"https:\/\/taxfix.com\/es-es\/wp-content\/uploads\/eyJhc3NldF9pZCI6NTY3OH0_taxfix-gmbh_UwIjumOzeyPqNyDgJ1bVY_OROVADgg2mBtzSX1XQ7A0.jpg","type":"image\/jpeg"}],"twitter_card":"summary_large_image","schema":{"@context":"https:\/\/schema.org","@graph":[{"@type":"WebPage","@id":"https:\/\/taxfix.com\/es-es\/calculadoras\/calculadora-del-impuesto-de-sociedades\/","url":"https:\/\/taxfix.com\/es-es\/calculadoras\/calculadora-del-impuesto-de-sociedades\/","name":"Calculadora del Impuesto de Sociedades &#8211; Taxfix","isPartOf":{"@id":"https:\/\/taxfix.com\/es-es\/#website"},"datePublished":"2025-04-29T12:35:52+00:00","dateModified":"2025-06-12T07:31:41+00:00","breadcrumb":{"@id":"https:\/\/taxfix.com\/es-es\/calculadoras\/calculadora-del-impuesto-de-sociedades\/#breadcrumb"},"inLanguage":"es","potentialAction":[{"@type":"ReadAction","target":["https:\/\/taxfix.com\/es-es\/calculadoras\/calculadora-del-impuesto-de-sociedades\/"]}]},{"@type":"BreadcrumbList","@id":"https:\/\/taxfix.com\/es-es\/calculadoras\/calculadora-del-impuesto-de-sociedades\/#breadcrumb","itemListElement":[{"@type":"ListItem","position":1,"name":"Taxfix","item":"https:\/\/taxfix.com\/es-es\/"},{"@type":"ListItem","position":2,"name":"Calculadoras","item":"https:\/\/taxfix.com\/es-es\/calculadoras\/"},{"@type":"ListItem","position":3,"name":"Calculadora del Impuesto de Sociedades"}]},{"@type":"WebSite","@id":"https:\/\/taxfix.com\/es-es\/#website","url":"https:\/\/taxfix.com\/es-es\/","name":"Taxfix","description":"La mejor forma de presentar tus impuestos","publisher":{"@id":"https:\/\/taxfix.com\/es-es\/#organization"},"potentialAction":[{"@type":"SearchAction","target":{"@type":"EntryPoint","urlTemplate":"https:\/\/taxfix.com\/es-es\/?s={search_term_string}"},"query-input":{"@type":"PropertyValueSpecification","valueRequired":true,"valueName":"search_term_string"}}],"inLanguage":"es"},{"@type":"Organization","@id":"https:\/\/taxfix.com\/es-es\/#organization","name":"Taxfix","url":"https:\/\/taxfix.com\/es-es\/","logo":{"@type":"ImageObject","inLanguage":"es","@id":"https:\/\/taxfix.com\/es-es\/#\/schema\/logo\/image\/","url":"https:\/\/taxfix.com\/es-es\/wp-content\/uploads\/1692.png","contentUrl":"https:\/\/taxfix.com\/es-es\/wp-content\/uploads\/1692.png","width":192,"height":40,"caption":"Taxfix"},"image":{"@id":"https:\/\/taxfix.com\/es-es\/#\/schema\/logo\/image\/"},"sameAs":["https:\/\/www.facebook.com\/taxfix_es\/","https:\/\/www.linkedin.com\/company\/taxfix\/"]}]}},"_links":{"self":[{"href":"https:\/\/taxfix.com\/es-es\/wp-json\/wp\/v2\/pages\/23802","targetHints":{"allow":["GET"]}}],"collection":[{"href":"https:\/\/taxfix.com\/es-es\/wp-json\/wp\/v2\/pages"}],"about":[{"href":"https:\/\/taxfix.com\/es-es\/wp-json\/wp\/v2\/types\/page"}],"author":[{"embeddable":true,"href":"https:\/\/taxfix.com\/es-es\/wp-json\/wp\/v2\/users\/1"}],"replies":[{"embeddable":true,"href":"https:\/\/taxfix.com\/es-es\/wp-json\/wp\/v2\/comments?post=23802"}],"version-history":[{"count":3,"href":"https:\/\/taxfix.com\/es-es\/wp-json\/wp\/v2\/pages\/23802\/revisions"}],"predecessor-version":[{"id":24499,"href":"https:\/\/taxfix.com\/es-es\/wp-json\/wp\/v2\/pages\/23802\/revisions\/24499"}],"up":[{"embeddable":true,"href":"https:\/\/taxfix.com\/es-es\/wp-json\/wp\/v2\/pages\/8192"}],"wp:attachment":[{"href":"https:\/\/taxfix.com\/es-es\/wp-json\/wp\/v2\/media?parent=23802"}],"curies":[{"name":"wp","href":"https:\/\/api.w.org\/{rel}","templated":true}]}}