{"id":23817,"date":"2025-04-29T14:48:50","date_gmt":"2025-04-29T12:48:50","guid":{"rendered":"https:\/\/taxfix.com\/es-es\/?page_id=23817"},"modified":"2026-03-18T11:41:18","modified_gmt":"2026-03-18T10:41:18","slug":"precios-asesoria-online-empresas","status":"publish","type":"page","link":"https:\/\/taxfix.com\/es-es\/precios-asesoria-online-empresas\/","title":{"rendered":"Precios asesoria online empresas (no)"},"content":{"rendered":"<div class=\"b-boxes m-boxes-1  m-align-center\">\n\n    <div class=\"c-container m-mobile-wide\">\n\n        <div class=\"b-boxes__inner\">\n\n            \n                \n                \n            <div class=\"b-boxes__item m-mint\">\n\n                <div class=\"b-boxes__item-inner\">\n\n                                        <h2 class=\"b-boxes__item-title\">Bye bye, tr\u00e1mites y papeleo \ud83d\udc4b<\/h2>\n                    \n                    \n                                        <div class=\"b-boxes__item-body\">\n                        <div class=\"b-block-body  m-large\"><p>No importa si vas a empezar o si ya est\u00e1s facturando. Elige tu Pack Empresas y pon el piloto autom\u00e1tico: del resto nos encargamos nosotros.<\/p>\n<\/div>\n                    <\/div>\n                    \n                    \n                    <div class=\"b-boxes__action\">\n\n                        <a data-js=\"openAuth\" data-view=\"registrarse\" href=\"https:\/\/taxfix.com\/es-es\/app\/signup\" class=\"gtm-get-started-button c-button   m-mobile-fullwidth\" data-variant=\"VARIANT_NAME\"onClick=\"javascript:setVariantAndInitialTier('VARIANT_NAME', '');\">Crea tu cuenta<\/a>\n\n\n                                            <\/div>\n\n                                    <\/div>\n            <\/div>\n\n                            \n        <\/div>\n    <\/div>\n<\/div> <!-- .b-boxes -->\n\n\n\n<div class=\"b-testimonials-v2 m-white\">\n\n    <div class=\"b-block-header \">\n\n        <h2 class=\"b-block-header__title\">Un mont\u00f3n de aut\u00f3nomos y empresas nos recomiendan<\/h2>\n    \n    \n<\/div>\n\n\n    <div class=\"b-testimonials-v2__slider\">\n        <div class=\"c-container m-mobile-full\">\n\n            <div data-react=\"block-testimonials\" data-options='{\n                \"reviewsUrl\": \"https:\/\/search.google.com\/local\/reviews?placeid=ChIJuTceuAkpQg0RfnDvQozJT00\",\n                \"testimonials\": [{&quot;body&quot;:&quot;Llevo un a\\u00f1o con ellos y de momento solo puedo decir que es un servicio excelente. Mi asesor es el mejor del mundo, siempre dispuesto a aclarar dudas, a ayudar... \\u00a1Un servicio de 10!&quot;,&quot;author&quot;:&quot;Ari Korrales&quot;,&quot;stars&quot;:&quot;5&quot;,&quot;link&quot;:&quot;https:\\\/\\\/g.co\\\/kgs\\\/CP4mCE&quot;},{&quot;body&quot;:&quot;Desde 314 Soluciones estamos muy contentos con la atenci\\u00f3n y el servicio que nos brindan y la profesionalidad con la que gestionan todo lo de nuestra empresa. 10 de 10 recomendados al 100%&quot;,&quot;author&quot;:&quot;Alfredo Barrios&quot;,&quot;stars&quot;:&quot;5&quot;,&quot;link&quot;:&quot;https:\\\/\\\/maps.app.goo.gl\\\/M19tS8h6awpXr4gW9&quot;},{&quot;body&quot;:&quot;Muy buen servicio, siempre te recomiendan las mejores opciones para tu empresa o aut\\u00f3nomo que es mi caso. De mucha ayuda cuando tienes cualquier consulta.&quot;,&quot;author&quot;:&quot;Jorge Alarc\\u00f3n&quot;,&quot;stars&quot;:&quot;5&quot;,&quot;link&quot;:&quot;https:\\\/\\\/maps.app.goo.gl\\\/eELynPV45kE123pV8&quot;}]\n            }'><\/div>\n        <\/div>\n    <\/div>\n\n    \n    \n    <div class=\"b-testimonials-v2__google\">\n        <div class=\"b-testimonials-v2__google-text\">Valoraci\u00f3n de  4,5\/5. Ver todas las opiniones en <a href=\"https:\/\/search.google.com\/local\/reviews?placeid=ChIJuTceuAkpQg0RfnDvQozJT00\" target=\"_blank\">Google<\/a><\/div>\n        <a href=\"https:\/\/search.google.com\/local\/reviews?placeid=ChIJuTceuAkpQg0RfnDvQozJT00\" target=\"_blank\"  class=\"b-testimonials-v2__google-logo\"><svg width=\"270px\" height=\"89px\" viewBox=\"0 0 270 89\" version=\"1.1\" xmlns=\"http:\/\/www.w3.org\/2000\/svg\" xmlns:xlink=\"http:\/\/www.w3.org\/1999\/xlink\"><g stroke=\"none\" stroke-width=\"1\" fill=\"none\" fill-rule=\"evenodd\"><g fill-rule=\"nonzero\"><path d=\"M115.39,46.71 C115.39,59.48 105.4,68.89 93.14,68.89 C80.88,68.89 70.89,59.48 70.89,46.71 C70.89,33.85 80.88,24.53 93.14,24.53 C105.4,24.53 115.39,33.85 115.39,46.71 Z M105.65,46.71 C105.65,38.73 99.86,33.27 93.14,33.27 C86.42,33.27 80.63,38.73 80.63,46.71 C80.63,54.61 86.42,60.15 93.14,60.15 C99.86,60.15 105.65,54.6 105.65,46.71 Z\" id=\"Shape\" fill=\"#EA4335\"><\/path><path d=\"M163.39,46.71 C163.39,59.48 153.4,68.89 141.14,68.89 C128.88,68.89 118.89,59.48 118.89,46.71 C118.89,33.86 128.88,24.53 141.14,24.53 C153.4,24.53 163.39,33.85 163.39,46.71 Z M153.65,46.71 C153.65,38.73 147.86,33.27 141.14,33.27 C134.42,33.27 128.63,38.73 128.63,46.71 C128.63,54.61 134.42,60.15 141.14,60.15 C147.86,60.15 153.65,54.6 153.65,46.71 Z\" id=\"Shape\" fill=\"#FBBC05\"><\/path><path d=\"M209.39,25.87 L209.39,65.69 C209.39,82.07 199.73,88.76 188.31,88.76 C177.56,88.76 171.09,81.57 168.65,75.69 L177.13,72.16 C178.64,75.77 182.34,80.03 188.3,80.03 C195.61,80.03 200.14,75.52 200.14,67.03 L200.14,63.84 L199.8,63.84 C197.62,66.53 193.42,68.88 188.12,68.88 C177.03,68.88 166.87,59.22 166.87,46.79 C166.87,34.27 177.03,24.53 188.12,24.53 C193.41,24.53 197.61,26.88 199.8,29.49 L200.14,29.49 L200.14,25.88 L209.39,25.88 L209.39,25.87 Z M200.83,46.79 C200.83,38.98 195.62,33.27 188.99,33.27 C182.27,33.27 176.64,38.98 176.64,46.79 C176.64,54.52 182.27,60.15 188.99,60.15 C195.62,60.15 200.83,54.52 200.83,46.79 Z\" id=\"Shape\" fill=\"#4285F4\"><\/path><polygon fill=\"#34A853\" points=\"224.64 2.53 224.64 67.53 215.14 67.53 215.14 2.53\"><\/polygon><path d=\"M261.66,54.01 L269.22,59.05 C266.78,62.66 260.9,68.88 250.74,68.88 C238.14,68.88 228.73,59.14 228.73,46.7 C228.73,33.51 238.22,24.52 249.65,24.52 C261.16,24.52 266.79,33.68 268.63,38.63 L269.64,41.15 L239.99,53.43 C242.26,57.88 245.79,60.15 250.74,60.15 C255.7,60.15 259.14,57.71 261.66,54.01 Z M238.39,46.03 L258.21,37.8 C257.12,35.03 253.84,33.1 249.98,33.1 C245.03,33.1 238.14,37.47 238.39,46.03 L238.39,46.03 Z\" id=\"Shape\" fill=\"#EA4335\"><\/path><path d=\"M34.93,40.94 L34.93,31.53 L66.64,31.53 C66.95,33.17 67.11,35.11 67.11,37.21 C67.11,44.27 65.18,53 58.96,59.22 C52.91,65.52 45.18,68.88 34.94,68.88 C15.96,68.88 0,53.42 0,34.44 C0,15.46 15.96,0 34.94,0 C45.44,0 52.92,4.12 58.54,9.49 L51.9,16.13 C47.87,12.35 42.41,9.41 34.93,9.41 C21.07,9.41 10.23,20.58 10.23,34.44 C10.23,48.3 21.07,59.47 34.93,59.47 C43.92,59.47 49.04,55.86 52.32,52.58 C54.98,49.92 56.73,46.12 57.42,40.93 L34.93,40.94 Z\" id=\"Path\" fill=\"#4285F4\"><\/path><\/g><\/g><\/svg><\/a>\n    <\/div>\n\n    \n<\/div> <!-- .b-testimonials-v2 -->\n\n\n\n<div class=\"b-faqs\">\n\n    <div class=\"c-container m-mobile-full\">\n\n        <div class=\"b-faqs__inner\">\n\n            <div class=\"b-faqs__content\">\n                <div class=\"b-faqs__content-inner\">\n\n                    \n                    <h2 class=\"b-faqs__title\">Preguntas frecuentes<\/h2>\n\n                                        \n                    \n                    <div class=\"b-faqs__body\">\n                        <div class=\"b-block-body\"><p>Si tienes m\u00e1s dudas sobre c\u00f3mo funciona nuestro servicio de asesor\u00eda para empresas, preg\u00fantanos en el chat o ll\u00e1manos al <a href=\"tel:919017251\">919 01 72 51<\/a>.<\/p>\n<\/div>\n                    <\/div>\n\n                                    <\/div>\n            <\/div>\n\n            \n            \n            <div class=\"b-faqs__list\">\n                <div class=\"b-faqs__list-inner\">\n\n                    \n                    \n                    <div class=\"b-faqs__item \">\n                        <button class=\"b-faqs__item-question\" data-js=\"faqItemTitle\">\u00bfPara qui\u00e9n es el Pack Empresas?<\/button>\n                        <div class=\"b-faqs__item-answer\">\n                            <div class=\"b-block-body\"><p><span style=\"font-weight: 400;\">Para todos los que tengan una sociedad o quieran tenerla. Nuestro servicio de asesor\u00eda de empresas les vendr\u00e1n de perlas a:<\/span><span style=\"font-weight: 400;\"><br \/>\n<\/span><\/p>\n<ul>\n<li style=\"font-weight: 400;\" aria-level=\"1\"><span style=\"font-weight: 400;\">Aut\u00f3nomos que decidan formar una SL por su tipo de actividad<\/span><\/li>\n<li style=\"font-weight: 400;\" aria-level=\"1\"><span style=\"font-weight: 400;\">Particulares que formen una sociedad para gestionar alquileres u otros bienes, por ejemplo<\/span><\/li>\n<li style=\"font-weight: 400;\" aria-level=\"1\"><span style=\"font-weight: 400;\">Sociedades con menos de 500.000 euros de beneficio anual y con entorno a los cinco empleados.<\/span><\/li>\n<\/ul>\n<p><span style=\"font-weight: 400;\">Seas la SL que seas, tu asesor fiscal de empresas siempre se encargar\u00e1 de todos tus papeleos.<\/span><span style=\"font-weight: 400;\"><br \/>\n<\/span><\/p>\n<\/div>\n                        <\/div>\n                    <\/div>\n\n                    \n                    \n                    \n                    <div class=\"b-faqs__item \">\n                        <button class=\"b-faqs__item-question\" data-js=\"faqItemTitle\">\u00bfQu\u00e9 documentos necesitamos para darte de alta en nuestra gestor\u00eda online para empresas?<\/button>\n                        <div class=\"b-faqs__item-answer\">\n                            <div class=\"b-block-body\"><p><span style=\"font-weight: 400;\">Para suscribirte al Pack Empresas tendr\u00e1s que proporcionarnos un documento identificativo. Es decir, necesitaremos tu DNI o un documento equivalente, si resulta que eres extranjero.<\/span><\/p>\n<\/div>\n                        <\/div>\n                    <\/div>\n\n                    \n                    \n                    \n                    <div class=\"b-faqs__item \">\n                        <button class=\"b-faqs__item-question\" data-js=\"faqItemTitle\">\u00bfQu\u00e9 pasa si no tengo el mismo n\u00famero de facturas todos los meses?<\/button>\n                        <div class=\"b-faqs__item-answer\">\n                            <div class=\"b-block-body\"><p>Que no cunda el p\u00e1nico. Sabemos que la contabilidad de un negocio puede variar mes a mes, por eso te recomendamos elegir el Pack que mejor se adapte a la actividad habitual de tu empresa. Si en alg\u00fan momento tienes m\u00e1s facturas de las incluidas en tu Pack, el sistema ajustar\u00e1 autom\u00e1ticamente tu cuota para contabilizarlas todas.<\/p>\n<p>Ve\u00e1moslo con un ejemplo:<br aria-hidden=\"true\" \/>Supongamos que eliges el Pack de 20 facturas porque normalmente gestionas unas 15 transacciones al mes. Si un mes llegas a tener 25 transacciones, el sistema actualizar\u00e1 tu suscripci\u00f3n al Pack de 50 facturas para incluirlas todas. Si en los meses siguientes vuelves a tu media de 15 transacciones, tu cuota se ajustar\u00e1 de nuevo autom\u00e1ticamente.<\/p>\n<\/div>\n                        <\/div>\n                    <\/div>\n\n                    \n                    \n                    \n                    <div class=\"b-faqs__item \">\n                        <button class=\"b-faqs__item-question\" data-js=\"faqItemTitle\">\u00bfLos precios incluyen IVA?<\/button>\n                        <div class=\"b-faqs__item-answer\">\n                            <div class=\"b-block-body\"><p>Alguno s\u00ed (Pack Renta) y algunos no (Packs Aut\u00f3nomos y Pack Empresa). Te contamos.<\/p>\n<p>A los particulares Hacienda no les devuelve el IVA cuando les hacemos la declaraci\u00f3n de la renta porque el servicio que contratan (el Pack Renta) no est\u00e1 relacionado con su actividad profesional. Por eso, el Pack Renta incluye el IVA.<\/p>\n<p>En cambio, a los aut\u00f3nomos y empresas, Hacienda generalmente les devuelve el IVA, ya que los servicios que est\u00e1n contratando (Packs Aut\u00f3nomos o Pack Empresas) est\u00e1n relacionados con su actividad profesional. Para reflejar esta devoluci\u00f3n, no incluimos el IVA en los precios de estos Packs. Aunque se te cobre cuando te suscribas, tu asesor online se encargar\u00e1 de ajustar tus cuentas con Hacienda despu\u00e9s \ud83d\udc4c.<\/p>\n<\/div>\n                        <\/div>\n                    <\/div>\n\n                    \n                    \n                    \n                    <div class=\"b-faqs__item \">\n                        <button class=\"b-faqs__item-question\" data-js=\"faqItemTitle\">\u00bfHay permanencia?<\/button>\n                        <div class=\"b-faqs__item-answer\">\n                            <div class=\"b-block-body\"><p>No, como las buenas compa\u00f1\u00edas, no tenemos permanencia. Puedes darte de baja cuando quieras desde tu zona de usuario y en un solo clic (\u00a1oye, pero que sea tan f\u00e1cil no significa que no nos da penita verte marchar, eh!).<\/p>\n<p>Ten en cuenta que si te das de baja de un Pack Aut\u00f3nomos o Empresas y quieres volver a activar tu suscripci\u00f3n, tendr\u00e1n que haber pasado al menos 4 meses desde tu cancelaci\u00f3n. Si no, tendr\u00e1s que ponerte al d\u00eda con los pagos atrasados de ese periodo.<\/p>\n<\/div>\n                        <\/div>\n                    <\/div>\n\n                    \n                    \n                    \n                    <div class=\"b-faqs__item \">\n                        <button class=\"b-faqs__item-question\" data-js=\"faqItemTitle\">\u00bfQu\u00e9 pasa si tengo m\u00e1s de 20 facturas al mes?<\/button>\n                        <div class=\"b-faqs__item-answer\">\n                            <div class=\"b-block-body\"><p>No te preocupes. Sabemos que es el n\u00famero puede variar, por eso, te recomendamos elegir el Pack que mejor se adapte a la <strong>actividad habitual de tu empresa<\/strong>. Si en alg\u00fan momento tienes m\u00e1s facturas de las incluidas en tu Pack, el sistema <strong>ajustar\u00e1 autom\u00e1ticamente tu cuota<\/strong> para contabilizarlas todas.<\/p>\n<p>Ve\u00e1moslo con un ejemplo:<br aria-hidden=\"true\" \/>Supongamos que eliges el Pack de 20 facturas porque normalmente gestionas unas 15 transacciones al mes. Si un mes llegas a tener 25 transacciones, el sistema actualizar\u00e1 tu suscripci\u00f3n al Pack de 50 facturas para incluirlas todas. Si en los meses siguientes vuelves a tu media de 15 transacciones, tu cuota se ajustar\u00e1 de nuevo autom\u00e1ticamente.<\/p>\n<ul>\n<li style=\"font-weight: 400;\" aria-level=\"1\"><span style=\"font-weight: 400;\">Hasta 50 facturas al mes por un precio fijo de 89,90\u20ac + IVA al mes.<\/span><\/li>\n<li style=\"font-weight: 400;\" aria-level=\"1\"><span style=\"font-weight: 400;\">Hasta 100 facturas al mes por un precio fijo de 159,90\u20ac +IVA al mes.<\/span><\/li>\n<\/ul>\n<p><span style=\"font-weight: 400;\">Si esperas tener m\u00e1s de 100 facturas al mes, escr\u00edbenos <a href=\"#\" data-js=\"intercom_open\">a trav\u00e9s del chat<\/a>, env\u00edanos un correo electr\u00f3nico a <a class=\"c-link\" href=\"mailto:soporte@taxfix.es\" target=\"_blank\" rel=\"noopener noreferrer\" data-stringify-link=\"mailto:soporte@taxfix.es\" data-sk=\"tooltip_parent\" aria-haspopup=\"menu\">soporte@taxfix.es<\/a> o ll\u00e1manos al 919017251, y te contamos m\u00e1s opciones de suscripci\u00f3n.<\/span><\/p>\n<\/div>\n                        <\/div>\n                    <\/div>\n\n                    \n                                        \n                <\/div>\n            <\/div>\n\n            \n        <\/div>\n    <\/div>\n<\/div> <!-- .b-faqs -->\n\n\n\n<div class=\"b-boxes m-boxes-1  m-align-center\">\n\n    <div class=\"c-container m-mobile-wide\">\n\n        <div class=\"b-boxes__inner\">\n\n            \n                \n                \n            <div class=\"b-boxes__item m-mint\">\n\n                <div class=\"b-boxes__item-inner\">\n\n                                        <h2 class=\"b-boxes__item-title\">Qu\u00e9, \u00bfempezamos?<\/h2>\n                    \n                    \n                                        <div class=\"b-boxes__item-body\">\n                        <div class=\"b-block-body  m-large\"><p>Reg\u00edstrate y te conectamos con tu asesor. Se pondr\u00e1 manos a la obra con los tr\u00e1mites de tu empresa.<\/p>\n<\/div>\n                    <\/div>\n                    \n                    \n                    <div class=\"b-boxes__action\">\n\n                        <a data-js=\"openAuth\" data-view=\"registrarse\" href=\"https:\/\/taxfix.com\/es-es\/app\/signup\" class=\"gtm-get-started-button c-button   m-mobile-fullwidth\" data-variant=\"VARIANT_NAME\"onClick=\"javascript:setVariantAndInitialTier('VARIANT_NAME', '');\">Crea tu cuenta<\/a>\n\n\n                                            <\/div>\n\n                                    <\/div>\n            <\/div>\n\n                            \n        <\/div>\n    <\/div>\n<\/div> <!-- .b-boxes -->\n\n","protected":false},"excerpt":{"rendered":"","protected":false},"author":1,"featured_media":0,"parent":0,"menu_order":0,"comment_status":"closed","ping_status":"closed","template":"views\/template-company-pricing.blade.php","meta":{"_acf_changed":false,"footnotes":""},"class_list":["post-23817","page","type-page","status-publish","hentry"],"acf":[],"yoast_head":"<!-- This site is optimized with the Yoast SEO plugin v25.8 - https:\/\/yoast.com\/wordpress\/plugins\/seo\/ -->\n<title>Precios sin sorpresas - Asesoria online para empresas \u2013 Taxfix<\/title>\n<meta name=\"description\" content=\"Gestiona los impuestos y obligaciones de tu empresa desde una \u00fanica plataforma. Con asesor personal incluido y precio fijo, sin sorpresas.\" \/>\n<meta name=\"robots\" content=\"index, follow, max-snippet:-1, max-image-preview:large, max-video-preview:-1\" \/>\n<link rel=\"canonical\" href=\"https:\/\/taxfix.com\/es-es\/precios-asesoria-online-empresas\/\" \/>\n<meta property=\"og:locale\" content=\"es_ES\" \/>\n<meta property=\"og:type\" content=\"article\" \/>\n<meta property=\"og:title\" content=\"Precios sin sorpresas - Asesoria online para empresas \u2013 Taxfix\" \/>\n<meta property=\"og:description\" content=\"Gestiona los impuestos y obligaciones de tu empresa desde una \u00fanica plataforma. Con asesor personal incluido y precio fijo, sin sorpresas.\" \/>\n<meta property=\"og:url\" content=\"https:\/\/taxfix.com\/es-es\/precios-asesoria-online-empresas\/\" \/>\n<meta property=\"og:site_name\" content=\"Taxfix\" \/>\n<meta property=\"article:publisher\" content=\"https:\/\/www.facebook.com\/taxfix_es\/\" \/>\n<meta property=\"article:modified_time\" content=\"2026-03-18T10:41:18+00:00\" \/>\n<meta property=\"og:image\" content=\"https:\/\/taxfix.com\/es-es\/wp-content\/uploads\/eyJhc3NldF9pZCI6NTY3OH0_taxfix-gmbh_UwIjumOzeyPqNyDgJ1bVY_OROVADgg2mBtzSX1XQ7A0.jpg\" \/>\n\t<meta property=\"og:image:width\" content=\"1200\" \/>\n\t<meta property=\"og:image:height\" content=\"628\" \/>\n\t<meta property=\"og:image:type\" content=\"image\/jpeg\" \/>\n<meta name=\"twitter:card\" content=\"summary_large_image\" \/>\n<script type=\"application\/ld+json\" class=\"yoast-schema-graph\">{\"@context\":\"https:\/\/schema.org\",\"@graph\":[{\"@type\":\"WebPage\",\"@id\":\"https:\/\/taxfix.com\/es-es\/precios-asesoria-online-empresas\/\",\"url\":\"https:\/\/taxfix.com\/es-es\/precios-asesoria-online-empresas\/\",\"name\":\"Precios sin sorpresas - Asesoria online para empresas \u2013 Taxfix\",\"isPartOf\":{\"@id\":\"https:\/\/taxfix.com\/es-es\/#website\"},\"datePublished\":\"2025-04-29T12:48:50+00:00\",\"dateModified\":\"2026-03-18T10:41:18+00:00\",\"description\":\"Gestiona los impuestos y obligaciones de tu empresa desde una \u00fanica plataforma. Con asesor personal incluido y precio fijo, sin sorpresas.\",\"breadcrumb\":{\"@id\":\"https:\/\/taxfix.com\/es-es\/precios-asesoria-online-empresas\/#breadcrumb\"},\"inLanguage\":\"es\",\"potentialAction\":[{\"@type\":\"ReadAction\",\"target\":[\"https:\/\/taxfix.com\/es-es\/precios-asesoria-online-empresas\/\"]}]},{\"@type\":\"BreadcrumbList\",\"@id\":\"https:\/\/taxfix.com\/es-es\/precios-asesoria-online-empresas\/#breadcrumb\",\"itemListElement\":[{\"@type\":\"ListItem\",\"position\":1,\"name\":\"Taxfix\",\"item\":\"https:\/\/taxfix.com\/es-es\/\"},{\"@type\":\"ListItem\",\"position\":2,\"name\":\"Precios asesoria online empresas (no)\"}]},{\"@type\":\"WebSite\",\"@id\":\"https:\/\/taxfix.com\/es-es\/#website\",\"url\":\"https:\/\/taxfix.com\/es-es\/\",\"name\":\"Taxfix\",\"description\":\"La mejor forma de presentar tus impuestos\",\"publisher\":{\"@id\":\"https:\/\/taxfix.com\/es-es\/#organization\"},\"potentialAction\":[{\"@type\":\"SearchAction\",\"target\":{\"@type\":\"EntryPoint\",\"urlTemplate\":\"https:\/\/taxfix.com\/es-es\/?s={search_term_string}\"},\"query-input\":{\"@type\":\"PropertyValueSpecification\",\"valueRequired\":true,\"valueName\":\"search_term_string\"}}],\"inLanguage\":\"es\"},{\"@type\":\"Organization\",\"@id\":\"https:\/\/taxfix.com\/es-es\/#organization\",\"name\":\"Taxfix\",\"url\":\"https:\/\/taxfix.com\/es-es\/\",\"logo\":{\"@type\":\"ImageObject\",\"inLanguage\":\"es\",\"@id\":\"https:\/\/taxfix.com\/es-es\/#\/schema\/logo\/image\/\",\"url\":\"https:\/\/taxfix.com\/es-es\/wp-content\/uploads\/1692.png\",\"contentUrl\":\"https:\/\/taxfix.com\/es-es\/wp-content\/uploads\/1692.png\",\"width\":192,\"height\":40,\"caption\":\"Taxfix\"},\"image\":{\"@id\":\"https:\/\/taxfix.com\/es-es\/#\/schema\/logo\/image\/\"},\"sameAs\":[\"https:\/\/www.facebook.com\/taxfix_es\/\",\"https:\/\/www.linkedin.com\/company\/taxfix\/\"]}]}<\/script>\n<!-- \/ Yoast SEO plugin. -->","yoast_head_json":{"title":"Precios sin sorpresas - Asesoria online para empresas \u2013 Taxfix","description":"Gestiona los impuestos y obligaciones de tu empresa desde una \u00fanica plataforma. Con asesor personal incluido y precio fijo, sin sorpresas.","robots":{"index":"index","follow":"follow","max-snippet":"max-snippet:-1","max-image-preview":"max-image-preview:large","max-video-preview":"max-video-preview:-1"},"canonical":"https:\/\/taxfix.com\/es-es\/precios-asesoria-online-empresas\/","og_locale":"es_ES","og_type":"article","og_title":"Precios sin sorpresas - Asesoria online para empresas \u2013 Taxfix","og_description":"Gestiona los impuestos y obligaciones de tu empresa desde una \u00fanica plataforma. Con asesor personal incluido y precio fijo, sin sorpresas.","og_url":"https:\/\/taxfix.com\/es-es\/precios-asesoria-online-empresas\/","og_site_name":"Taxfix","article_publisher":"https:\/\/www.facebook.com\/taxfix_es\/","article_modified_time":"2026-03-18T10:41:18+00:00","og_image":[{"width":1200,"height":628,"url":"https:\/\/taxfix.com\/es-es\/wp-content\/uploads\/eyJhc3NldF9pZCI6NTY3OH0_taxfix-gmbh_UwIjumOzeyPqNyDgJ1bVY_OROVADgg2mBtzSX1XQ7A0.jpg","type":"image\/jpeg"}],"twitter_card":"summary_large_image","schema":{"@context":"https:\/\/schema.org","@graph":[{"@type":"WebPage","@id":"https:\/\/taxfix.com\/es-es\/precios-asesoria-online-empresas\/","url":"https:\/\/taxfix.com\/es-es\/precios-asesoria-online-empresas\/","name":"Precios sin sorpresas - Asesoria online para empresas \u2013 Taxfix","isPartOf":{"@id":"https:\/\/taxfix.com\/es-es\/#website"},"datePublished":"2025-04-29T12:48:50+00:00","dateModified":"2026-03-18T10:41:18+00:00","description":"Gestiona los impuestos y obligaciones de tu empresa desde una \u00fanica plataforma. Con asesor personal incluido y precio fijo, sin sorpresas.","breadcrumb":{"@id":"https:\/\/taxfix.com\/es-es\/precios-asesoria-online-empresas\/#breadcrumb"},"inLanguage":"es","potentialAction":[{"@type":"ReadAction","target":["https:\/\/taxfix.com\/es-es\/precios-asesoria-online-empresas\/"]}]},{"@type":"BreadcrumbList","@id":"https:\/\/taxfix.com\/es-es\/precios-asesoria-online-empresas\/#breadcrumb","itemListElement":[{"@type":"ListItem","position":1,"name":"Taxfix","item":"https:\/\/taxfix.com\/es-es\/"},{"@type":"ListItem","position":2,"name":"Precios asesoria online empresas (no)"}]},{"@type":"WebSite","@id":"https:\/\/taxfix.com\/es-es\/#website","url":"https:\/\/taxfix.com\/es-es\/","name":"Taxfix","description":"La mejor forma de presentar tus impuestos","publisher":{"@id":"https:\/\/taxfix.com\/es-es\/#organization"},"potentialAction":[{"@type":"SearchAction","target":{"@type":"EntryPoint","urlTemplate":"https:\/\/taxfix.com\/es-es\/?s={search_term_string}"},"query-input":{"@type":"PropertyValueSpecification","valueRequired":true,"valueName":"search_term_string"}}],"inLanguage":"es"},{"@type":"Organization","@id":"https:\/\/taxfix.com\/es-es\/#organization","name":"Taxfix","url":"https:\/\/taxfix.com\/es-es\/","logo":{"@type":"ImageObject","inLanguage":"es","@id":"https:\/\/taxfix.com\/es-es\/#\/schema\/logo\/image\/","url":"https:\/\/taxfix.com\/es-es\/wp-content\/uploads\/1692.png","contentUrl":"https:\/\/taxfix.com\/es-es\/wp-content\/uploads\/1692.png","width":192,"height":40,"caption":"Taxfix"},"image":{"@id":"https:\/\/taxfix.com\/es-es\/#\/schema\/logo\/image\/"},"sameAs":["https:\/\/www.facebook.com\/taxfix_es\/","https:\/\/www.linkedin.com\/company\/taxfix\/"]}]}},"_links":{"self":[{"href":"https:\/\/taxfix.com\/es-es\/wp-json\/wp\/v2\/pages\/23817","targetHints":{"allow":["GET"]}}],"collection":[{"href":"https:\/\/taxfix.com\/es-es\/wp-json\/wp\/v2\/pages"}],"about":[{"href":"https:\/\/taxfix.com\/es-es\/wp-json\/wp\/v2\/types\/page"}],"author":[{"embeddable":true,"href":"https:\/\/taxfix.com\/es-es\/wp-json\/wp\/v2\/users\/1"}],"replies":[{"embeddable":true,"href":"https:\/\/taxfix.com\/es-es\/wp-json\/wp\/v2\/comments?post=23817"}],"version-history":[{"count":8,"href":"https:\/\/taxfix.com\/es-es\/wp-json\/wp\/v2\/pages\/23817\/revisions"}],"predecessor-version":[{"id":29261,"href":"https:\/\/taxfix.com\/es-es\/wp-json\/wp\/v2\/pages\/23817\/revisions\/29261"}],"wp:attachment":[{"href":"https:\/\/taxfix.com\/es-es\/wp-json\/wp\/v2\/media?parent=23817"}],"curies":[{"name":"wp","href":"https:\/\/api.w.org\/{rel}","templated":true}]}}