{"id":24269,"date":"2025-06-09T09:51:54","date_gmt":"2025-06-09T07:51:54","guid":{"rendered":"https:\/\/taxfix.com\/es-es\/?page_id=24269"},"modified":"2025-09-17T15:53:20","modified_gmt":"2025-09-17T13:53:20","slug":"terminos-y-condiciones-qonto","status":"publish","type":"page","link":"https:\/\/taxfix.com\/es-es\/terminos-y-condiciones-qonto\/","title":{"rendered":"T\u00e9rminos y condiciones Qonto"},"content":{"rendered":"<div class=\"c-block-body m-white  m-narrow\">\n\n    <div class=\"c-container\">\n\n        <div class=\"c-block-body__content\">\n\n            \n            <div class=\"c-body\"><p><strong>T\u00c9RMINOS Y CONDICIONES DE LA PROMOCI\u00d3N PARA USUARIOS DE QONTO EN TAXFIX<\/strong><\/p>\n<ol>\n<li><strong>Elegibilidad:<\/strong>\n<ul>\n<li>Podr\u00e1n participar todos los nuevos suscriptores de cualquiera de nuestros Pack Aut\u00f3nomos o del Pack Empresas en <a href=\"https:\/\/taxfix.com\/es-es\/\" target=\"_blank\" rel=\"noopener\">www.taxfix.com\/es-es<\/a> (Espa\u00f1a).<\/li>\n<li>Los suscriptores anteriores de cualquiera de nuestros Pack Aut\u00f3nomos o del Pack Empresas en <a href=\"https:\/\/taxfix.com\/es-es\/\" target=\"_blank\" rel=\"noopener\">www.taxfix.com\/es-es<\/a>\u00a0(Espa\u00f1a) no son elegibles para esta promoci\u00f3n.<\/li>\n<\/ul>\n<\/li>\n<li><strong>Detalles de la Oferta:<\/strong>\n<ul>\n<li>Los participantes elegibles recibir\u00e1n una suscripci\u00f3n gratuita de 3 meses a cualquiera de nuestros Pack Aut\u00f3nomos o al Pack Empresas.<\/li>\n<\/ul>\n<\/li>\n<li><strong>Activaci\u00f3n:<\/strong>\n<ul>\n<li>El per\u00edodo de suscripci\u00f3n gratuita comenzar\u00e1 inmediatamente despu\u00e9s de realizar la suscripci\u00f3n correctamente.<\/li>\n<li>Los suscriptores deben proporcionar un m\u00e9todo de pago v\u00e1lido en el momento de la inscripci\u00f3n, pero no se les cobrar\u00e1 hasta que finalice el per\u00edodo promocional de 3 meses.<\/li>\n<\/ul>\n<\/li>\n<li><strong>Finalizaci\u00f3n del Per\u00edodo Promocional:<\/strong>\n<ul>\n<li>Al finalizar el per\u00edodo promocional de 3 meses, a los suscriptores se les cobrar\u00e1 autom\u00e1ticamente la tarifa de suscripci\u00f3n regular a menos que hayan cancelado su suscripci\u00f3n previamente.<\/li>\n<li>Los suscriptores pueden cancelar la suscripci\u00f3n en cualquier momento durante el per\u00edodo promocional.<\/li>\n<\/ul>\n<\/li>\n<li><strong>Limitaciones:<\/strong>\n<ul>\n<li>S\u00f3lo se permite una oferta promocional por persona.<\/li>\n<li>La promoci\u00f3n no puede combinarse con otras ofertas o descuentos.<\/li>\n<\/ul>\n<\/li>\n<li><strong>T\u00e9rminos Generales:<\/strong>\n<ul>\n<li>Taxfix se reserva el derecho de modificar, suspender o finalizar esta promoci\u00f3n en cualquier momento y sin previo aviso.<\/li>\n<li>Cualquier abuso o actividad fraudulenta relacionada con esta promoci\u00f3n resultar\u00e1 en la terminaci\u00f3n inmediata de la suscripci\u00f3n y posibles acciones legales.<\/li>\n<\/ul>\n<\/li>\n<li><strong>Privacidad:<\/strong>\n<ul>\n<li>Toda la informaci\u00f3n personal recopilada durante el proceso de inscripci\u00f3n ser\u00e1 utilizada de acuerdo con la pol\u00edtica de privacidad de Taxfix.<\/li>\n<\/ul>\n<\/li>\n<li><strong>Soporte al Cliente:<\/strong>\n<ul>\n<li>Para cualquier problema o consulta relacionada con la promoci\u00f3n, por favor, contacte con nuestro servicio de atenci\u00f3n al cliente en <a href=\"mailto:soporte@taxfix.es\">soporte@taxfix.es<\/a>.<\/li>\n<\/ul>\n<\/li>\n<\/ol>\n<p>Al participar en esta promoci\u00f3n, el usuario acepta estos t\u00e9rminos y condiciones. Estos t\u00e9rminos son adicionales a cualquier otro acuerdo o t\u00e9rmino establecido en el sitio web <a href=\"https:\/\/taxfix.com\/es-es\/\" target=\"_blank\" rel=\"noopener\">www.taxfix.com\/es-es<\/a>.<\/p>\n<\/div>\n\n            \n        <\/div>\n    <\/div>\n<\/div> <!-- .c-block-body -->\n\n","protected":false},"excerpt":{"rendered":"","protected":false},"author":33,"featured_media":0,"parent":0,"menu_order":0,"comment_status":"closed","ping_status":"closed","template":"views\/template-modular.blade.php","meta":{"_acf_changed":false,"footnotes":""},"class_list":["post-24269","page","type-page","status-publish","hentry"],"acf":[],"yoast_head":"<!-- This site is optimized with the Yoast SEO plugin v25.8 - https:\/\/yoast.com\/wordpress\/plugins\/seo\/ -->\n<title>T\u00e9rminos y condiciones Qonto &#8211; Taxfix<\/title>\n<meta name=\"description\" content=\"Lee los t\u00e9rminos y condiciones de la promoci\u00f3n para usuarios de Qonto que ofrecemos en Taxfix.\" \/>\n<meta name=\"robots\" content=\"noindex, nofollow\" \/>\n<meta property=\"og:locale\" content=\"es_ES\" \/>\n<meta property=\"og:type\" content=\"article\" \/>\n<meta property=\"og:title\" content=\"T\u00e9rminos y condiciones Qonto &#8211; Taxfix\" \/>\n<meta property=\"og:description\" content=\"Lee los t\u00e9rminos y condiciones de la promoci\u00f3n para usuarios de Qonto que ofrecemos en Taxfix.\" \/>\n<meta property=\"og:url\" content=\"https:\/\/taxfix.com\/es-es\/terminos-y-condiciones-qonto\/\" \/>\n<meta property=\"og:site_name\" content=\"Taxfix\" \/>\n<meta property=\"article:publisher\" content=\"https:\/\/www.facebook.com\/taxfix_es\/\" \/>\n<meta property=\"article:modified_time\" content=\"2025-09-17T13:53:20+00:00\" \/>\n<meta property=\"og:image\" content=\"https:\/\/taxfix.com\/es-es\/wp-content\/uploads\/eyJhc3NldF9pZCI6NTY3OH0_taxfix-gmbh_UwIjumOzeyPqNyDgJ1bVY_OROVADgg2mBtzSX1XQ7A0.jpg\" \/>\n\t<meta property=\"og:image:width\" content=\"1200\" \/>\n\t<meta property=\"og:image:height\" content=\"628\" \/>\n\t<meta property=\"og:image:type\" content=\"image\/jpeg\" \/>\n<meta name=\"twitter:card\" content=\"summary_large_image\" \/>\n<script type=\"application\/ld+json\" class=\"yoast-schema-graph\">{\"@context\":\"https:\/\/schema.org\",\"@graph\":[{\"@type\":\"WebPage\",\"@id\":\"https:\/\/taxfix.com\/es-es\/terminos-y-condiciones-qonto\/\",\"url\":\"https:\/\/taxfix.com\/es-es\/terminos-y-condiciones-qonto\/\",\"name\":\"T\u00e9rminos y condiciones Qonto &#8211; Taxfix\",\"isPartOf\":{\"@id\":\"https:\/\/taxfix.com\/es-es\/#website\"},\"datePublished\":\"2025-06-09T07:51:54+00:00\",\"dateModified\":\"2025-09-17T13:53:20+00:00\",\"description\":\"Lee los t\u00e9rminos y condiciones de la promoci\u00f3n para usuarios de Qonto que ofrecemos en Taxfix.\",\"breadcrumb\":{\"@id\":\"https:\/\/taxfix.com\/es-es\/terminos-y-condiciones-qonto\/#breadcrumb\"},\"inLanguage\":\"es\",\"potentialAction\":[{\"@type\":\"ReadAction\",\"target\":[\"https:\/\/taxfix.com\/es-es\/terminos-y-condiciones-qonto\/\"]}]},{\"@type\":\"BreadcrumbList\",\"@id\":\"https:\/\/taxfix.com\/es-es\/terminos-y-condiciones-qonto\/#breadcrumb\",\"itemListElement\":[{\"@type\":\"ListItem\",\"position\":1,\"name\":\"Taxfix\",\"item\":\"https:\/\/taxfix.com\/es-es\/\"},{\"@type\":\"ListItem\",\"position\":2,\"name\":\"T\u00e9rminos y condiciones Qonto\"}]},{\"@type\":\"WebSite\",\"@id\":\"https:\/\/taxfix.com\/es-es\/#website\",\"url\":\"https:\/\/taxfix.com\/es-es\/\",\"name\":\"Taxfix\",\"description\":\"La mejor forma de presentar tus impuestos\",\"publisher\":{\"@id\":\"https:\/\/taxfix.com\/es-es\/#organization\"},\"potentialAction\":[{\"@type\":\"SearchAction\",\"target\":{\"@type\":\"EntryPoint\",\"urlTemplate\":\"https:\/\/taxfix.com\/es-es\/?s={search_term_string}\"},\"query-input\":{\"@type\":\"PropertyValueSpecification\",\"valueRequired\":true,\"valueName\":\"search_term_string\"}}],\"inLanguage\":\"es\"},{\"@type\":\"Organization\",\"@id\":\"https:\/\/taxfix.com\/es-es\/#organization\",\"name\":\"Taxfix\",\"url\":\"https:\/\/taxfix.com\/es-es\/\",\"logo\":{\"@type\":\"ImageObject\",\"inLanguage\":\"es\",\"@id\":\"https:\/\/taxfix.com\/es-es\/#\/schema\/logo\/image\/\",\"url\":\"https:\/\/taxfix.com\/es-es\/wp-content\/uploads\/1692.png\",\"contentUrl\":\"https:\/\/taxfix.com\/es-es\/wp-content\/uploads\/1692.png\",\"width\":192,\"height\":40,\"caption\":\"Taxfix\"},\"image\":{\"@id\":\"https:\/\/taxfix.com\/es-es\/#\/schema\/logo\/image\/\"},\"sameAs\":[\"https:\/\/www.facebook.com\/taxfix_es\/\",\"https:\/\/www.linkedin.com\/company\/taxfix\/\"]}]}<\/script>\n<!-- \/ Yoast SEO plugin. -->","yoast_head_json":{"title":"T\u00e9rminos y condiciones Qonto &#8211; Taxfix","description":"Lee los t\u00e9rminos y condiciones de la promoci\u00f3n para usuarios de Qonto que ofrecemos en Taxfix.","robots":{"index":"noindex","follow":"nofollow"},"og_locale":"es_ES","og_type":"article","og_title":"T\u00e9rminos y condiciones Qonto &#8211; Taxfix","og_description":"Lee los t\u00e9rminos y condiciones de la promoci\u00f3n para usuarios de Qonto que ofrecemos en Taxfix.","og_url":"https:\/\/taxfix.com\/es-es\/terminos-y-condiciones-qonto\/","og_site_name":"Taxfix","article_publisher":"https:\/\/www.facebook.com\/taxfix_es\/","article_modified_time":"2025-09-17T13:53:20+00:00","og_image":[{"width":1200,"height":628,"url":"https:\/\/taxfix.com\/es-es\/wp-content\/uploads\/eyJhc3NldF9pZCI6NTY3OH0_taxfix-gmbh_UwIjumOzeyPqNyDgJ1bVY_OROVADgg2mBtzSX1XQ7A0.jpg","type":"image\/jpeg"}],"twitter_card":"summary_large_image","schema":{"@context":"https:\/\/schema.org","@graph":[{"@type":"WebPage","@id":"https:\/\/taxfix.com\/es-es\/terminos-y-condiciones-qonto\/","url":"https:\/\/taxfix.com\/es-es\/terminos-y-condiciones-qonto\/","name":"T\u00e9rminos y condiciones Qonto &#8211; Taxfix","isPartOf":{"@id":"https:\/\/taxfix.com\/es-es\/#website"},"datePublished":"2025-06-09T07:51:54+00:00","dateModified":"2025-09-17T13:53:20+00:00","description":"Lee los t\u00e9rminos y condiciones de la promoci\u00f3n para usuarios de Qonto que ofrecemos en Taxfix.","breadcrumb":{"@id":"https:\/\/taxfix.com\/es-es\/terminos-y-condiciones-qonto\/#breadcrumb"},"inLanguage":"es","potentialAction":[{"@type":"ReadAction","target":["https:\/\/taxfix.com\/es-es\/terminos-y-condiciones-qonto\/"]}]},{"@type":"BreadcrumbList","@id":"https:\/\/taxfix.com\/es-es\/terminos-y-condiciones-qonto\/#breadcrumb","itemListElement":[{"@type":"ListItem","position":1,"name":"Taxfix","item":"https:\/\/taxfix.com\/es-es\/"},{"@type":"ListItem","position":2,"name":"T\u00e9rminos y condiciones Qonto"}]},{"@type":"WebSite","@id":"https:\/\/taxfix.com\/es-es\/#website","url":"https:\/\/taxfix.com\/es-es\/","name":"Taxfix","description":"La mejor forma de presentar tus impuestos","publisher":{"@id":"https:\/\/taxfix.com\/es-es\/#organization"},"potentialAction":[{"@type":"SearchAction","target":{"@type":"EntryPoint","urlTemplate":"https:\/\/taxfix.com\/es-es\/?s={search_term_string}"},"query-input":{"@type":"PropertyValueSpecification","valueRequired":true,"valueName":"search_term_string"}}],"inLanguage":"es"},{"@type":"Organization","@id":"https:\/\/taxfix.com\/es-es\/#organization","name":"Taxfix","url":"https:\/\/taxfix.com\/es-es\/","logo":{"@type":"ImageObject","inLanguage":"es","@id":"https:\/\/taxfix.com\/es-es\/#\/schema\/logo\/image\/","url":"https:\/\/taxfix.com\/es-es\/wp-content\/uploads\/1692.png","contentUrl":"https:\/\/taxfix.com\/es-es\/wp-content\/uploads\/1692.png","width":192,"height":40,"caption":"Taxfix"},"image":{"@id":"https:\/\/taxfix.com\/es-es\/#\/schema\/logo\/image\/"},"sameAs":["https:\/\/www.facebook.com\/taxfix_es\/","https:\/\/www.linkedin.com\/company\/taxfix\/"]}]}},"_links":{"self":[{"href":"https:\/\/taxfix.com\/es-es\/wp-json\/wp\/v2\/pages\/24269","targetHints":{"allow":["GET"]}}],"collection":[{"href":"https:\/\/taxfix.com\/es-es\/wp-json\/wp\/v2\/pages"}],"about":[{"href":"https:\/\/taxfix.com\/es-es\/wp-json\/wp\/v2\/types\/page"}],"author":[{"embeddable":true,"href":"https:\/\/taxfix.com\/es-es\/wp-json\/wp\/v2\/users\/33"}],"replies":[{"embeddable":true,"href":"https:\/\/taxfix.com\/es-es\/wp-json\/wp\/v2\/comments?post=24269"}],"version-history":[{"count":7,"href":"https:\/\/taxfix.com\/es-es\/wp-json\/wp\/v2\/pages\/24269\/revisions"}],"predecessor-version":[{"id":27847,"href":"https:\/\/taxfix.com\/es-es\/wp-json\/wp\/v2\/pages\/24269\/revisions\/27847"}],"wp:attachment":[{"href":"https:\/\/taxfix.com\/es-es\/wp-json\/wp\/v2\/media?parent=24269"}],"curies":[{"name":"wp","href":"https:\/\/api.w.org\/{rel}","templated":true}]}}