{"id":250,"date":"2020-06-09T12:21:19","date_gmt":"2020-06-09T10:21:19","guid":{"rendered":"https:\/\/taxfix.com\/es-es\/?page_id=250"},"modified":"2025-09-10T17:41:15","modified_gmt":"2025-09-10T15:41:15","slug":"politica-de-cookies","status":"publish","type":"page","link":"https:\/\/taxfix.com\/es-es\/politica-de-cookies\/","title":{"rendered":"Pol\u00edtica de cookies"},"content":{"rendered":"<div class=\"c-block-body m-white  m-narrow\">\n\n    <div class=\"c-container\">\n\n        <div class=\"c-block-body__content\">\n\n            \n            <div class=\"c-body\"><h1>Pol\u00edtica de cookies<\/h1>\n<p>Esta Pol\u00edtica de Cookies es complemento de la Pol\u00edtica de Privacidad del sitio web <a href=\"https:\/\/taxfix.com\/es-es\/\">www.taxfix.com\/es-es<\/a> (en adelante, el \u201c<strong>Sitio Web<\/strong>\u201d) titularidad de TaxScouts Espa\u00f1a SL, que opera bajo la marca Taxfix (en adelante, \u201c<strong>Taxfix<\/strong>\u201d o el \u201c<strong>Titular<\/strong>\u201d). El acceso y la navegaci\u00f3n por el Sitio Web, o el uso de los servicios del mismo, implican la aceptaci\u00f3n de lo establecido en el Aviso Legal del Sitio Web. No obstante, la utilizaci\u00f3n de las cookies por parte de Taxfix deber\u00e1 ser expresamente autorizada por el usuario (en adelante, el \u201c<strong>Usuario<\/strong>\u201d).<\/p>\n<p>Con el fin de facilitar la navegaci\u00f3n por el Sitio Web, Taxfix le comunica que utiliza cookies u otros archivos de funcionalidad similar (en adelante, las \u201c<strong>Cookies<\/strong>\u201d).<\/p>\n<h3><strong>\u00bfQu\u00e9 es una Cookie?<\/strong><\/h3>\n<p>Las Cookies son archivos que contienen peque\u00f1as cantidades de informaci\u00f3n que se descargan en el dispositivo del usuario cuando visita una p\u00e1gina web. Su finalidad principal es reconocer al usuario cada vez que accede al Sitio Web permitiendo, adem\u00e1s, mejorar la calidad y ofrecer un mejor uso de Sitio Web.<\/p>\n<p>Las Cookies son esenciales para el funcionamiento de Internet, ya que ayudan, entre otras funciones, a identificar y resolver posibles errores de funcionamiento del Sitio Web.<\/p>\n<h3>Uso de Cookies por parte de Taxfix<\/h3>\n<p>El acceso al Sitio Web no supone la aceptaci\u00f3n de la utilizaci\u00f3n de las Cookies detalladas en la presente Pol\u00edtica en aquellos dispositivos utilizados para realizar dicho acceso. No obstante, si las Cookies no se aceptan o se desactivan, puede que el uso del Sitio Web no sea \u00f3ptimo y algunas de las utilidades de que dispone el Sitio Web no funcionen correctamente.<\/p>\n<p>Concretamente, Taxfix est\u00e1 utilizando las Cookies para la identificaci\u00f3n de aquellos usuarios que aceptan el uso de cookies por parte del Sitio Web y permitir la instalaci\u00f3n de las mimas, permitir el log-in de los usuarios en aquellos casos en los que \u00e9ste sea necesario para acceder a determinadas secciones de Sitio Web, as\u00ed como recordar los datos de log-in de dichos usuarios en futuras visitas y poder ofrecer as\u00ed una experiencia de navegaci\u00f3n m\u00e1s c\u00f3moda, as\u00ed como evaluar el uso del Sitio Web y la actividad del mismo.<\/p>\n<p>Asimismo, las Cookies ayudan protegen a los usuarios de posibles ataques que puedan recibir de terceros.<\/p>\n<h3>Cookies t\u00e9cnicas y de personalizaci\u00f3n:<\/h3>\n<p>Estas Cookies facilitan el acceso y navegaci\u00f3n del usuario por el Sitio Web en cada una de sus visitas al mismo y la utilizaci\u00f3n de las diferentes opciones o servicios que existen como, por ejemplo, el idioma predeterminado que el usuario utiliza en el Sitio Web.<\/p>\n<h3>Configuraci\u00f3n del usuario para evitar Cookies<\/h3>\n<p>En cumplimiento de la normativa legal vigente, ponemos a su disposici\u00f3n la informaci\u00f3n que le permita configurar su navegador\/navegadores de Internet para mantener su privacidad y seguridad en relaci\u00f3n con las Cookies. Por ello, le facilitamos la informaci\u00f3n y enlaces a los sitios de soporte oficiales de los principales navegadores para que pueda decidir si desea o no aceptar el uso de Cookies.<\/p>\n<p>As\u00ed, puede bloquear las Cookies a trav\u00e9s de las herramientas de configuraci\u00f3n del navegador, o bien, puede configurar su navegador para que le avise cuando un servidor quiera guardar una Cookie:<\/p>\n<ul>\n<li>Internet Explorer: Herramientas -&gt; Opciones de Internet -&gt; Privacidad -&gt; Configuraci\u00f3n.<\/li>\n<li>Firefox: Herramientas -&gt; Opciones -&gt; Privacidad -&gt; Historial -&gt; Configuraci\u00f3n Personalizada.<\/li>\n<li>Chrome: Configuraci\u00f3n -&gt; Mostrar opciones avanzadas -&gt; Privacidad -&gt; Configuraci\u00f3n de contenido.<\/li>\n<li>Safari: Preferencias -&gt; Seguridad.<\/li>\n<\/ul>\n<h3>Modificaci\u00f3n de preferencias sobre Cookies<\/h3>\n<p>Puedes actualizar tus preferencias sobre cookies aqu\u00ed en cualquier momento a trav\u00e9s del bot\u00f3n de <button class=\"c-cookie-consent__link \" type=\"button\" onclick=\"window.Didomi.preferences.show()\">configurar<\/button>.<\/p>\n<p>En caso de que el usuario decida desactivar todas las Cookies, la calidad y rapidez del servicio podr\u00eda disminuir. Puede encontrar m\u00e1s informaci\u00f3n sobre cookies en: <a href=\"httpe:\/\/www.allaboutcookies.org\">www.allaboutcookies.org<\/a><\/p>\n<p>Si tiene dudas sobre esta pol\u00edtica de cookies, puede contactar con <a href=\"mailto:soporte@taxfix.es\">soporte@taxfix.es<\/a><\/p>\n<p><strong>\u00daltima actualizaci\u00f3n<\/strong>: 27 de marzo de 2024<\/p>\n<\/div>\n\n            \n        <\/div>\n    <\/div>\n<\/div> <!-- .c-block-body -->\n\n","protected":false},"excerpt":{"rendered":"","protected":false},"author":1,"featured_media":0,"parent":0,"menu_order":0,"comment_status":"closed","ping_status":"closed","template":"views\/template-modular.blade.php","meta":{"_acf_changed":false,"footnotes":""},"class_list":["post-250","page","type-page","status-publish","hentry"],"acf":[],"yoast_head":"<!-- This site is optimized with the Yoast SEO plugin v25.8 - https:\/\/yoast.com\/wordpress\/plugins\/seo\/ -->\n<title>Pol\u00edtica de cookies &#8211; Taxfix<\/title>\n<meta name=\"description\" content=\"Aunque lo que se nos da mejor es la gesti\u00f3n de tus impuestos, aqu\u00ed te contamos nuestra pol\u00edtica de cookies y como las gestionamos.\" \/>\n<meta name=\"robots\" content=\"noindex, nofollow\" \/>\n<meta property=\"og:locale\" content=\"es_ES\" \/>\n<meta property=\"og:type\" content=\"article\" \/>\n<meta property=\"og:title\" content=\"Pol\u00edtica de cookies &#8211; Taxfix\" \/>\n<meta property=\"og:description\" content=\"Aunque lo que se nos da mejor es la gesti\u00f3n de tus impuestos, aqu\u00ed te contamos nuestra pol\u00edtica de cookies y como las gestionamos.\" \/>\n<meta property=\"og:url\" content=\"https:\/\/taxfix.com\/es-es\/politica-de-cookies\/\" \/>\n<meta property=\"og:site_name\" content=\"Taxfix\" \/>\n<meta property=\"article:publisher\" content=\"https:\/\/www.facebook.com\/taxfix_es\/\" \/>\n<meta property=\"article:modified_time\" content=\"2025-09-10T15:41:15+00:00\" \/>\n<meta property=\"og:image\" content=\"https:\/\/taxfix.com\/es-es\/wp-content\/uploads\/eyJhc3NldF9pZCI6NTY3OH0_taxfix-gmbh_UwIjumOzeyPqNyDgJ1bVY_OROVADgg2mBtzSX1XQ7A0.jpg\" \/>\n\t<meta property=\"og:image:width\" content=\"1200\" \/>\n\t<meta property=\"og:image:height\" content=\"628\" \/>\n\t<meta property=\"og:image:type\" content=\"image\/jpeg\" \/>\n<meta name=\"twitter:card\" content=\"summary_large_image\" \/>\n<script type=\"application\/ld+json\" class=\"yoast-schema-graph\">{\"@context\":\"https:\/\/schema.org\",\"@graph\":[{\"@type\":\"WebPage\",\"@id\":\"https:\/\/taxfix.com\/es-es\/politica-de-cookies\/\",\"url\":\"https:\/\/taxfix.com\/es-es\/politica-de-cookies\/\",\"name\":\"Pol\u00edtica de cookies &#8211; Taxfix\",\"isPartOf\":{\"@id\":\"https:\/\/taxfix.com\/es-es\/#website\"},\"datePublished\":\"2020-06-09T10:21:19+00:00\",\"dateModified\":\"2025-09-10T15:41:15+00:00\",\"description\":\"Aunque lo que se nos da mejor es la gesti\u00f3n de tus impuestos, aqu\u00ed te contamos nuestra pol\u00edtica de cookies y como las gestionamos.\",\"breadcrumb\":{\"@id\":\"https:\/\/taxfix.com\/es-es\/politica-de-cookies\/#breadcrumb\"},\"inLanguage\":\"es\",\"potentialAction\":[{\"@type\":\"ReadAction\",\"target\":[\"https:\/\/taxfix.com\/es-es\/politica-de-cookies\/\"]}]},{\"@type\":\"BreadcrumbList\",\"@id\":\"https:\/\/taxfix.com\/es-es\/politica-de-cookies\/#breadcrumb\",\"itemListElement\":[{\"@type\":\"ListItem\",\"position\":1,\"name\":\"Taxfix\",\"item\":\"https:\/\/taxfix.com\/es-es\/\"},{\"@type\":\"ListItem\",\"position\":2,\"name\":\"Pol\u00edtica de cookies\"}]},{\"@type\":\"WebSite\",\"@id\":\"https:\/\/taxfix.com\/es-es\/#website\",\"url\":\"https:\/\/taxfix.com\/es-es\/\",\"name\":\"Taxfix\",\"description\":\"La mejor forma de presentar tus impuestos\",\"publisher\":{\"@id\":\"https:\/\/taxfix.com\/es-es\/#organization\"},\"potentialAction\":[{\"@type\":\"SearchAction\",\"target\":{\"@type\":\"EntryPoint\",\"urlTemplate\":\"https:\/\/taxfix.com\/es-es\/?s={search_term_string}\"},\"query-input\":{\"@type\":\"PropertyValueSpecification\",\"valueRequired\":true,\"valueName\":\"search_term_string\"}}],\"inLanguage\":\"es\"},{\"@type\":\"Organization\",\"@id\":\"https:\/\/taxfix.com\/es-es\/#organization\",\"name\":\"Taxfix\",\"url\":\"https:\/\/taxfix.com\/es-es\/\",\"logo\":{\"@type\":\"ImageObject\",\"inLanguage\":\"es\",\"@id\":\"https:\/\/taxfix.com\/es-es\/#\/schema\/logo\/image\/\",\"url\":\"https:\/\/taxfix.com\/es-es\/wp-content\/uploads\/1692.png\",\"contentUrl\":\"https:\/\/taxfix.com\/es-es\/wp-content\/uploads\/1692.png\",\"width\":192,\"height\":40,\"caption\":\"Taxfix\"},\"image\":{\"@id\":\"https:\/\/taxfix.com\/es-es\/#\/schema\/logo\/image\/\"},\"sameAs\":[\"https:\/\/www.facebook.com\/taxfix_es\/\",\"https:\/\/www.linkedin.com\/company\/taxfix\/\"]}]}<\/script>\n<!-- \/ Yoast SEO plugin. -->","yoast_head_json":{"title":"Pol\u00edtica de cookies &#8211; Taxfix","description":"Aunque lo que se nos da mejor es la gesti\u00f3n de tus impuestos, aqu\u00ed te contamos nuestra pol\u00edtica de cookies y como las gestionamos.","robots":{"index":"noindex","follow":"nofollow"},"og_locale":"es_ES","og_type":"article","og_title":"Pol\u00edtica de cookies &#8211; Taxfix","og_description":"Aunque lo que se nos da mejor es la gesti\u00f3n de tus impuestos, aqu\u00ed te contamos nuestra pol\u00edtica de cookies y como las gestionamos.","og_url":"https:\/\/taxfix.com\/es-es\/politica-de-cookies\/","og_site_name":"Taxfix","article_publisher":"https:\/\/www.facebook.com\/taxfix_es\/","article_modified_time":"2025-09-10T15:41:15+00:00","og_image":[{"width":1200,"height":628,"url":"https:\/\/taxfix.com\/es-es\/wp-content\/uploads\/eyJhc3NldF9pZCI6NTY3OH0_taxfix-gmbh_UwIjumOzeyPqNyDgJ1bVY_OROVADgg2mBtzSX1XQ7A0.jpg","type":"image\/jpeg"}],"twitter_card":"summary_large_image","schema":{"@context":"https:\/\/schema.org","@graph":[{"@type":"WebPage","@id":"https:\/\/taxfix.com\/es-es\/politica-de-cookies\/","url":"https:\/\/taxfix.com\/es-es\/politica-de-cookies\/","name":"Pol\u00edtica de cookies &#8211; Taxfix","isPartOf":{"@id":"https:\/\/taxfix.com\/es-es\/#website"},"datePublished":"2020-06-09T10:21:19+00:00","dateModified":"2025-09-10T15:41:15+00:00","description":"Aunque lo que se nos da mejor es la gesti\u00f3n de tus impuestos, aqu\u00ed te contamos nuestra pol\u00edtica de cookies y como las gestionamos.","breadcrumb":{"@id":"https:\/\/taxfix.com\/es-es\/politica-de-cookies\/#breadcrumb"},"inLanguage":"es","potentialAction":[{"@type":"ReadAction","target":["https:\/\/taxfix.com\/es-es\/politica-de-cookies\/"]}]},{"@type":"BreadcrumbList","@id":"https:\/\/taxfix.com\/es-es\/politica-de-cookies\/#breadcrumb","itemListElement":[{"@type":"ListItem","position":1,"name":"Taxfix","item":"https:\/\/taxfix.com\/es-es\/"},{"@type":"ListItem","position":2,"name":"Pol\u00edtica de cookies"}]},{"@type":"WebSite","@id":"https:\/\/taxfix.com\/es-es\/#website","url":"https:\/\/taxfix.com\/es-es\/","name":"Taxfix","description":"La mejor forma de presentar tus impuestos","publisher":{"@id":"https:\/\/taxfix.com\/es-es\/#organization"},"potentialAction":[{"@type":"SearchAction","target":{"@type":"EntryPoint","urlTemplate":"https:\/\/taxfix.com\/es-es\/?s={search_term_string}"},"query-input":{"@type":"PropertyValueSpecification","valueRequired":true,"valueName":"search_term_string"}}],"inLanguage":"es"},{"@type":"Organization","@id":"https:\/\/taxfix.com\/es-es\/#organization","name":"Taxfix","url":"https:\/\/taxfix.com\/es-es\/","logo":{"@type":"ImageObject","inLanguage":"es","@id":"https:\/\/taxfix.com\/es-es\/#\/schema\/logo\/image\/","url":"https:\/\/taxfix.com\/es-es\/wp-content\/uploads\/1692.png","contentUrl":"https:\/\/taxfix.com\/es-es\/wp-content\/uploads\/1692.png","width":192,"height":40,"caption":"Taxfix"},"image":{"@id":"https:\/\/taxfix.com\/es-es\/#\/schema\/logo\/image\/"},"sameAs":["https:\/\/www.facebook.com\/taxfix_es\/","https:\/\/www.linkedin.com\/company\/taxfix\/"]}]}},"_links":{"self":[{"href":"https:\/\/taxfix.com\/es-es\/wp-json\/wp\/v2\/pages\/250","targetHints":{"allow":["GET"]}}],"collection":[{"href":"https:\/\/taxfix.com\/es-es\/wp-json\/wp\/v2\/pages"}],"about":[{"href":"https:\/\/taxfix.com\/es-es\/wp-json\/wp\/v2\/types\/page"}],"author":[{"embeddable":true,"href":"https:\/\/taxfix.com\/es-es\/wp-json\/wp\/v2\/users\/1"}],"replies":[{"embeddable":true,"href":"https:\/\/taxfix.com\/es-es\/wp-json\/wp\/v2\/comments?post=250"}],"version-history":[{"count":14,"href":"https:\/\/taxfix.com\/es-es\/wp-json\/wp\/v2\/pages\/250\/revisions"}],"predecessor-version":[{"id":27187,"href":"https:\/\/taxfix.com\/es-es\/wp-json\/wp\/v2\/pages\/250\/revisions\/27187"}],"wp:attachment":[{"href":"https:\/\/taxfix.com\/es-es\/wp-json\/wp\/v2\/media?parent=250"}],"curies":[{"name":"wp","href":"https:\/\/api.w.org\/{rel}","templated":true}]}}