{"id":25161,"date":"2025-07-16T15:08:28","date_gmt":"2025-07-16T13:08:28","guid":{"rendered":"https:\/\/taxfix.com\/es-es\/?page_id=25161"},"modified":"2025-11-20T17:15:44","modified_gmt":"2025-11-20T16:15:44","slug":"declaracion-responsable-verifactu","status":"publish","type":"page","link":"https:\/\/taxfix.com\/es-es\/declaracion-responsable-verifactu\/","title":{"rendered":"Declaraci\u00f3n responsable Verifactu"},"content":{"rendered":"<div class=\"c-block-body m-white  m-narrow\">\n\n    <div class=\"c-container\">\n\n        <div class=\"c-block-body__content\">\n\n            \n            <div class=\"c-body\"><h1>Declaraci\u00f3n responsable del sistema inform\u00e1tico de facturaci\u00f3n<\/h1>\n<p><span style=\"font-weight: 400;\">a) <\/span><b>Nombre del sistema inform\u00e1tico: <\/b><span style=\"font-weight: 400;\">Taxfix<\/span><\/p>\n<p><span style=\"font-weight: 400;\">b) <\/span><b>C\u00f3digo del sistema inform\u00e1tico:<\/b><span style=\"font-weight: 400;\"> TF-01<\/span><\/p>\n<p><span style=\"font-weight: 400;\">c) <\/span><b>Versi\u00f3n concreta del sistema inform\u00e1tico: <\/b>129<\/p>\n<p><span style=\"font-weight: 400;\">d) <\/span><b>Componentes:<\/b><\/p>\n<ul>\n<li style=\"font-weight: 400;\" aria-level=\"1\"><b>Software:<\/b><span style=\"font-weight: 400;\"> El sistema es una aplicaci\u00f3n web propietaria desarrollada por TaxScouts Espa\u00f1a SL, que opera bajo la marca Taxfix, y que forma parte de su plataforma integral de servicios de asesor\u00eda y gesti\u00f3n fiscal. El sistema gestiona el ciclo de vida completo de la facturaci\u00f3n para los usuarios de la plataforma Taxfix (aut\u00f3nomos y empresas).<\/span><\/li>\n<li style=\"font-weight: 400;\" aria-level=\"1\"><b>Hardware:<\/b><span style=\"font-weight: 400;\"> El sistema se ejecuta en una infraestructura de cloud computing escalable (Microsoft Azure), garantizando alta disponibilidad, redundancia y seguridad de los datos.<\/span><\/li>\n<li style=\"font-weight: 400;\" aria-level=\"1\"><b>Descripci\u00f3n:<\/b><span style=\"font-weight: 400;\"> El Sistema Inform\u00e1tico de Facturaci\u00f3n permite a los usuarios crear, emitir y gestionar facturas completas. Genera para cada factura un registro de facturaci\u00f3n conforme a las especificaciones t\u00e9cnicas del RD 1007\/2023. Para la remisi\u00f3n de dichos registros de facturaci\u00f3n a la Sede Electr\u00f3nica de la Agencia Tributaria, el sistema utiliza como canal de comunicaci\u00f3n la API RESTful proporcionada por la entidad <\/span><b>Invopop SL (NIF B85905495)<\/b><span style=\"font-weight: 400;\">, que act\u00faa como intermediario t\u00e9cnico para la transmisi\u00f3n segura de los datos, sin intervenir en la l\u00f3gica de negocio ni en la generaci\u00f3n del contenido del registro de facturaci\u00f3n.<\/span><\/li>\n<\/ul>\n<p><span style=\"font-weight: 400;\">e) <\/span><b>Funcionamiento: <\/b><span style=\"font-weight: 400;\">Exclusivamente como \u00abVERI*FACTU\u00bb<\/span><\/p>\n<p><span style=\"font-weight: 400;\">f) <\/span><b>Tipo de Uso:<\/b><span style=\"font-weight: 400;\"> Varios obligados tributarios<\/span><\/p>\n<p><span style=\"font-weight: 400;\">g) <\/span><b>Tipo de firma registros facturaci\u00f3n:<\/b><span style=\"font-weight: 400;\"> No procede dado su funcionamiento exclusivo como \u00abVERI*FACTU\u00bb<\/span><\/p>\n<p><span style=\"font-weight: 400;\">h)<\/span><b> Raz\u00f3n social de la entidad productora:<\/b><span style=\"font-weight: 400;\"> TaxScouts Espa\u00f1a SL<\/span><\/p>\n<p><span style=\"font-weight: 400;\">i) <\/span><b>N\u00famero de identificaci\u00f3n fiscal (NIF):<\/b><span style=\"font-weight: 400;\"> B01886308<\/span><\/p>\n<p><span style=\"font-weight: 400;\">j)<\/span><b> Direcci\u00f3n completa:<\/b><span style=\"font-weight: 400;\"> Calle Goya, 15 &#8211; Piso 6, 28001, Madrid, Espa\u00f1a<\/span><\/p>\n<p><span style=\"font-weight: 400;\">k)<\/span><b> Declaraci\u00f3n de Conformidad Normativa:<\/b><span style=\"font-weight: 400;\"> TaxScouts Espa\u00f1a SL hace constar que el sistema inform\u00e1tico anteriormente descrito, en la versi\u00f3n indicada, cumple con todas las disposiciones establecidas en el art\u00edculo 29.2.j) de la Ley 58\/2003, de 17 de diciembre, General Tributaria; en el Reglamento que establece los requisitos que deben adoptar los sistemas y programas inform\u00e1ticos o electr\u00f3nicos que soporten los procesos de facturaci\u00f3n de empresarios y profesionales, y la estandarizaci\u00f3n de formatos de los registros de facturaci\u00f3n, aprobado por el Real Decreto 1007\/2023, de 5 de diciembre; y en las especificaciones t\u00e9cnicas y funcionales desarrolladas en la Orden Ministerial correspondiente y publicadas en la Sede Electr\u00f3nica de la Agencia Estatal de Administraci\u00f3n Tributaria.<\/span><\/p>\n<p><span style=\"font-weight: 400;\">l) <\/span><b>Lugar y fecha:<\/b><span style=\"font-weight: 400;\"> Madrid (Espa\u00f1a), a 9 de septiembre de 2025<\/span><\/p>\n<p><span style=\"font-weight: 400;\">m) <\/span><b>Datos de contacto:<\/b><span style=\"font-weight: 400;\"> email: <a href=\"mailto:soporte@taxfix.es\">soporte@taxfix.es<\/a><\/span><span style=\"font-weight: 400;\"> \/ tel\u00e9fono: 932 20 75 12 \/ p\u00e1gina web: <\/span><a href=\"https:\/\/taxfix.com\/es-es\/\"><span style=\"font-weight: 400;\">www.taxfix.com\/es-es<\/span><\/a><\/p>\n<p>Aqu\u00ed puedes descargar esta misma <a href=\"https:\/\/taxfix.com\/es-es\/wp-content\/uploads\/Nov20-Verifactu-declaration-signed.pdf\">Declaraci\u00f3n Responsable firmada<\/a> por el representante legal de TaxScouts Espa\u00f1a SL.<\/p>\n<\/div>\n\n            \n        <\/div>\n    <\/div>\n<\/div> <!-- .c-block-body -->\n\n","protected":false},"excerpt":{"rendered":"","protected":false},"author":18,"featured_media":0,"parent":0,"menu_order":0,"comment_status":"closed","ping_status":"closed","template":"views\/template-modular.blade.php","meta":{"_acf_changed":false,"footnotes":""},"class_list":["post-25161","page","type-page","status-publish","hentry"],"acf":[],"yoast_head":"<!-- This site is optimized with the Yoast SEO plugin v25.8 - https:\/\/yoast.com\/wordpress\/plugins\/seo\/ -->\n<title>Declaraci\u00f3n responsable Verifactu &#8211; Taxfix<\/title>\n<meta name=\"description\" content=\"En Taxfix, nos comprometemos a que nuestros servicios sean accesibles para todas las personas.\" \/>\n<meta name=\"robots\" content=\"index, follow, max-snippet:-1, max-image-preview:large, max-video-preview:-1\" \/>\n<link rel=\"canonical\" href=\"https:\/\/taxfix.com\/es-es\/declaracion-responsable-verifactu\/\" \/>\n<meta property=\"og:locale\" content=\"es_ES\" \/>\n<meta property=\"og:type\" content=\"article\" \/>\n<meta property=\"og:title\" content=\"Declaraci\u00f3n responsable Verifactu &#8211; Taxfix\" \/>\n<meta property=\"og:description\" content=\"En Taxfix, nos comprometemos a que nuestros servicios sean accesibles para todas las personas.\" \/>\n<meta property=\"og:url\" content=\"https:\/\/taxfix.com\/es-es\/declaracion-responsable-verifactu\/\" \/>\n<meta property=\"og:site_name\" content=\"Taxfix\" \/>\n<meta property=\"article:publisher\" content=\"https:\/\/www.facebook.com\/taxfix_es\/\" \/>\n<meta property=\"article:modified_time\" content=\"2025-11-20T16:15:44+00:00\" \/>\n<meta property=\"og:image\" content=\"https:\/\/taxfix.com\/es-es\/wp-content\/uploads\/eyJhc3NldF9pZCI6NTY3OH0_taxfix-gmbh_UwIjumOzeyPqNyDgJ1bVY_OROVADgg2mBtzSX1XQ7A0.jpg\" \/>\n\t<meta property=\"og:image:width\" content=\"1200\" \/>\n\t<meta property=\"og:image:height\" content=\"628\" \/>\n\t<meta property=\"og:image:type\" content=\"image\/jpeg\" \/>\n<meta name=\"twitter:card\" content=\"summary_large_image\" \/>\n<script type=\"application\/ld+json\" class=\"yoast-schema-graph\">{\"@context\":\"https:\/\/schema.org\",\"@graph\":[{\"@type\":\"WebPage\",\"@id\":\"https:\/\/taxfix.com\/es-es\/declaracion-responsable-verifactu\/\",\"url\":\"https:\/\/taxfix.com\/es-es\/declaracion-responsable-verifactu\/\",\"name\":\"Declaraci\u00f3n responsable Verifactu &#8211; Taxfix\",\"isPartOf\":{\"@id\":\"https:\/\/taxfix.com\/es-es\/#website\"},\"datePublished\":\"2025-07-16T13:08:28+00:00\",\"dateModified\":\"2025-11-20T16:15:44+00:00\",\"description\":\"En Taxfix, nos comprometemos a que nuestros servicios sean accesibles para todas las personas.\",\"breadcrumb\":{\"@id\":\"https:\/\/taxfix.com\/es-es\/declaracion-responsable-verifactu\/#breadcrumb\"},\"inLanguage\":\"es\",\"potentialAction\":[{\"@type\":\"ReadAction\",\"target\":[\"https:\/\/taxfix.com\/es-es\/declaracion-responsable-verifactu\/\"]}]},{\"@type\":\"BreadcrumbList\",\"@id\":\"https:\/\/taxfix.com\/es-es\/declaracion-responsable-verifactu\/#breadcrumb\",\"itemListElement\":[{\"@type\":\"ListItem\",\"position\":1,\"name\":\"Taxfix\",\"item\":\"https:\/\/taxfix.com\/es-es\/\"},{\"@type\":\"ListItem\",\"position\":2,\"name\":\"Declaraci\u00f3n responsable Verifactu\"}]},{\"@type\":\"WebSite\",\"@id\":\"https:\/\/taxfix.com\/es-es\/#website\",\"url\":\"https:\/\/taxfix.com\/es-es\/\",\"name\":\"Taxfix\",\"description\":\"La mejor forma de presentar tus impuestos\",\"publisher\":{\"@id\":\"https:\/\/taxfix.com\/es-es\/#organization\"},\"potentialAction\":[{\"@type\":\"SearchAction\",\"target\":{\"@type\":\"EntryPoint\",\"urlTemplate\":\"https:\/\/taxfix.com\/es-es\/?s={search_term_string}\"},\"query-input\":{\"@type\":\"PropertyValueSpecification\",\"valueRequired\":true,\"valueName\":\"search_term_string\"}}],\"inLanguage\":\"es\"},{\"@type\":\"Organization\",\"@id\":\"https:\/\/taxfix.com\/es-es\/#organization\",\"name\":\"Taxfix\",\"url\":\"https:\/\/taxfix.com\/es-es\/\",\"logo\":{\"@type\":\"ImageObject\",\"inLanguage\":\"es\",\"@id\":\"https:\/\/taxfix.com\/es-es\/#\/schema\/logo\/image\/\",\"url\":\"https:\/\/taxfix.com\/es-es\/wp-content\/uploads\/1692.png\",\"contentUrl\":\"https:\/\/taxfix.com\/es-es\/wp-content\/uploads\/1692.png\",\"width\":192,\"height\":40,\"caption\":\"Taxfix\"},\"image\":{\"@id\":\"https:\/\/taxfix.com\/es-es\/#\/schema\/logo\/image\/\"},\"sameAs\":[\"https:\/\/www.facebook.com\/taxfix_es\/\",\"https:\/\/www.linkedin.com\/company\/taxfix\/\"]}]}<\/script>\n<!-- \/ Yoast SEO plugin. -->","yoast_head_json":{"title":"Declaraci\u00f3n responsable Verifactu &#8211; Taxfix","description":"En Taxfix, nos comprometemos a que nuestros servicios sean accesibles para todas las personas.","robots":{"index":"index","follow":"follow","max-snippet":"max-snippet:-1","max-image-preview":"max-image-preview:large","max-video-preview":"max-video-preview:-1"},"canonical":"https:\/\/taxfix.com\/es-es\/declaracion-responsable-verifactu\/","og_locale":"es_ES","og_type":"article","og_title":"Declaraci\u00f3n responsable Verifactu &#8211; Taxfix","og_description":"En Taxfix, nos comprometemos a que nuestros servicios sean accesibles para todas las personas.","og_url":"https:\/\/taxfix.com\/es-es\/declaracion-responsable-verifactu\/","og_site_name":"Taxfix","article_publisher":"https:\/\/www.facebook.com\/taxfix_es\/","article_modified_time":"2025-11-20T16:15:44+00:00","og_image":[{"width":1200,"height":628,"url":"https:\/\/taxfix.com\/es-es\/wp-content\/uploads\/eyJhc3NldF9pZCI6NTY3OH0_taxfix-gmbh_UwIjumOzeyPqNyDgJ1bVY_OROVADgg2mBtzSX1XQ7A0.jpg","type":"image\/jpeg"}],"twitter_card":"summary_large_image","schema":{"@context":"https:\/\/schema.org","@graph":[{"@type":"WebPage","@id":"https:\/\/taxfix.com\/es-es\/declaracion-responsable-verifactu\/","url":"https:\/\/taxfix.com\/es-es\/declaracion-responsable-verifactu\/","name":"Declaraci\u00f3n responsable Verifactu &#8211; Taxfix","isPartOf":{"@id":"https:\/\/taxfix.com\/es-es\/#website"},"datePublished":"2025-07-16T13:08:28+00:00","dateModified":"2025-11-20T16:15:44+00:00","description":"En Taxfix, nos comprometemos a que nuestros servicios sean accesibles para todas las personas.","breadcrumb":{"@id":"https:\/\/taxfix.com\/es-es\/declaracion-responsable-verifactu\/#breadcrumb"},"inLanguage":"es","potentialAction":[{"@type":"ReadAction","target":["https:\/\/taxfix.com\/es-es\/declaracion-responsable-verifactu\/"]}]},{"@type":"BreadcrumbList","@id":"https:\/\/taxfix.com\/es-es\/declaracion-responsable-verifactu\/#breadcrumb","itemListElement":[{"@type":"ListItem","position":1,"name":"Taxfix","item":"https:\/\/taxfix.com\/es-es\/"},{"@type":"ListItem","position":2,"name":"Declaraci\u00f3n responsable Verifactu"}]},{"@type":"WebSite","@id":"https:\/\/taxfix.com\/es-es\/#website","url":"https:\/\/taxfix.com\/es-es\/","name":"Taxfix","description":"La mejor forma de presentar tus impuestos","publisher":{"@id":"https:\/\/taxfix.com\/es-es\/#organization"},"potentialAction":[{"@type":"SearchAction","target":{"@type":"EntryPoint","urlTemplate":"https:\/\/taxfix.com\/es-es\/?s={search_term_string}"},"query-input":{"@type":"PropertyValueSpecification","valueRequired":true,"valueName":"search_term_string"}}],"inLanguage":"es"},{"@type":"Organization","@id":"https:\/\/taxfix.com\/es-es\/#organization","name":"Taxfix","url":"https:\/\/taxfix.com\/es-es\/","logo":{"@type":"ImageObject","inLanguage":"es","@id":"https:\/\/taxfix.com\/es-es\/#\/schema\/logo\/image\/","url":"https:\/\/taxfix.com\/es-es\/wp-content\/uploads\/1692.png","contentUrl":"https:\/\/taxfix.com\/es-es\/wp-content\/uploads\/1692.png","width":192,"height":40,"caption":"Taxfix"},"image":{"@id":"https:\/\/taxfix.com\/es-es\/#\/schema\/logo\/image\/"},"sameAs":["https:\/\/www.facebook.com\/taxfix_es\/","https:\/\/www.linkedin.com\/company\/taxfix\/"]}]}},"_links":{"self":[{"href":"https:\/\/taxfix.com\/es-es\/wp-json\/wp\/v2\/pages\/25161","targetHints":{"allow":["GET"]}}],"collection":[{"href":"https:\/\/taxfix.com\/es-es\/wp-json\/wp\/v2\/pages"}],"about":[{"href":"https:\/\/taxfix.com\/es-es\/wp-json\/wp\/v2\/types\/page"}],"author":[{"embeddable":true,"href":"https:\/\/taxfix.com\/es-es\/wp-json\/wp\/v2\/users\/18"}],"replies":[{"embeddable":true,"href":"https:\/\/taxfix.com\/es-es\/wp-json\/wp\/v2\/comments?post=25161"}],"version-history":[{"count":11,"href":"https:\/\/taxfix.com\/es-es\/wp-json\/wp\/v2\/pages\/25161\/revisions"}],"predecessor-version":[{"id":28307,"href":"https:\/\/taxfix.com\/es-es\/wp-json\/wp\/v2\/pages\/25161\/revisions\/28307"}],"wp:attachment":[{"href":"https:\/\/taxfix.com\/es-es\/wp-json\/wp\/v2\/media?parent=25161"}],"curies":[{"name":"wp","href":"https:\/\/api.w.org\/{rel}","templated":true}]}}