{"id":28804,"date":"2026-02-04T13:17:44","date_gmt":"2026-02-04T12:17:44","guid":{"rendered":"https:\/\/taxfix.com\/es-es\/?page_id=28804"},"modified":"2026-02-04T13:27:20","modified_gmt":"2026-02-04T12:27:20","slug":"terminos-y-condiciones-oferta-1-mes-de-pack-autonomos-gratis","status":"publish","type":"page","link":"https:\/\/taxfix.com\/es-es\/terminos-y-condiciones-oferta-1-mes-de-pack-autonomos-gratis\/","title":{"rendered":"T\u00e9rminos y condiciones Oferta \u00ab1 MES DE PACK AUT\u00d3NOMOS GRATIS\u00bb 2026"},"content":{"rendered":"<div class=\"c-block-body m-white  m-narrow\">\n\n    <div class=\"c-container\">\n\n        <div class=\"c-block-body__content\">\n\n            \n            <div class=\"c-body\"><h3><strong>T\u00c9RMINOS Y CONDICIONES DE LA PROMOCI\u00d3N \u00ab1 MES DE PACK AUT\u00d3NOMOS GRATIS\u00bb EN <a href=\"http:\/\/taxfix.com\/ES\">TAXFIX.COM\/ES-ES\/<\/a><\/strong><\/h3>\n<h4><strong>Elegibilidad:<\/strong><\/h4>\n<p><span style=\"font-weight: 400;\">Abierto a todos los nuevos clientes de taxfix.com\/es-es que adquieran cualquiera de los Pack Aut\u00f3nomos (Pro, Premium o Total).<\/span><\/p>\n<p><span style=\"font-weight: 400;\">El descuento no se aplica a las compras realizadas por nuevos clientes de los siguientes servicios:<\/span><\/p>\n<ul>\n<li style=\"font-weight: 400;\" aria-level=\"1\"><span style=\"font-weight: 400;\">Pack Empresas<\/span><\/li>\n<li style=\"font-weight: 400;\" aria-level=\"1\"><span style=\"font-weight: 400;\">Pack Renta<\/span><\/li>\n<li style=\"font-weight: 400;\" aria-level=\"1\"><span style=\"font-weight: 400;\">Pack Matrimonios<\/span><\/li>\n<li style=\"font-weight: 400;\" aria-level=\"1\"><span style=\"font-weight: 400;\">Pack Res\u00famenes Anuales<\/span><\/li>\n<\/ul>\n<p><span style=\"font-weight: 400;\">Se define como nuevo cliente a una persona que no haya adquirido previamente ninguno de las modalidades del Pack Aut\u00f3nomos de Taxfix (Pro, Premium o Total).<\/span><\/p>\n<p><span style=\"font-weight: 400;\">Cualquier persona que haya adquirido uno o m\u00e1s de estos servicios anteriormente se considera cliente existente y no es elegible para la tarifa con descuento.<\/span><\/p>\n<p><span style=\"font-weight: 400;\">El cliente declara expresamente que act\u00faa en el \u00e1mbito de su actividad empresarial o profesional al contratar los servicios del Pack Aut\u00f3nomos de Taxfix a trav\u00e9s de esta promoci\u00f3n.<\/span><\/p>\n<h4><strong>Detalles y limitaciones del descuento:<\/strong><\/h4>\n<p><span style=\"font-weight: 400;\">Los participantes elegibles tendr\u00e1n un descuento del 100% durante el prime mes de suscripci\u00f3n al Pack Aut\u00f3nomos.<\/span><\/p>\n<p><span style=\"font-weight: 400;\"><strong>Activaci\u00f3n<\/strong><\/span><\/p>\n<p><span style=\"font-weight: 400;\">El periodo de suscripci\u00f3n gratuita comenzar\u00e1 inmediatamente despu\u00e9s de realizar la suscripci\u00f3n correctamente.<\/span><\/p>\n<p><span style=\"font-weight: 400;\">Los suscriptores deben proporcionar un m\u00e9todo de pago v\u00e1lido en el momento de la suscripci\u00f3n, pero no se les cobrar\u00e1 hasta que finalice el per\u00edodo promocional de 1 mes.<\/span><\/p>\n<p><span style=\"font-weight: 400;\"><strong>Cancelaci\u00f3n<\/strong><\/span><\/p>\n<p><span style=\"font-weight: 400;\">Es posible cancelar la suscripci\u00f3n en cualquier momento accediendo a Mi Perfil\u00bb, \u201cSuscripciones\u201d, \u201cCancelar suscripci\u00f3n\u201d. En caso de que se anule, el cliente no podr\u00e1 acceder de nuevo a la actual oferta de \u201c1 mes de Pack Aut\u00f3nomos gratis\u201d, y en caso de contrataci\u00f3n, deber\u00e1 abonar el coste normal del servicio.<\/span><\/p>\n<p><span style=\"font-weight: 400;\"><strong>Finalizaci\u00f3n del Per\u00edodo Promocional<\/strong><\/span><\/p>\n<p><span style=\"font-weight: 400;\">Al finalizar el per\u00edodo promocional, a los suscriptores se les cobrar\u00e1 autom\u00e1ticamente la tarifa de suscripci\u00f3n regular a menos que hayan cancelado su suscripci\u00f3n previamente.<\/span><\/p>\n<p><span style=\"font-weight: 400;\"><strong>Limitaciones<\/strong><\/span><\/p>\n<p><span style=\"font-weight: 400;\">S\u00f3lo se permite una oferta promocional por persona. <\/span><span style=\"font-weight: 400;\">La promoci\u00f3n no puede combinarse con otras ofertas o descuentos. <\/span><span style=\"font-weight: 400;\">La promoci\u00f3n solo se aplica a nuevos clientes.<\/span><\/p>\n<h4><strong>T\u00e9rminos generales:<\/strong><\/h4>\n<p><span style=\"font-weight: 400;\">TaxScouts Espa\u00f1a S.L<\/span><span style=\"font-weight: 400;\">. se reserva el derecho de modificar, suspender o finalizar esta promoci\u00f3n en cualquier momento y sin previo aviso.<\/span><\/p>\n<p><span style=\"font-weight: 400;\">Cualquier abuso o actividad fraudulenta relacionada con esta promoci\u00f3n resultar\u00e1 en la terminaci\u00f3n inmediata de la suscripci\u00f3n y posibles acciones legales.<\/span><\/p>\n<h4><strong>Privacidad:<\/strong><\/h4>\n<p><span style=\"font-weight: 400;\">Toda la informaci\u00f3n personal recopilada durante el proceso de registro se utilizar\u00e1 de acuerdo con la pol\u00edtica de privacidad de Taxfix.<\/span><\/p>\n<h4><strong>Atenci\u00f3n al cliente:<\/strong><\/h4>\n<p><span style=\"font-weight: 400;\">Para cualquier problema o consulta relacionada con la promoci\u00f3n, ponte en contacto con nuestro equipo de soporte en soporte@taxfix.es.<\/span><\/p>\n<p><span style=\"font-weight: 400;\">Al participar en esta promoci\u00f3n, el usuario acepta estos t\u00e9rminos y condiciones. Estos t\u00e9rminos son adicionales a cualquier otro acuerdo o t\u00e9rmino establecido en el sitio web <\/span><a href=\"https:\/\/taxfix.com\/es-es\/\"><span style=\"font-weight: 400;\">taxfix.com\/es-es\/<\/span><\/a><span style=\"font-weight: 400;\">.<\/span><\/p>\n<\/div>\n\n            \n        <\/div>\n    <\/div>\n<\/div> <!-- .c-block-body -->\n\n","protected":false},"excerpt":{"rendered":"","protected":false},"author":15,"featured_media":0,"parent":0,"menu_order":0,"comment_status":"closed","ping_status":"closed","template":"views\/template-modular.blade.php","meta":{"_acf_changed":false,"footnotes":""},"class_list":["post-28804","page","type-page","status-publish","hentry"],"acf":[],"yoast_head":"<!-- This site is optimized with the Yoast SEO plugin v25.8 - https:\/\/yoast.com\/wordpress\/plugins\/seo\/ -->\n<title>T\u00e9rminos y condiciones Oferta &quot;1 MES DE PACK AUT\u00d3NOMOS GRATIS&quot; 2026 &#8211; Taxfix<\/title>\n<meta name=\"description\" content=\"Lee los t\u00e9rminos y condiciones de la Oferta de Noviembre 2025 que ofrecemos en Taxfix.\" \/>\n<meta name=\"robots\" content=\"noindex, nofollow\" \/>\n<meta property=\"og:locale\" content=\"es_ES\" \/>\n<meta property=\"og:type\" content=\"article\" \/>\n<meta property=\"og:title\" content=\"T\u00e9rminos y condiciones Oferta &quot;1 MES DE PACK AUT\u00d3NOMOS GRATIS&quot; 2026 &#8211; Taxfix\" \/>\n<meta property=\"og:description\" content=\"Lee los t\u00e9rminos y condiciones de la Oferta de Noviembre 2025 que ofrecemos en Taxfix.\" \/>\n<meta property=\"og:url\" content=\"https:\/\/taxfix.com\/es-es\/terminos-y-condiciones-oferta-1-mes-de-pack-autonomos-gratis\/\" \/>\n<meta property=\"og:site_name\" content=\"Taxfix\" \/>\n<meta property=\"article:publisher\" content=\"https:\/\/www.facebook.com\/taxfix_es\/\" \/>\n<meta property=\"article:modified_time\" content=\"2026-02-04T12:27:20+00:00\" \/>\n<meta property=\"og:image\" content=\"https:\/\/taxfix.com\/es-es\/wp-content\/uploads\/eyJhc3NldF9pZCI6NTY3OH0_taxfix-gmbh_UwIjumOzeyPqNyDgJ1bVY_OROVADgg2mBtzSX1XQ7A0.jpg\" \/>\n\t<meta property=\"og:image:width\" content=\"1200\" \/>\n\t<meta property=\"og:image:height\" content=\"628\" \/>\n\t<meta property=\"og:image:type\" content=\"image\/jpeg\" \/>\n<meta name=\"twitter:card\" content=\"summary_large_image\" \/>\n<script type=\"application\/ld+json\" class=\"yoast-schema-graph\">{\"@context\":\"https:\/\/schema.org\",\"@graph\":[{\"@type\":\"WebPage\",\"@id\":\"https:\/\/taxfix.com\/es-es\/terminos-y-condiciones-oferta-1-mes-de-pack-autonomos-gratis\/\",\"url\":\"https:\/\/taxfix.com\/es-es\/terminos-y-condiciones-oferta-1-mes-de-pack-autonomos-gratis\/\",\"name\":\"T\u00e9rminos y condiciones Oferta \\\"1 MES DE PACK AUT\u00d3NOMOS GRATIS\\\" 2026 &#8211; Taxfix\",\"isPartOf\":{\"@id\":\"https:\/\/taxfix.com\/es-es\/#website\"},\"datePublished\":\"2026-02-04T12:17:44+00:00\",\"dateModified\":\"2026-02-04T12:27:20+00:00\",\"description\":\"Lee los t\u00e9rminos y condiciones de la Oferta de Noviembre 2025 que ofrecemos en Taxfix.\",\"breadcrumb\":{\"@id\":\"https:\/\/taxfix.com\/es-es\/terminos-y-condiciones-oferta-1-mes-de-pack-autonomos-gratis\/#breadcrumb\"},\"inLanguage\":\"es\",\"potentialAction\":[{\"@type\":\"ReadAction\",\"target\":[\"https:\/\/taxfix.com\/es-es\/terminos-y-condiciones-oferta-1-mes-de-pack-autonomos-gratis\/\"]}]},{\"@type\":\"BreadcrumbList\",\"@id\":\"https:\/\/taxfix.com\/es-es\/terminos-y-condiciones-oferta-1-mes-de-pack-autonomos-gratis\/#breadcrumb\",\"itemListElement\":[{\"@type\":\"ListItem\",\"position\":1,\"name\":\"Taxfix\",\"item\":\"https:\/\/taxfix.com\/es-es\/\"},{\"@type\":\"ListItem\",\"position\":2,\"name\":\"T\u00e9rminos y condiciones Oferta \u00ab1 MES DE PACK AUT\u00d3NOMOS GRATIS\u00bb 2026\"}]},{\"@type\":\"WebSite\",\"@id\":\"https:\/\/taxfix.com\/es-es\/#website\",\"url\":\"https:\/\/taxfix.com\/es-es\/\",\"name\":\"Taxfix\",\"description\":\"La mejor forma de presentar tus impuestos\",\"publisher\":{\"@id\":\"https:\/\/taxfix.com\/es-es\/#organization\"},\"potentialAction\":[{\"@type\":\"SearchAction\",\"target\":{\"@type\":\"EntryPoint\",\"urlTemplate\":\"https:\/\/taxfix.com\/es-es\/?s={search_term_string}\"},\"query-input\":{\"@type\":\"PropertyValueSpecification\",\"valueRequired\":true,\"valueName\":\"search_term_string\"}}],\"inLanguage\":\"es\"},{\"@type\":\"Organization\",\"@id\":\"https:\/\/taxfix.com\/es-es\/#organization\",\"name\":\"Taxfix\",\"url\":\"https:\/\/taxfix.com\/es-es\/\",\"logo\":{\"@type\":\"ImageObject\",\"inLanguage\":\"es\",\"@id\":\"https:\/\/taxfix.com\/es-es\/#\/schema\/logo\/image\/\",\"url\":\"https:\/\/taxfix.com\/es-es\/wp-content\/uploads\/1692.png\",\"contentUrl\":\"https:\/\/taxfix.com\/es-es\/wp-content\/uploads\/1692.png\",\"width\":192,\"height\":40,\"caption\":\"Taxfix\"},\"image\":{\"@id\":\"https:\/\/taxfix.com\/es-es\/#\/schema\/logo\/image\/\"},\"sameAs\":[\"https:\/\/www.facebook.com\/taxfix_es\/\",\"https:\/\/www.linkedin.com\/company\/taxfix\/\"]}]}<\/script>\n<!-- \/ Yoast SEO plugin. -->","yoast_head_json":{"title":"T\u00e9rminos y condiciones Oferta \"1 MES DE PACK AUT\u00d3NOMOS GRATIS\" 2026 &#8211; Taxfix","description":"Lee los t\u00e9rminos y condiciones de la Oferta de Noviembre 2025 que ofrecemos en Taxfix.","robots":{"index":"noindex","follow":"nofollow"},"og_locale":"es_ES","og_type":"article","og_title":"T\u00e9rminos y condiciones Oferta \"1 MES DE PACK AUT\u00d3NOMOS GRATIS\" 2026 &#8211; Taxfix","og_description":"Lee los t\u00e9rminos y condiciones de la Oferta de Noviembre 2025 que ofrecemos en Taxfix.","og_url":"https:\/\/taxfix.com\/es-es\/terminos-y-condiciones-oferta-1-mes-de-pack-autonomos-gratis\/","og_site_name":"Taxfix","article_publisher":"https:\/\/www.facebook.com\/taxfix_es\/","article_modified_time":"2026-02-04T12:27:20+00:00","og_image":[{"width":1200,"height":628,"url":"https:\/\/taxfix.com\/es-es\/wp-content\/uploads\/eyJhc3NldF9pZCI6NTY3OH0_taxfix-gmbh_UwIjumOzeyPqNyDgJ1bVY_OROVADgg2mBtzSX1XQ7A0.jpg","type":"image\/jpeg"}],"twitter_card":"summary_large_image","schema":{"@context":"https:\/\/schema.org","@graph":[{"@type":"WebPage","@id":"https:\/\/taxfix.com\/es-es\/terminos-y-condiciones-oferta-1-mes-de-pack-autonomos-gratis\/","url":"https:\/\/taxfix.com\/es-es\/terminos-y-condiciones-oferta-1-mes-de-pack-autonomos-gratis\/","name":"T\u00e9rminos y condiciones Oferta \"1 MES DE PACK AUT\u00d3NOMOS GRATIS\" 2026 &#8211; Taxfix","isPartOf":{"@id":"https:\/\/taxfix.com\/es-es\/#website"},"datePublished":"2026-02-04T12:17:44+00:00","dateModified":"2026-02-04T12:27:20+00:00","description":"Lee los t\u00e9rminos y condiciones de la Oferta de Noviembre 2025 que ofrecemos en Taxfix.","breadcrumb":{"@id":"https:\/\/taxfix.com\/es-es\/terminos-y-condiciones-oferta-1-mes-de-pack-autonomos-gratis\/#breadcrumb"},"inLanguage":"es","potentialAction":[{"@type":"ReadAction","target":["https:\/\/taxfix.com\/es-es\/terminos-y-condiciones-oferta-1-mes-de-pack-autonomos-gratis\/"]}]},{"@type":"BreadcrumbList","@id":"https:\/\/taxfix.com\/es-es\/terminos-y-condiciones-oferta-1-mes-de-pack-autonomos-gratis\/#breadcrumb","itemListElement":[{"@type":"ListItem","position":1,"name":"Taxfix","item":"https:\/\/taxfix.com\/es-es\/"},{"@type":"ListItem","position":2,"name":"T\u00e9rminos y condiciones Oferta \u00ab1 MES DE PACK AUT\u00d3NOMOS GRATIS\u00bb 2026"}]},{"@type":"WebSite","@id":"https:\/\/taxfix.com\/es-es\/#website","url":"https:\/\/taxfix.com\/es-es\/","name":"Taxfix","description":"La mejor forma de presentar tus impuestos","publisher":{"@id":"https:\/\/taxfix.com\/es-es\/#organization"},"potentialAction":[{"@type":"SearchAction","target":{"@type":"EntryPoint","urlTemplate":"https:\/\/taxfix.com\/es-es\/?s={search_term_string}"},"query-input":{"@type":"PropertyValueSpecification","valueRequired":true,"valueName":"search_term_string"}}],"inLanguage":"es"},{"@type":"Organization","@id":"https:\/\/taxfix.com\/es-es\/#organization","name":"Taxfix","url":"https:\/\/taxfix.com\/es-es\/","logo":{"@type":"ImageObject","inLanguage":"es","@id":"https:\/\/taxfix.com\/es-es\/#\/schema\/logo\/image\/","url":"https:\/\/taxfix.com\/es-es\/wp-content\/uploads\/1692.png","contentUrl":"https:\/\/taxfix.com\/es-es\/wp-content\/uploads\/1692.png","width":192,"height":40,"caption":"Taxfix"},"image":{"@id":"https:\/\/taxfix.com\/es-es\/#\/schema\/logo\/image\/"},"sameAs":["https:\/\/www.facebook.com\/taxfix_es\/","https:\/\/www.linkedin.com\/company\/taxfix\/"]}]}},"_links":{"self":[{"href":"https:\/\/taxfix.com\/es-es\/wp-json\/wp\/v2\/pages\/28804","targetHints":{"allow":["GET"]}}],"collection":[{"href":"https:\/\/taxfix.com\/es-es\/wp-json\/wp\/v2\/pages"}],"about":[{"href":"https:\/\/taxfix.com\/es-es\/wp-json\/wp\/v2\/types\/page"}],"author":[{"embeddable":true,"href":"https:\/\/taxfix.com\/es-es\/wp-json\/wp\/v2\/users\/15"}],"replies":[{"embeddable":true,"href":"https:\/\/taxfix.com\/es-es\/wp-json\/wp\/v2\/comments?post=28804"}],"version-history":[{"count":2,"href":"https:\/\/taxfix.com\/es-es\/wp-json\/wp\/v2\/pages\/28804\/revisions"}],"predecessor-version":[{"id":28807,"href":"https:\/\/taxfix.com\/es-es\/wp-json\/wp\/v2\/pages\/28804\/revisions\/28807"}],"wp:attachment":[{"href":"https:\/\/taxfix.com\/es-es\/wp-json\/wp\/v2\/media?parent=28804"}],"curies":[{"name":"wp","href":"https:\/\/api.w.org\/{rel}","templated":true}]}}