{"id":3472,"date":"2021-11-12T13:53:47","date_gmt":"2021-11-12T12:53:47","guid":{"rendered":"https:\/\/taxfix.com\/es-es\/?page_id=3472"},"modified":"2023-02-07T12:07:42","modified_gmt":"2023-02-07T11:07:42","slug":"calculadora-de-iva-de-autonomos","status":"publish","type":"page","link":"https:\/\/taxfix.com\/es-es\/calculadoras\/calculadora-de-iva-de-autonomos\/","title":{"rendered":"Calculadora de IVA trimestral de aut\u00f3nomos"},"content":{"rendered":"<div data-react=\"tooltip-provider\"><\/div>\n\n    <div class=\"c-block-calculator\">\n\n    <div class=\"c-container\">\n\n        \n\n    <div data-react=\"vat-calculator\">\n        <!-- Default calc code -->\n\n        <div class=\"sc-bjeSvz bVEGkx\"><div class=\"sc-iidxPo cRQpGZ\">\u00a1Atenci\u00f3n! Esta calculadora te permitir\u00e1 hacer un c\u00e1lculo aproximado y orientativo. El resultado final de tu IVA trimestral depender\u00e1 de si los datos son exactos y correctos y tambi\u00e9n de la posibilidad real de deducir los gastos que introduzcas.<\/div><div class=\"sc-fmWevp ivoRwj\"><form><div class=\"sc-jdhxzS bUNWQi\"><div class=\"sc-fkJVzn cUjlVL\"><div class=\"sc-eBTqMF eTBuLe\">\u00bfCu\u00e1nto es el total de tus facturas emitidas sin IVA ni IRPF?<\/div><div class=\"sc-iseJRi biiiac\">Escribe la suma de todas las bases imponibles en la casilla que te corresponda y ya est\u00e1.<\/div><div class=\"sc-fGoNRK wAhbv\"><div class=\"sc-cidCJl\"><input type=\"number\" min=\"0\" pattern=\"[0-9]*\" name=\"invoicedGeneralVAT\" class=\"sc-lbhJmS kSqQRV\" value=\"0\"><\/div><div class=\"sc-hlGCtx eOqlZl\">En tus facturas recaudas un IVA general del 21% (el m\u00e1s t\u00edpico) si eres desarrollador, profesor, redactor, dise\u00f1ador, traductor, consultor..<\/div><\/div><div class=\"sc-fGoNRK wAhbv\"><div class=\"sc-cidCJl\"><input type=\"number\" min=\"0\" pattern=\"[0-9]*\" name=\"invoicedReducedVAT\" class=\"sc-lbhJmS kSqQRV\" value=\"0\"><\/div><div class=\"sc-hlGCtx eOqlZl\">En tus facturas recaudas un IVA reducido del 10% si ofreces productos o servicios veterinarios, de restauraci\u00f3n y alimentos, vivienda, transporte, cine o de higiene femenina.<\/div><\/div><div class=\"sc-fGoNRK wAhbv\"><div class=\"sc-cidCJl\"><input type=\"number\" min=\"0\" pattern=\"[0-9]*\" name=\"invoicedSuperReducedVAT\" class=\"sc-lbhJmS kSqQRV\" value=\"0\"><\/div><div class=\"sc-hlGCtx eOqlZl\">En tus facturas recaudas un IVA superreducido del 4% si ofreces productos o servicios b\u00e1sicos como medicamentos, pan, fruta y verdura, libros y prensa o pr\u00f3tesis y ortopedia.<\/div><\/div><\/div><div class=\"sc-fkJVzn cUjlVL\"><div class=\"sc-eBTqMF eTBuLe\">\u00bfCu\u00e1nto es el total de tus gastos sin IVA ni IRPF?<\/div><div class=\"sc-iseJRi biiiac\">Escribe la suma de todas las bases imponibles en cada casilla seg\u00fan del tipo de producto o servicio que has pagado.<\/div><div class=\"sc-fGoNRK wAhbv\"><div class=\"sc-cidCJl\"><input type=\"number\" min=\"0\" pattern=\"[0-9]*\" name=\"paidGeneralVAT\" class=\"sc-lbhJmS kSqQRV\" value=\"0\"><\/div><div class=\"sc-hlGCtx eOqlZl\">Compras de material, facturas de servicios o de alquiler.<\/div><\/div><div class=\"sc-fGoNRK wAhbv\"><div class=\"sc-cidCJl\"><input type=\"number\" min=\"0\" pattern=\"[0-9]*\" name=\"paidReducedVAT\" class=\"sc-lbhJmS kSqQRV\" value=\"0\"><\/div><div class=\"sc-hlGCtx eOqlZl\">Transporte, servicios de hosteler\u00eda, objetos de arte, exposiciones o ferias de car\u00e1cter comercial.<\/div><\/div><div class=\"sc-fGoNRK wAhbv\"><div class=\"sc-cidCJl\"><input type=\"number\" min=\"0\" pattern=\"[0-9]*\" name=\"paidSuperReducedVAT\" class=\"sc-lbhJmS kSqQRV\" value=\"0\"><\/div><div class=\"sc-hlGCtx eOqlZl\">Suscripciones de prensa, libros, alimentos, medicamentos, ortopedia y protesis.<\/div><\/div><\/div><\/div><\/form><\/div><div class=\"sc-iuqSNk jxoODb\"><div class=\"sc-ezHhQD\"><div class=\"sc-kBzhNE bLIWak\"><div class=\"sc-gJbFMZ hjWjpX\">Total de IVA repercutido <span>El IVA que has recaudado a trav\u00e9s de tus facturas.<\/span><\/div><div class=\"sc-eJRSvT fBbEeW\">0\u20ac<\/div><\/div><div class=\"sc-kBzhNE bLIWak\"><div class=\"sc-gJbFMZ hjWjpX\">Total de IVA soportado <span>El IVA que has pagado como parte de tus gastos.<\/span><\/div><div class=\"sc-eJRSvT fBbEeW\">0\u20ac<\/div><\/div><\/div><\/div><\/div>\n    \n        <!-- END Default calc code -->\n    <\/div>\n\n\n    <\/div> <!-- .c-container -->\n<\/div> <!-- .c-block-calculator -->\n\n\n\n\n<div class=\"c-block-body m-white  m-narrow\">\n\n    <div class=\"c-container\">\n\n        <div class=\"c-block-body__content\">\n\n            \n            <div class=\"c-body\"><p><span style=\"font-weight: 400;\">El IVA si eres aut\u00f3nomo va a ser un compa\u00f1ero a lo largo de toda tu actividad. De hecho, es de los impuestos m\u00e1s importantes para los aut\u00f3nomos. \u00bfLa raz\u00f3n? Todos los aut\u00f3nomos tienen que <\/span><span style=\"font-weight: 400;\">calcular trimestralmente el IVA<\/span><span style=\"font-weight: 400;\"> para poder presentar el <\/span><a href=\"https:\/\/taxfix.com\/es-es\/autonomos\/presentar-el-modelo-303\/\" target=\"_blank\" rel=\"noopener\"><span style=\"font-weight: 400;\">modelo 303<\/span><\/a><span style=\"font-weight: 400;\">. En esta <\/span><span style=\"font-weight: 400;\">calculadora de IVA trimestral<\/span><span style=\"font-weight: 400;\"> podr\u00e1s <\/span><span style=\"font-weight: 400;\">calcular cu\u00e1nto IVA<\/span><span style=\"font-weight: 400;\"> te corresponde.<\/span><\/p>\n<h2>\u00bfQu\u00e9 es el IVA de aut\u00f3nomos?<\/h2>\n<p><span style=\"font-weight: 400;\">Cada vez que un aut\u00f3nomo emite una factura, esta incluye un porcentaje de impuestos (el <a href=\"https:\/\/taxfix.com\/es-es\/diccionario\/iva-repercutido\/\" target=\"_blank\" rel=\"noopener\">IVA repercutido<\/a>, en este caso). Esto ocurre porque, quien paga la factura, est\u00e1 obteniendo un producto o servicio y tiene que pagar impuestos por ello. Ahora bien, los impuestos no te los paga a ti, aut\u00f3nomo, sino que se los paga al Estado a trav\u00e9s de ti.<\/span><\/p>\n<p><span style=\"font-weight: 400;\">Luego, cuando un aut\u00f3nomo obtiene un producto o servicio que le permite desarrollar su trabajo (por ejemplo, si un alba\u00f1il se compra un calzado de protecci\u00f3n para ir a la obra), el precio incluye una parte de IVA, por lo que est\u00e1 pagando el <a href=\"https:\/\/taxfix.com\/es-es\/diccionario\/iva-soportado\/\" target=\"_blank\" rel=\"noopener\">IVA soportado<\/a>.<\/span><\/p>\n<h2><b>Calcular el IVA trimestral de aut\u00f3nomos<\/b><\/h2>\n<p><span style=\"font-weight: 400;\">\u00bfC\u00f3mo calcular el IVA de un aut\u00f3nomo? Muy sencillo. Al final del trimestre, todo el IVA que se ha pagado (soportado) se resta al IVA que se ha recaudado (repercutido), y el resultado es lo que el aut\u00f3nomo tiene que ingresar a Hacienda en el modelo 303.<\/span><\/p>\n<p><span style=\"font-weight: 400;\">Para saber cu\u00e1nto IVA has pagado de tus compras, solo tienes que aplicar a la base imponible de la factura de todos tus proveedores el porcentaje de IVA que corresponda a cada servicio. <\/span><span style=\"font-weight: 400;\">Para calcular cu\u00e1nto IVA has recaudado, tendr\u00e1s que sumar la base imponible de todas tus facturas del trimestre y aplicar el porcentaje de IVA al que est\u00e9 sujeta tu actividad (normalmente el 21%).\u00a0<\/span><\/p>\n<p><span style=\"font-weight: 400;\">En algunos casos, la cantidad de IVA soportado ser\u00e1 mayor a la cantidad de IVA repercutido, pero no es habitual. En este caso, Hacienda lo compensa o bien permite optar a una devoluci\u00f3n.\u00a0<\/span><\/p>\n<p><span style=\"font-weight: 400;\">Si quieres saber todo sobre <\/span><a href=\"https:\/\/taxfix.com\/es-es\/autonomos\/pagar-el-iva-trimestral-de-autonomos\/\" target=\"_blank\" rel=\"noopener\"><span style=\"font-weight: 400;\">pagar el IVA trimestral de aut\u00f3nomos<\/span><\/a><span style=\"font-weight: 400;\">, \u00a1echa un vistazo a nuestra gu\u00eda!<\/span><\/p>\n<h2>\u00bfDe qu\u00e9 te sirve calcular el IVA de aut\u00f3nomos?<\/h2>\n<p><span style=\"font-weight: 400;\">El IVA trimestral de aut\u00f3nomos siempre depender\u00e1 de las cantidades que factures y las cantidades que gastes en productos o servicios para poder hacer tu trabajo durante un trimestre en concreto. Dependiendo del trabajo que hagas y lo que tengas que adquirir para trabajar, el tipo de IVA que se aplique tanto en tus facturas emitidas como en las facturas de lo que has pagado ser\u00e1 variable.<\/span><\/p>\n<p><span style=\"font-weight: 400;\">Calcular el IVA de aut\u00f3nomos te permite tener <\/span><b>una estimaci\u00f3n<\/b><span style=\"font-weight: 400;\"> de la cantidad de dinero que tendr\u00e1s que pagar a Hacienda al final del trimestre. Esto puede ser \u00fatil para <\/span><b>planificar tus finanzas y gastos<\/b><span style=\"font-weight: 400;\"> en relaci\u00f3n con tu trabajo como aut\u00f3nomo.<\/span><\/p>\n<h2>Un consejo sobre el IVA de aut\u00f3nomos<\/h2>\n<p><span style=\"font-weight: 400;\">F\u00e1cil y claro para que lo entienda cualquier aut\u00f3nomo: <\/span><b>no cuentes con el IVA que cobras<\/b><span style=\"font-weight: 400;\"> a trav\u00e9s de las facturas que emites <\/span><b>como si fuera parte de tus ingresos<\/b><span style=\"font-weight: 400;\"> o ganancias por el trabajo que haces. Como aut\u00f3nomo, act\u00faas como recaudador de este impuesto de parte del Estado, por lo que el dinero no te pertenece y tendr\u00e1s que ingresarlo a Hacienda (solo estar\u00e1 en tu bolsillo hasta el final del trimestre).<\/span><\/p>\n<p><span style=\"font-weight: 400;\">Ten en cuenta que <\/span><b>no podr\u00e1s deducir el IVA de todo lo que gastes<\/b><span style=\"font-weight: 400;\">. En la gu\u00eda sobre <\/span><a href=\"https:\/\/taxfix.com\/es-es\/autonomos\/gastos-deducibles-de-autonomos\/\" target=\"_blank\" rel=\"noopener\"><span style=\"font-weight: 400;\">gastos deducibles de aut\u00f3nomos<\/span><\/a><span style=\"font-weight: 400;\"> te contamos qu\u00e9 es generalmente deducible y, si tienes m\u00e1s dudas o no sabes c\u00f3mo presentar tus declaraciones trimestrales de impuestos, te ayudamos en <\/span><a href=\"https:\/\/taxfix.com\/es-es\/\"><span style=\"font-weight: 400;\">Taxfix<\/span><\/a><span style=\"font-weight: 400;\">, tu <\/span><a href=\"https:\/\/taxfix.com\/es-es\/autonomos\/\"><span style=\"font-weight: 400;\">asesor\u00eda online<\/span><\/a><span style=\"font-weight: 400;\"> de confianza.<\/span><\/p>\n<\/div>\n\n            \n        <\/div>\n    <\/div>\n<\/div> <!-- .c-block-body -->\n\n\n\n<div class=\"b-related-posts\">\n\n    <div class=\"b-block-header \">\n\n        <h2 class=\"b-block-header__title\">Quiz\u00e1 tambi\u00e9n te interese&#8230;<\/h2>\n    \n    \n<\/div>\n\n\n    <div class=\"c-container\">\n        \n        \n        <ul class=\"b-related-posts__list\">\n\n            \n            \n            <li class=\"b-related-posts__list-item m-without-image\">\n                <a href=\"https:\/\/taxfix.com\/es-es\/autonomos\/calcular-el-sueldo-neto-como-autonomo\/\" class=\"c-blog-post m-without-image\">\n\n    \n    <div class=\"c-blog-post__content\">\n\n        \n        <h3 class=\"c-blog-post__title\">\n             Calcular el sueldo neto como aut\u00f3nomo\n        <\/h3>\n    <\/div>\n<\/a>\n\n            <\/li>\n            \n                            \n            \n            \n            <li class=\"b-related-posts__list-item m-without-image\">\n                <a href=\"https:\/\/taxfix.com\/es-es\/blog\/cuando-es-rentable-ser-autonomo-en-espana\/\" class=\"c-blog-post m-without-image\">\n\n    \n    <div class=\"c-blog-post__content\">\n\n        \n        <h3 class=\"c-blog-post__title\">\n             \u00bfCu\u00e1ndo es rentable ser aut\u00f3nomo en Espa\u00f1a?\n        <\/h3>\n    <\/div>\n<\/a>\n\n            <\/li>\n            \n                            \n            \n            \n            <li class=\"b-related-posts__list-item m-without-image\">\n                <a href=\"https:\/\/taxfix.com\/es-es\/autonomos\/gastos-deducibles-de-autonomos\/\" class=\"c-blog-post m-without-image\">\n\n    \n    <div class=\"c-blog-post__content\">\n\n        \n        <h3 class=\"c-blog-post__title\">\n             Los gastos deducibles de aut\u00f3nomos: cu\u00e1les son y c\u00f3mo deducirlos\n        <\/h3>\n    <\/div>\n<\/a>\n\n            <\/li>\n            \n                            \n            \n        <\/ul>\n\n        \n    <\/div>\n<\/div>\n\n","protected":false},"excerpt":{"rendered":"","protected":false},"author":1,"featured_media":0,"parent":8192,"menu_order":6,"comment_status":"closed","ping_status":"closed","template":"views\/template-calculators-single.blade.php","meta":{"_acf_changed":false,"footnotes":""},"class_list":["post-3472","page","type-page","status-publish","hentry"],"acf":[],"yoast_head":"<!-- This site is optimized with the Yoast SEO plugin v25.8 - https:\/\/yoast.com\/wordpress\/plugins\/seo\/ -->\n<title>Calculadora de IVA trimestral de aut\u00f3nomos en 2026 &#8211; Taxfix<\/title>\n<meta name=\"description\" content=\"Calcula tu IVA de aut\u00f3nomos de este trimestre de forma r\u00e1pida y sencilla y obt\u00e9n una estimaci\u00f3n de lo que te tocar\u00e1 pagar o compensar.\" \/>\n<meta name=\"robots\" content=\"index, follow, max-snippet:-1, max-image-preview:large, max-video-preview:-1\" \/>\n<link rel=\"canonical\" href=\"https:\/\/taxfix.com\/es-es\/calculadoras\/calculadora-de-iva-de-autonomos\/\" \/>\n<meta property=\"og:locale\" content=\"es_ES\" \/>\n<meta property=\"og:type\" content=\"article\" \/>\n<meta property=\"og:title\" content=\"Calculadora de IVA trimestral de aut\u00f3nomos en 2026 &#8211; Taxfix\" \/>\n<meta property=\"og:description\" content=\"Calcula tu IVA de aut\u00f3nomos de este trimestre de forma r\u00e1pida y sencilla y obt\u00e9n una estimaci\u00f3n de lo que te tocar\u00e1 pagar o compensar.\" \/>\n<meta property=\"og:url\" content=\"https:\/\/taxfix.com\/es-es\/calculadoras\/calculadora-de-iva-de-autonomos\/\" \/>\n<meta property=\"og:site_name\" content=\"Taxfix\" \/>\n<meta property=\"article:publisher\" content=\"https:\/\/www.facebook.com\/taxfix_es\/\" \/>\n<meta property=\"article:modified_time\" content=\"2023-02-07T11:07:42+00:00\" \/>\n<meta property=\"og:image\" content=\"https:\/\/taxfix.com\/es-es\/wp-content\/uploads\/eyJhc3NldF9pZCI6NTY3OH0_taxfix-gmbh_UwIjumOzeyPqNyDgJ1bVY_OROVADgg2mBtzSX1XQ7A0.jpg\" \/>\n\t<meta property=\"og:image:width\" content=\"1200\" \/>\n\t<meta property=\"og:image:height\" content=\"628\" \/>\n\t<meta property=\"og:image:type\" content=\"image\/jpeg\" \/>\n<meta name=\"twitter:card\" content=\"summary_large_image\" \/>\n<script type=\"application\/ld+json\" class=\"yoast-schema-graph\">{\"@context\":\"https:\/\/schema.org\",\"@graph\":[{\"@type\":\"WebPage\",\"@id\":\"https:\/\/taxfix.com\/es-es\/calculadoras\/calculadora-de-iva-de-autonomos\/\",\"url\":\"https:\/\/taxfix.com\/es-es\/calculadoras\/calculadora-de-iva-de-autonomos\/\",\"name\":\"Calculadora de IVA trimestral de aut\u00f3nomos en 2026 &#8211; Taxfix\",\"isPartOf\":{\"@id\":\"https:\/\/taxfix.com\/es-es\/#website\"},\"datePublished\":\"2021-11-12T12:53:47+00:00\",\"dateModified\":\"2023-02-07T11:07:42+00:00\",\"description\":\"Calcula tu IVA de aut\u00f3nomos de este trimestre de forma r\u00e1pida y sencilla y obt\u00e9n una estimaci\u00f3n de lo que te tocar\u00e1 pagar o compensar.\",\"breadcrumb\":{\"@id\":\"https:\/\/taxfix.com\/es-es\/calculadoras\/calculadora-de-iva-de-autonomos\/#breadcrumb\"},\"inLanguage\":\"es\",\"potentialAction\":[{\"@type\":\"ReadAction\",\"target\":[\"https:\/\/taxfix.com\/es-es\/calculadoras\/calculadora-de-iva-de-autonomos\/\"]}]},{\"@type\":\"BreadcrumbList\",\"@id\":\"https:\/\/taxfix.com\/es-es\/calculadoras\/calculadora-de-iva-de-autonomos\/#breadcrumb\",\"itemListElement\":[{\"@type\":\"ListItem\",\"position\":1,\"name\":\"Taxfix\",\"item\":\"https:\/\/taxfix.com\/es-es\/\"},{\"@type\":\"ListItem\",\"position\":2,\"name\":\"Calculadoras\",\"item\":\"https:\/\/taxfix.com\/es-es\/calculadoras\/\"},{\"@type\":\"ListItem\",\"position\":3,\"name\":\"Calculadora de IVA trimestral de aut\u00f3nomos\"}]},{\"@type\":\"WebSite\",\"@id\":\"https:\/\/taxfix.com\/es-es\/#website\",\"url\":\"https:\/\/taxfix.com\/es-es\/\",\"name\":\"Taxfix\",\"description\":\"La mejor forma de presentar tus impuestos\",\"publisher\":{\"@id\":\"https:\/\/taxfix.com\/es-es\/#organization\"},\"potentialAction\":[{\"@type\":\"SearchAction\",\"target\":{\"@type\":\"EntryPoint\",\"urlTemplate\":\"https:\/\/taxfix.com\/es-es\/?s={search_term_string}\"},\"query-input\":{\"@type\":\"PropertyValueSpecification\",\"valueRequired\":true,\"valueName\":\"search_term_string\"}}],\"inLanguage\":\"es\"},{\"@type\":\"Organization\",\"@id\":\"https:\/\/taxfix.com\/es-es\/#organization\",\"name\":\"Taxfix\",\"url\":\"https:\/\/taxfix.com\/es-es\/\",\"logo\":{\"@type\":\"ImageObject\",\"inLanguage\":\"es\",\"@id\":\"https:\/\/taxfix.com\/es-es\/#\/schema\/logo\/image\/\",\"url\":\"https:\/\/taxfix.com\/es-es\/wp-content\/uploads\/1692.png\",\"contentUrl\":\"https:\/\/taxfix.com\/es-es\/wp-content\/uploads\/1692.png\",\"width\":192,\"height\":40,\"caption\":\"Taxfix\"},\"image\":{\"@id\":\"https:\/\/taxfix.com\/es-es\/#\/schema\/logo\/image\/\"},\"sameAs\":[\"https:\/\/www.facebook.com\/taxfix_es\/\",\"https:\/\/www.linkedin.com\/company\/taxfix\/\"]}]}<\/script>\n<!-- \/ Yoast SEO plugin. -->","yoast_head_json":{"title":"Calculadora de IVA trimestral de aut\u00f3nomos en 2026 &#8211; Taxfix","description":"Calcula tu IVA de aut\u00f3nomos de este trimestre de forma r\u00e1pida y sencilla y obt\u00e9n una estimaci\u00f3n de lo que te tocar\u00e1 pagar o compensar.","robots":{"index":"index","follow":"follow","max-snippet":"max-snippet:-1","max-image-preview":"max-image-preview:large","max-video-preview":"max-video-preview:-1"},"canonical":"https:\/\/taxfix.com\/es-es\/calculadoras\/calculadora-de-iva-de-autonomos\/","og_locale":"es_ES","og_type":"article","og_title":"Calculadora de IVA trimestral de aut\u00f3nomos en 2026 &#8211; Taxfix","og_description":"Calcula tu IVA de aut\u00f3nomos de este trimestre de forma r\u00e1pida y sencilla y obt\u00e9n una estimaci\u00f3n de lo que te tocar\u00e1 pagar o compensar.","og_url":"https:\/\/taxfix.com\/es-es\/calculadoras\/calculadora-de-iva-de-autonomos\/","og_site_name":"Taxfix","article_publisher":"https:\/\/www.facebook.com\/taxfix_es\/","article_modified_time":"2023-02-07T11:07:42+00:00","og_image":[{"width":1200,"height":628,"url":"https:\/\/taxfix.com\/es-es\/wp-content\/uploads\/eyJhc3NldF9pZCI6NTY3OH0_taxfix-gmbh_UwIjumOzeyPqNyDgJ1bVY_OROVADgg2mBtzSX1XQ7A0.jpg","type":"image\/jpeg"}],"twitter_card":"summary_large_image","schema":{"@context":"https:\/\/schema.org","@graph":[{"@type":"WebPage","@id":"https:\/\/taxfix.com\/es-es\/calculadoras\/calculadora-de-iva-de-autonomos\/","url":"https:\/\/taxfix.com\/es-es\/calculadoras\/calculadora-de-iva-de-autonomos\/","name":"Calculadora de IVA trimestral de aut\u00f3nomos en 2026 &#8211; Taxfix","isPartOf":{"@id":"https:\/\/taxfix.com\/es-es\/#website"},"datePublished":"2021-11-12T12:53:47+00:00","dateModified":"2023-02-07T11:07:42+00:00","description":"Calcula tu IVA de aut\u00f3nomos de este trimestre de forma r\u00e1pida y sencilla y obt\u00e9n una estimaci\u00f3n de lo que te tocar\u00e1 pagar o compensar.","breadcrumb":{"@id":"https:\/\/taxfix.com\/es-es\/calculadoras\/calculadora-de-iva-de-autonomos\/#breadcrumb"},"inLanguage":"es","potentialAction":[{"@type":"ReadAction","target":["https:\/\/taxfix.com\/es-es\/calculadoras\/calculadora-de-iva-de-autonomos\/"]}]},{"@type":"BreadcrumbList","@id":"https:\/\/taxfix.com\/es-es\/calculadoras\/calculadora-de-iva-de-autonomos\/#breadcrumb","itemListElement":[{"@type":"ListItem","position":1,"name":"Taxfix","item":"https:\/\/taxfix.com\/es-es\/"},{"@type":"ListItem","position":2,"name":"Calculadoras","item":"https:\/\/taxfix.com\/es-es\/calculadoras\/"},{"@type":"ListItem","position":3,"name":"Calculadora de IVA trimestral de aut\u00f3nomos"}]},{"@type":"WebSite","@id":"https:\/\/taxfix.com\/es-es\/#website","url":"https:\/\/taxfix.com\/es-es\/","name":"Taxfix","description":"La mejor forma de presentar tus impuestos","publisher":{"@id":"https:\/\/taxfix.com\/es-es\/#organization"},"potentialAction":[{"@type":"SearchAction","target":{"@type":"EntryPoint","urlTemplate":"https:\/\/taxfix.com\/es-es\/?s={search_term_string}"},"query-input":{"@type":"PropertyValueSpecification","valueRequired":true,"valueName":"search_term_string"}}],"inLanguage":"es"},{"@type":"Organization","@id":"https:\/\/taxfix.com\/es-es\/#organization","name":"Taxfix","url":"https:\/\/taxfix.com\/es-es\/","logo":{"@type":"ImageObject","inLanguage":"es","@id":"https:\/\/taxfix.com\/es-es\/#\/schema\/logo\/image\/","url":"https:\/\/taxfix.com\/es-es\/wp-content\/uploads\/1692.png","contentUrl":"https:\/\/taxfix.com\/es-es\/wp-content\/uploads\/1692.png","width":192,"height":40,"caption":"Taxfix"},"image":{"@id":"https:\/\/taxfix.com\/es-es\/#\/schema\/logo\/image\/"},"sameAs":["https:\/\/www.facebook.com\/taxfix_es\/","https:\/\/www.linkedin.com\/company\/taxfix\/"]}]}},"_links":{"self":[{"href":"https:\/\/taxfix.com\/es-es\/wp-json\/wp\/v2\/pages\/3472","targetHints":{"allow":["GET"]}}],"collection":[{"href":"https:\/\/taxfix.com\/es-es\/wp-json\/wp\/v2\/pages"}],"about":[{"href":"https:\/\/taxfix.com\/es-es\/wp-json\/wp\/v2\/types\/page"}],"author":[{"embeddable":true,"href":"https:\/\/taxfix.com\/es-es\/wp-json\/wp\/v2\/users\/1"}],"replies":[{"embeddable":true,"href":"https:\/\/taxfix.com\/es-es\/wp-json\/wp\/v2\/comments?post=3472"}],"version-history":[{"count":31,"href":"https:\/\/taxfix.com\/es-es\/wp-json\/wp\/v2\/pages\/3472\/revisions"}],"predecessor-version":[{"id":11373,"href":"https:\/\/taxfix.com\/es-es\/wp-json\/wp\/v2\/pages\/3472\/revisions\/11373"}],"up":[{"embeddable":true,"href":"https:\/\/taxfix.com\/es-es\/wp-json\/wp\/v2\/pages\/8192"}],"wp:attachment":[{"href":"https:\/\/taxfix.com\/es-es\/wp-json\/wp\/v2\/media?parent=3472"}],"curies":[{"name":"wp","href":"https:\/\/api.w.org\/{rel}","templated":true}]}}