{"id":8160,"date":"2022-07-29T12:07:35","date_gmt":"2022-07-29T10:07:35","guid":{"rendered":"https:\/\/taxfix.com\/es-es\/?page_id=8160"},"modified":"2022-07-29T12:48:42","modified_gmt":"2022-07-29T10:48:42","slug":"calculadora-de-multas-por-presentar-la-renta-fuera-de-plazo","status":"publish","type":"page","link":"https:\/\/taxfix.com\/es-es\/calculadoras\/calculadora-de-multas-por-presentar-la-renta-fuera-de-plazo\/","title":{"rendered":"Calculadora de multas por presentar la renta fuera de plazo"},"content":{"rendered":"<div data-react=\"tooltip-provider\"><\/div>\n\n<div class=\"c-block-calculator\">\n\n    <div class=\"c-container\">\n\n        \n\n    <div data-react=\"renta-fines-calculator\">\n        <!-- Default calc code -->\n\n        <div class=\"sc-egiSv klpymZ\"><div class=\"sc-kLwgWK fdpGwQ\"><form><div class=\"Form__FormRow-sc-32vt5e-0 ddlwSx\"><div class=\"Form__FormRowTitle-sc-32vt5e-2 coHrqe\">\u00bfSabes ya el resultado de tu declaraci\u00f3n de la renta?<\/div><div class=\"Form__FormRowColumns-sc-32vt5e-4 fJQHgG\"><div width=\"49%\" class=\"Form__FormRowColumn-sc-32vt5e-5 dbazbi\"><button class=\"sc-iJKOzS iMNYzH\"><span class=\"sc-giYgFv cCLPIu\"><img decoding=\"async\" src=\"data:image\/svg+xml;base64,PHN2ZyB4bWxucz0iaHR0cDovL3d3dy53My5vcmcvMjAwMC9zdmciIHhtbG5zOnhsaW5rPSJodHRwOi8vd3d3LnczLm9yZy8xOTk5L3hsaW5rIiB4bWxuczpza2V0Y2g9Imh0dHA6Ly93d3cuYm9oZW1pYW5jb2RpbmcuY29tL3NrZXRjaC9ucyIgdmlld0JveD0iMCAwIDE2IDE2IiB2ZXJzaW9uPSIxLjEiIHg9IjBweCIgeT0iMHB4Ij48ZyBzdHJva2U9Im5vbmUiIHN0cm9rZS13aWR0aD0iMSIgZmlsbD0ibm9uZSIgZmlsbC1ydWxlPSJldmVub2RkIiBza2V0Y2g6dHlwZT0iTVNQYWdlIj48ZyBza2V0Y2g6dHlwZT0iTVNBcnRib2FyZEdyb3VwIiBmaWxsPSIjZmZmZmZmIj48cGF0aCBkPSJNNiwxMCBMMi41LDYuNSBMMC41LDguNSBMNiwxNCBMMTUuNSw0LjUgTDEzLjUsMi41IEw2LDEwIFoiIHNrZXRjaDp0eXBlPSJNU1NoYXBlR3JvdXAiPjwvcGF0aD48L2c+PC9nPjwvc3ZnPgo=\" class=\"sc-ezbkgU hhcFCV\">S\u00ed<\/span><\/button><\/div><div width=\"49%\" class=\"Form__FormRowColumn-sc-32vt5e-5 dbazbi\"><button class=\"sc-iJKOzS bZuJFl\"><span class=\"sc-giYgFv cCLPIu\">No<\/span><\/button><\/div><\/div><\/div><div class=\"Form__FormRow-sc-32vt5e-0 ddlwSx\"><div class=\"Form__FormRowTitle-sc-32vt5e-2 coHrqe\">\u00bfY c\u00f3mo te ha ido?<\/div><div class=\"Form__FormRowColumns-sc-32vt5e-4 fJQHgG\"><div width=\"49%\" class=\"Form__FormRowColumn-sc-32vt5e-5 dbazbi\"><button class=\"sc-iJKOzS bZuJFl\"><span class=\"sc-giYgFv cCLPIu\">Me ha salido a devolver<\/span><\/button><\/div><div width=\"49%\" class=\"Form__FormRowColumn-sc-32vt5e-5 dbazbi\"><button class=\"sc-iJKOzS iMNYzH\"><span class=\"sc-giYgFv cCLPIu\"><img decoding=\"async\" src=\"data:image\/svg+xml;base64,PHN2ZyB4bWxucz0iaHR0cDovL3d3dy53My5vcmcvMjAwMC9zdmciIHhtbG5zOnhsaW5rPSJodHRwOi8vd3d3LnczLm9yZy8xOTk5L3hsaW5rIiB4bWxuczpza2V0Y2g9Imh0dHA6Ly93d3cuYm9oZW1pYW5jb2RpbmcuY29tL3NrZXRjaC9ucyIgdmlld0JveD0iMCAwIDE2IDE2IiB2ZXJzaW9uPSIxLjEiIHg9IjBweCIgeT0iMHB4Ij48ZyBzdHJva2U9Im5vbmUiIHN0cm9rZS13aWR0aD0iMSIgZmlsbD0ibm9uZSIgZmlsbC1ydWxlPSJldmVub2RkIiBza2V0Y2g6dHlwZT0iTVNQYWdlIj48ZyBza2V0Y2g6dHlwZT0iTVNBcnRib2FyZEdyb3VwIiBmaWxsPSIjZmZmZmZmIj48cGF0aCBkPSJNNiwxMCBMMi41LDYuNSBMMC41LDguNSBMNiwxNCBMMTUuNSw0LjUgTDEzLjUsMi41IEw2LDEwIFoiIHNrZXRjaDp0eXBlPSJNU1NoYXBlR3JvdXAiPjwvcGF0aD48L2c+PC9nPjwvc3ZnPgo=\" class=\"sc-ezbkgU hhcFCV\">Me ha salido a pagar<\/span><\/button><\/div><\/div><\/div><div class=\"Form__FormRow-sc-32vt5e-0 ddlwSx\"><div class=\"Form__FormRowTitle-sc-32vt5e-2 coHrqe\">\u00bfCu\u00e1nto te toca pagar este a\u00f1o?<\/div><p class=\"sc-bYoCmx boQaxu\">Te lo preguntamos para poder calcular de cu\u00e1nto ser\u00e1 tu sanci\u00f3n por presentar tarde la declaraci\u00f3n de la renta.<\/p><div class=\"Form__FormRowColumns-sc-32vt5e-4 fJQHgG\"><div class=\"Form__FormRowColumn-sc-32vt5e-5 jsMbNu\"><div class=\"Input__Container-sc-11yg3hb-0 jiJACg\"><input name=\"taxAmount\" type=\"number\" class=\"Input__InputElementSecondary-sc-11yg3hb-2 iljnxQ\" data-com.bitwarden.browser.user-edited=\"yes\"><div class=\"Input__Suffix-sc-11yg3hb-4 eEnjn\">\u20ac<\/div><\/div><\/div><\/div><\/div><div class=\"Form__FormRow-sc-32vt5e-0 ddlwSx\"><div class=\"Form__FormRowTitle-sc-32vt5e-2 coHrqe\">\u00bfHas presentado la declaraci\u00f3n antes de que te lo reclame Hacienda?<\/div><div class=\"Form__FormRowColumns-sc-32vt5e-4 fJQHgG\"><div width=\"49%\" class=\"Form__FormRowColumn-sc-32vt5e-5 dbazbi\"><button class=\"sc-iJKOzS iMNYzH\"><span class=\"sc-giYgFv cCLPIu\"><img decoding=\"async\" src=\"data:image\/svg+xml;base64,PHN2ZyB4bWxucz0iaHR0cDovL3d3dy53My5vcmcvMjAwMC9zdmciIHhtbG5zOnhsaW5rPSJodHRwOi8vd3d3LnczLm9yZy8xOTk5L3hsaW5rIiB4bWxuczpza2V0Y2g9Imh0dHA6Ly93d3cuYm9oZW1pYW5jb2RpbmcuY29tL3NrZXRjaC9ucyIgdmlld0JveD0iMCAwIDE2IDE2IiB2ZXJzaW9uPSIxLjEiIHg9IjBweCIgeT0iMHB4Ij48ZyBzdHJva2U9Im5vbmUiIHN0cm9rZS13aWR0aD0iMSIgZmlsbD0ibm9uZSIgZmlsbC1ydWxlPSJldmVub2RkIiBza2V0Y2g6dHlwZT0iTVNQYWdlIj48ZyBza2V0Y2g6dHlwZT0iTVNBcnRib2FyZEdyb3VwIiBmaWxsPSIjZmZmZmZmIj48cGF0aCBkPSJNNiwxMCBMMi41LDYuNSBMMC41LDguNSBMNiwxNCBMMTUuNSw0LjUgTDEzLjUsMi41IEw2LDEwIFoiIHNrZXRjaDp0eXBlPSJNU1NoYXBlR3JvdXAiPjwvcGF0aD48L2c+PC9nPjwvc3ZnPgo=\" class=\"sc-ezbkgU hhcFCV\">S\u00ed<\/span><\/button><\/div><div width=\"49%\" class=\"Form__FormRowColumn-sc-32vt5e-5 dbazbi\"><button class=\"sc-iJKOzS bZuJFl\"><span class=\"sc-giYgFv cCLPIu\">No<\/span><\/button><\/div><\/div><\/div><div class=\"Form__FormRow-sc-32vt5e-0 ddlwSx\"><div class=\"Form__FormRowTitle-sc-32vt5e-2 coHrqe\">\u00bfCu\u00e1ndo presentaste o presentar\u00e1s tu declaraci\u00f3n de 2021?<\/div><div class=\"Form__FormRowColumns-sc-32vt5e-4 fJQHgG\"><div width=\"98%\" class=\"Form__FormRowColumn-sc-32vt5e-5 hQkVKG\"><select name=\"filedBeforeTaxOfficeComplaintTaxDueRate\" width=\"100%\" class=\"Select__Container-sc-c9lp90-0 kdTmhN\"><option value=\"\">Selecciona<\/option><option value=\"2\">Julio 2022<\/option><option value=\"3\">Agosto 2022<\/option><option value=\"4\">Septiembre 2022<\/option><option value=\"5\">Octubre 2022<\/option><option value=\"6\">Noviembre 2022<\/option><option value=\"7\">Diciembre 2022<\/option><option value=\"8\">Enero 2023<\/option><option value=\"9\">Febrero 2023<\/option><option value=\"10\">Marzo 2023<\/option><option value=\"11\">Abril 2023<\/option><option value=\"12\">Mayo 2023<\/option><option value=\"13\">Junio 2023<\/option><option value=\"LATER\">M\u00e1s tarde<\/option><\/select><\/div><\/div><\/div><\/form><\/div><div class=\"sc-ikJzcn pMMKl\"><div class=\"sc-jJoQpE gYDiMQ\"><ul class=\"sc-hiCivh ivLUYt\"><li class=\"sc-gWXaA-D jyCUWp\">La renta te ha salido a pagar<\/li><li class=\"sc-gWXaA-D jyCUWp\">Le debes 1.000\u20ac a Hacienda<\/li><li class=\"sc-gWXaA-D jyCUWp\">El recargo es del 13%<\/li><\/ul><div class=\"sc-cCcYRi bSLBsn\"><p>Te tocar\u00e1 pagar un recargo de<\/p><div class=\"sc-caiKgP bUigez\"><div class=\"sc-crHlIS gEowod\">130\u20ac<svg width=\"63\" height=\"8\" viewBox=\"0 0 63 8\" fill=\"none\" xmlns=\"http:\/\/www.w3.org\/2000\/svg\"><path d=\"M61.2539 3.21541C61.2539 3.21541 39.5443 -1.214 1.25391 6.52213\" stroke=\"black\" stroke-width=\"2\" stroke-linecap=\"round\" stroke-linejoin=\"round\"><\/path><\/svg><\/div><\/div><\/div><\/div><\/div><\/div>\n\n        <!-- END Default calc code -->\n    <\/div>\n\n\n    <\/div> <!-- .c-container -->\n<\/div> <!-- .c-block-calculator -->\n\n\n\n\n<div class=\"b-related-posts\">\n\n    <div class=\"b-block-header \">\n\n        <h2 class=\"b-block-header__title\">Quiz\u00e1 tambi\u00e9n te interese&#8230;<\/h2>\n    \n    \n<\/div>\n\n\n    <div class=\"c-container\">\n        \n        \n        <ul class=\"b-related-posts__list\">\n\n            \n            \n            <li class=\"b-related-posts__list-item m-without-image\">\n                <a href=\"https:\/\/taxfix.com\/es-es\/renta\/presentar-declaracion-de-la-renta-fuera-de-plazo\/\" class=\"c-blog-post m-without-image\">\n\n    \n    <div class=\"c-blog-post__content\">\n\n        \n        <h3 class=\"c-blog-post__title\">\n             Presentar la declaraci\u00f3n de la renta fuera de plazo\n        <\/h3>\n    <\/div>\n<\/a>\n\n            <\/li>\n            \n                            \n            \n            \n            <li class=\"b-related-posts__list-item m-without-image\">\n                <a href=\"https:\/\/taxfix.com\/es-es\/blog\/cuanto-tarda-hacienda-en-pagar-la-devolucion-de-la-renta\/\" class=\"c-blog-post m-without-image\">\n\n    \n    <div class=\"c-blog-post__content\">\n\n        \n        <h3 class=\"c-blog-post__title\">\n             \u00bfCu\u00e1nto tarda Hacienda en pagar la devoluci\u00f3n de la renta?\n        <\/h3>\n    <\/div>\n<\/a>\n\n            <\/li>\n            \n                            \n            \n            \n            <li class=\"b-related-posts__list-item m-without-image\">\n                <a href=\"https:\/\/taxfix.com\/es-es\/blog\/que-son-la-renta-a-pagar-y-la-renta-a-devolver\/\" class=\"c-blog-post m-without-image\">\n\n    \n    <div class=\"c-blog-post__content\">\n\n        \n        <h3 class=\"c-blog-post__title\">\n             \u00bfQu\u00e9 son la renta a pagar y la renta a devolver?\n        <\/h3>\n    <\/div>\n<\/a>\n\n            <\/li>\n            \n                            \n            \n        <\/ul>\n\n        \n    <\/div>\n<\/div>\n\n","protected":false},"excerpt":{"rendered":"","protected":false},"author":16,"featured_media":0,"parent":8192,"menu_order":0,"comment_status":"closed","ping_status":"closed","template":"views\/template-calculators-single.blade.php","meta":{"_acf_changed":false,"footnotes":""},"class_list":["post-8160","page","type-page","status-publish","hentry"],"acf":[],"yoast_head":"<!-- This site is optimized with the Yoast SEO plugin v25.8 - https:\/\/yoast.com\/wordpress\/plugins\/seo\/ -->\n<title>Calculadora de multas por presentar la renta fuera de plazo &#8211; Taxfix<\/title>\n<meta name=\"description\" content=\"\u00bfHas presentado o vas a presentar la declaraci\u00f3n renta tarde? Ent\u00e9rate de cu\u00e1nto son las multas por presentar la renta fuera de plazo.\" \/>\n<meta name=\"robots\" content=\"index, follow, max-snippet:-1, max-image-preview:large, max-video-preview:-1\" \/>\n<link rel=\"canonical\" href=\"https:\/\/taxfix.com\/es-es\/calculadoras\/calculadora-de-multas-por-presentar-la-renta-fuera-de-plazo\/\" \/>\n<meta property=\"og:locale\" content=\"es_ES\" \/>\n<meta property=\"og:type\" content=\"article\" \/>\n<meta property=\"og:title\" content=\"Calculadora de multas por presentar la renta fuera de plazo &#8211; Taxfix\" \/>\n<meta property=\"og:description\" content=\"\u00bfHas presentado o vas a presentar la declaraci\u00f3n renta tarde? Ent\u00e9rate de cu\u00e1nto son las multas por presentar la renta fuera de plazo.\" \/>\n<meta property=\"og:url\" content=\"https:\/\/taxfix.com\/es-es\/calculadoras\/calculadora-de-multas-por-presentar-la-renta-fuera-de-plazo\/\" \/>\n<meta property=\"og:site_name\" content=\"Taxfix\" \/>\n<meta property=\"article:publisher\" content=\"https:\/\/www.facebook.com\/taxfix_es\/\" \/>\n<meta property=\"article:modified_time\" content=\"2022-07-29T10:48:42+00:00\" \/>\n<meta property=\"og:image\" content=\"https:\/\/taxfix.com\/es-es\/wp-content\/uploads\/eyJhc3NldF9pZCI6NTY3OH0_taxfix-gmbh_UwIjumOzeyPqNyDgJ1bVY_OROVADgg2mBtzSX1XQ7A0.jpg\" \/>\n\t<meta property=\"og:image:width\" content=\"1200\" \/>\n\t<meta property=\"og:image:height\" content=\"628\" \/>\n\t<meta property=\"og:image:type\" content=\"image\/jpeg\" \/>\n<meta name=\"twitter:card\" content=\"summary_large_image\" \/>\n<script type=\"application\/ld+json\" class=\"yoast-schema-graph\">{\"@context\":\"https:\/\/schema.org\",\"@graph\":[{\"@type\":\"WebPage\",\"@id\":\"https:\/\/taxfix.com\/es-es\/calculadoras\/calculadora-de-multas-por-presentar-la-renta-fuera-de-plazo\/\",\"url\":\"https:\/\/taxfix.com\/es-es\/calculadoras\/calculadora-de-multas-por-presentar-la-renta-fuera-de-plazo\/\",\"name\":\"Calculadora de multas por presentar la renta fuera de plazo &#8211; Taxfix\",\"isPartOf\":{\"@id\":\"https:\/\/taxfix.com\/es-es\/#website\"},\"datePublished\":\"2022-07-29T10:07:35+00:00\",\"dateModified\":\"2022-07-29T10:48:42+00:00\",\"description\":\"\u00bfHas presentado o vas a presentar la declaraci\u00f3n renta tarde? Ent\u00e9rate de cu\u00e1nto son las multas por presentar la renta fuera de plazo.\",\"breadcrumb\":{\"@id\":\"https:\/\/taxfix.com\/es-es\/calculadoras\/calculadora-de-multas-por-presentar-la-renta-fuera-de-plazo\/#breadcrumb\"},\"inLanguage\":\"es\",\"potentialAction\":[{\"@type\":\"ReadAction\",\"target\":[\"https:\/\/taxfix.com\/es-es\/calculadoras\/calculadora-de-multas-por-presentar-la-renta-fuera-de-plazo\/\"]}]},{\"@type\":\"BreadcrumbList\",\"@id\":\"https:\/\/taxfix.com\/es-es\/calculadoras\/calculadora-de-multas-por-presentar-la-renta-fuera-de-plazo\/#breadcrumb\",\"itemListElement\":[{\"@type\":\"ListItem\",\"position\":1,\"name\":\"Taxfix\",\"item\":\"https:\/\/taxfix.com\/es-es\/\"},{\"@type\":\"ListItem\",\"position\":2,\"name\":\"Calculadoras\",\"item\":\"https:\/\/taxfix.com\/es-es\/calculadoras\/\"},{\"@type\":\"ListItem\",\"position\":3,\"name\":\"Calculadora de multas por presentar la renta fuera de plazo\"}]},{\"@type\":\"WebSite\",\"@id\":\"https:\/\/taxfix.com\/es-es\/#website\",\"url\":\"https:\/\/taxfix.com\/es-es\/\",\"name\":\"Taxfix\",\"description\":\"La mejor forma de presentar tus impuestos\",\"publisher\":{\"@id\":\"https:\/\/taxfix.com\/es-es\/#organization\"},\"potentialAction\":[{\"@type\":\"SearchAction\",\"target\":{\"@type\":\"EntryPoint\",\"urlTemplate\":\"https:\/\/taxfix.com\/es-es\/?s={search_term_string}\"},\"query-input\":{\"@type\":\"PropertyValueSpecification\",\"valueRequired\":true,\"valueName\":\"search_term_string\"}}],\"inLanguage\":\"es\"},{\"@type\":\"Organization\",\"@id\":\"https:\/\/taxfix.com\/es-es\/#organization\",\"name\":\"Taxfix\",\"url\":\"https:\/\/taxfix.com\/es-es\/\",\"logo\":{\"@type\":\"ImageObject\",\"inLanguage\":\"es\",\"@id\":\"https:\/\/taxfix.com\/es-es\/#\/schema\/logo\/image\/\",\"url\":\"https:\/\/taxfix.com\/es-es\/wp-content\/uploads\/1692.png\",\"contentUrl\":\"https:\/\/taxfix.com\/es-es\/wp-content\/uploads\/1692.png\",\"width\":192,\"height\":40,\"caption\":\"Taxfix\"},\"image\":{\"@id\":\"https:\/\/taxfix.com\/es-es\/#\/schema\/logo\/image\/\"},\"sameAs\":[\"https:\/\/www.facebook.com\/taxfix_es\/\",\"https:\/\/www.linkedin.com\/company\/taxfix\/\"]}]}<\/script>\n<!-- \/ Yoast SEO plugin. -->","yoast_head_json":{"title":"Calculadora de multas por presentar la renta fuera de plazo &#8211; Taxfix","description":"\u00bfHas presentado o vas a presentar la declaraci\u00f3n renta tarde? Ent\u00e9rate de cu\u00e1nto son las multas por presentar la renta fuera de plazo.","robots":{"index":"index","follow":"follow","max-snippet":"max-snippet:-1","max-image-preview":"max-image-preview:large","max-video-preview":"max-video-preview:-1"},"canonical":"https:\/\/taxfix.com\/es-es\/calculadoras\/calculadora-de-multas-por-presentar-la-renta-fuera-de-plazo\/","og_locale":"es_ES","og_type":"article","og_title":"Calculadora de multas por presentar la renta fuera de plazo &#8211; Taxfix","og_description":"\u00bfHas presentado o vas a presentar la declaraci\u00f3n renta tarde? Ent\u00e9rate de cu\u00e1nto son las multas por presentar la renta fuera de plazo.","og_url":"https:\/\/taxfix.com\/es-es\/calculadoras\/calculadora-de-multas-por-presentar-la-renta-fuera-de-plazo\/","og_site_name":"Taxfix","article_publisher":"https:\/\/www.facebook.com\/taxfix_es\/","article_modified_time":"2022-07-29T10:48:42+00:00","og_image":[{"width":1200,"height":628,"url":"https:\/\/taxfix.com\/es-es\/wp-content\/uploads\/eyJhc3NldF9pZCI6NTY3OH0_taxfix-gmbh_UwIjumOzeyPqNyDgJ1bVY_OROVADgg2mBtzSX1XQ7A0.jpg","type":"image\/jpeg"}],"twitter_card":"summary_large_image","schema":{"@context":"https:\/\/schema.org","@graph":[{"@type":"WebPage","@id":"https:\/\/taxfix.com\/es-es\/calculadoras\/calculadora-de-multas-por-presentar-la-renta-fuera-de-plazo\/","url":"https:\/\/taxfix.com\/es-es\/calculadoras\/calculadora-de-multas-por-presentar-la-renta-fuera-de-plazo\/","name":"Calculadora de multas por presentar la renta fuera de plazo &#8211; Taxfix","isPartOf":{"@id":"https:\/\/taxfix.com\/es-es\/#website"},"datePublished":"2022-07-29T10:07:35+00:00","dateModified":"2022-07-29T10:48:42+00:00","description":"\u00bfHas presentado o vas a presentar la declaraci\u00f3n renta tarde? Ent\u00e9rate de cu\u00e1nto son las multas por presentar la renta fuera de plazo.","breadcrumb":{"@id":"https:\/\/taxfix.com\/es-es\/calculadoras\/calculadora-de-multas-por-presentar-la-renta-fuera-de-plazo\/#breadcrumb"},"inLanguage":"es","potentialAction":[{"@type":"ReadAction","target":["https:\/\/taxfix.com\/es-es\/calculadoras\/calculadora-de-multas-por-presentar-la-renta-fuera-de-plazo\/"]}]},{"@type":"BreadcrumbList","@id":"https:\/\/taxfix.com\/es-es\/calculadoras\/calculadora-de-multas-por-presentar-la-renta-fuera-de-plazo\/#breadcrumb","itemListElement":[{"@type":"ListItem","position":1,"name":"Taxfix","item":"https:\/\/taxfix.com\/es-es\/"},{"@type":"ListItem","position":2,"name":"Calculadoras","item":"https:\/\/taxfix.com\/es-es\/calculadoras\/"},{"@type":"ListItem","position":3,"name":"Calculadora de multas por presentar la renta fuera de plazo"}]},{"@type":"WebSite","@id":"https:\/\/taxfix.com\/es-es\/#website","url":"https:\/\/taxfix.com\/es-es\/","name":"Taxfix","description":"La mejor forma de presentar tus impuestos","publisher":{"@id":"https:\/\/taxfix.com\/es-es\/#organization"},"potentialAction":[{"@type":"SearchAction","target":{"@type":"EntryPoint","urlTemplate":"https:\/\/taxfix.com\/es-es\/?s={search_term_string}"},"query-input":{"@type":"PropertyValueSpecification","valueRequired":true,"valueName":"search_term_string"}}],"inLanguage":"es"},{"@type":"Organization","@id":"https:\/\/taxfix.com\/es-es\/#organization","name":"Taxfix","url":"https:\/\/taxfix.com\/es-es\/","logo":{"@type":"ImageObject","inLanguage":"es","@id":"https:\/\/taxfix.com\/es-es\/#\/schema\/logo\/image\/","url":"https:\/\/taxfix.com\/es-es\/wp-content\/uploads\/1692.png","contentUrl":"https:\/\/taxfix.com\/es-es\/wp-content\/uploads\/1692.png","width":192,"height":40,"caption":"Taxfix"},"image":{"@id":"https:\/\/taxfix.com\/es-es\/#\/schema\/logo\/image\/"},"sameAs":["https:\/\/www.facebook.com\/taxfix_es\/","https:\/\/www.linkedin.com\/company\/taxfix\/"]}]}},"_links":{"self":[{"href":"https:\/\/taxfix.com\/es-es\/wp-json\/wp\/v2\/pages\/8160","targetHints":{"allow":["GET"]}}],"collection":[{"href":"https:\/\/taxfix.com\/es-es\/wp-json\/wp\/v2\/pages"}],"about":[{"href":"https:\/\/taxfix.com\/es-es\/wp-json\/wp\/v2\/types\/page"}],"author":[{"embeddable":true,"href":"https:\/\/taxfix.com\/es-es\/wp-json\/wp\/v2\/users\/16"}],"replies":[{"embeddable":true,"href":"https:\/\/taxfix.com\/es-es\/wp-json\/wp\/v2\/comments?post=8160"}],"version-history":[{"count":17,"href":"https:\/\/taxfix.com\/es-es\/wp-json\/wp\/v2\/pages\/8160\/revisions"}],"predecessor-version":[{"id":8189,"href":"https:\/\/taxfix.com\/es-es\/wp-json\/wp\/v2\/pages\/8160\/revisions\/8189"}],"up":[{"embeddable":true,"href":"https:\/\/taxfix.com\/es-es\/wp-json\/wp\/v2\/pages\/8192"}],"wp:attachment":[{"href":"https:\/\/taxfix.com\/es-es\/wp-json\/wp\/v2\/media?parent=8160"}],"curies":[{"name":"wp","href":"https:\/\/api.w.org\/{rel}","templated":true}]}}