{"id":8192,"date":"2022-07-29T12:37:36","date_gmt":"2022-07-29T10:37:36","guid":{"rendered":"https:\/\/taxfix.com\/es-es\/?page_id=8192"},"modified":"2025-10-06T11:47:25","modified_gmt":"2025-10-06T09:47:25","slug":"calculadoras","status":"publish","type":"page","link":"https:\/\/taxfix.com\/es-es\/calculadoras\/","title":{"rendered":"Calculadoras"},"content":{"rendered":"<div class=\"b-hero-v2 m-dark-mint \">\n\n    <div class=\"c-container\">\n\n        <div class=\"b-hero-v2__inner\">\n\n            <div class=\"b-hero-v2__content\">\n\n                \n                <h1 class=\"b-hero-v2__title\">Vamos a hacer n\u00fameros<\/h1>\n\n                \n                \n                <div class=\"b-hero-v2__body\"><p>Tenemos un mont\u00f3n de calculadoras \u00fatiles para que averig\u00fces lo que necesitas (sobre tus finanzas personales o sobre tu negocio como aut\u00f3nomo).<\/p>\n<\/div>\n\n                \n                \n                \n            <\/div>\n\n            \n                \n                <div class=\"b-hero-v2__media m-both m-default\">\n                    <img fetchpriority=\"high\" decoding=\"async\" loading=\"eager\" src=\"https:\/\/taxfix.com\/es-es\/wp-content\/uploads\/25Q3_TS-ES_Rebrand_Website_SEO-Content_Calculadoras_Hero.png\" width=\"1200\" height=\"1000\" alt=\"Emprendedor utiliza calculadora de Taxfix\" srcset=\"https:\/\/taxfix.com\/es-es\/wp-content\/uploads\/25Q3_TS-ES_Rebrand_Website_SEO-Content_Calculadoras_Hero-300x250.png 300w, https:\/\/taxfix.com\/es-es\/wp-content\/uploads\/25Q3_TS-ES_Rebrand_Website_SEO-Content_Calculadoras_Hero-1024x853.png 1024w, https:\/\/taxfix.com\/es-es\/wp-content\/uploads\/25Q3_TS-ES_Rebrand_Website_SEO-Content_Calculadoras_Hero-768x640.png 768w, https:\/\/taxfix.com\/es-es\/wp-content\/uploads\/25Q3_TS-ES_Rebrand_Website_SEO-Content_Calculadoras_Hero.png 1200w\" class=\"b-hero-v2__media-image\" sizes=\"(min-width: 1240px) 518px, (min-width: 1000px) 432px, calc(100vw - 48px)\"\/>\n                <\/div>\n\n                            \n        <\/div>\n    <\/div>\n<\/div> <!-- .b-hero-v2 -->\n\n\n\n<div class=\"b-columns m-white m-columns-3 m-align-center \">\n\n    <div class=\"b-block-header \">\n\n        <h2 class=\"b-block-header__title\">Las que m\u00e1s se usan<\/h2>\n    \n        <div class=\"b-block-header__lead\"><p>Calcular tu sueldo neto como aut\u00f3nomo, si es m\u00e1s rentable ser aut\u00f3nomo o SL o saber de cu\u00e1nto te cobrar\u00e1n por presentar el Impuesto de Sociedades. \u00a1Te ayudamos a calcularlo f\u00e1cilmente!<\/p>\n<\/div>\n    \n<\/div>\n\n\n    <div class=\"c-container m-mobile-wide\">\n\n        <div class=\"b-columns__container\">\n\n            \n            \n            <div class=\"b-columns__item m-mint m-image-size-large \">\n                <div class=\"b-columns__item-inner\">\n                    \n                                        \n                                        <h3 class=\"b-columns__item-title\"><a href=\"https:\/\/taxfix.com\/es-es\/calculadoras\/calculadora-de-sueldo-neto-de-autonomo\/\">Calculadora de sueldo neto de aut\u00f3nomo <\/a><\/h3>\n                                            \n                                        <div class=\"b-columns__item-content\">\n                        <div class=\"b-block-body\">\n                            <p>Averigua cu\u00e1nto cobrar\u00e1s aproximadamente como aut\u00f3nomo para saber si te sale a cuenta darte de alta.<\/p>\n<p><a class=\"c-button m-small \" href=\"https:\/\/taxfix.com\/es-es\/calculadoras\/calculadora-de-sueldo-neto-de-autonomo\" target=\"_blank\" rel=\"noopener\">Calcular<\/a><\/p>\n\n                        <\/div>\n                    <\/div>\n                                            \n                <\/div>\n            <\/div>\n\n            \n            \n            <div class=\"b-columns__item m-mint m-image-size-large \">\n                <div class=\"b-columns__item-inner\">\n                    \n                                        \n                                        <h3 class=\"b-columns__item-title\"><a href=\"https:\/\/taxfix.com\/es-es\/calculadoras\/calculadora-de-autonomo-o-empresa-que-es-mas-rentable\/\">Calculadora de aut\u00f3nomo o empresa <\/a><\/h3>\n                                            \n                                        <div class=\"b-columns__item-content\">\n                        <div class=\"b-block-body\">\n                            <p>Aut\u00f3nomo o empresa&#8230; \u00a1esa es la cuesti\u00f3n! Hazte una idea de qu\u00e9 es mejor para tu negocio.<\/p>\n<p><a class=\"c-button m-small \" href=\"https:\/\/taxfix.com\/es-es\/calculadoras\/calculadora-de-autonomo-o-empresa-que-es-mas-rentable\/\" target=\"_blank\" rel=\"noopener\">Calcular<\/a><\/p>\n\n                        <\/div>\n                    <\/div>\n                                            \n                <\/div>\n            <\/div>\n\n            \n            \n            <div class=\"b-columns__item m-mint m-image-size-large \">\n                <div class=\"b-columns__item-inner\">\n                    \n                                        \n                                        <h3 class=\"b-columns__item-title\"><a href=\"https:\/\/taxfix.com\/es-es\/calculadoras\/calculadora-del-impuesto-de-sociedades\/\">Calculadora de Impuesto de Sociedades<\/a><\/h3>\n                                            \n                                        <div class=\"b-columns__item-content\">\n                        <div class=\"b-block-body\">\n                            <p>\u00bfTienes una sociedad mercantil? Descubre cu\u00e1ntos impuestos pagar\u00e1s con esta calculadora.<\/p>\n<p><a class=\"c-button m-small \" href=\"https:\/\/taxfix.com\/es-es\/calculadoras\/calculadora-del-impuesto-de-sociedades\/\" target=\"_blank\" rel=\"noopener\">Calcular<\/a><\/p>\n\n                        <\/div>\n                    <\/div>\n                                            \n                <\/div>\n            <\/div>\n\n            \n        <\/div>\n    <\/div>\n<\/div> <!-- .b-columns -->\n\n\n\n<div class=\"b-columns m-white m-columns-2 m-align-center \">\n\n    <div class=\"b-block-header \">\n\n        <h2 class=\"b-block-header__title\">Pero hay m\u00e1s<\/h2>\n    \n        <div class=\"b-block-header__lead\"><p>Tenemos m\u00e1s calculadoras que te pueden ser muy (pero que muy) \u00fatiles para averiguar cu\u00e1l ser\u00e1 tu sueldo neto mensual o anual, cu\u00e1nto pagar\u00e1s de impuestos por tus criptomonedas, o hasta si tienes que hacer la declaraci\u00f3n de la renta.<\/p>\n<\/div>\n    \n<\/div>\n\n\n    <div class=\"c-container m-mobile-wide\">\n\n        <div class=\"b-columns__container\">\n\n            \n            \n            <div class=\"b-columns__item m-blue m-image-size-large \">\n                <div class=\"b-columns__item-inner\">\n                    \n                                        \n                                        <h3 class=\"b-columns__item-title\"><a href=\"https:\/\/taxfix.com\/es-es\/calculadoras\/ganancias-patrimoniales\/\">Calculadora de ganancias patrimoniales<\/a><\/h3>\n                                            \n                                        <div class=\"b-columns__item-content\">\n                        <div class=\"b-block-body\">\n                            <p>Averigua cu\u00e1ntos impuestos tienes que pagar al haber vendido inmuebles, acciones y m\u00e1s.<\/p>\n<p><a class=\"c-button m-small \" href=\"https:\/\/taxfix.com\/es-es\/calculadoras\/ganancias-patrimoniales\/\" target=\"_blank\" rel=\"noopener\">Calcular<\/a><\/p>\n\n                        <\/div>\n                    <\/div>\n                                            \n                <\/div>\n            <\/div>\n\n            \n            \n            <div class=\"b-columns__item m-blue m-image-size-large \">\n                <div class=\"b-columns__item-inner\">\n                    \n                                        \n                                        <h3 class=\"b-columns__item-title\"><a href=\"https:\/\/taxfix.com\/es-es\/calculadoras\/calculadora-de-criptomonedas\/\">Calculadora de criptomonedas<\/a><\/h3>\n                                            \n                                        <div class=\"b-columns__item-content\">\n                        <div class=\"b-block-body\">\n                            <p>Calcula cu\u00e1nto te tocar\u00e1 pagar de impuestos por diferentes actividades con criptomonedas.<\/p>\n<p><a class=\"c-button m-small \" href=\"https:\/\/taxfix.com\/es-es\/calculadoras\/calculadora-de-criptomonedas\/\" target=\"_blank\" rel=\"noopener\">Calcular<\/a><\/p>\n\n                        <\/div>\n                    <\/div>\n                                            \n                <\/div>\n            <\/div>\n\n            \n            \n            <div class=\"b-columns__item m-blue m-image-size-large \">\n                <div class=\"b-columns__item-inner\">\n                    \n                                        \n                                        <h3 class=\"b-columns__item-title\"><a href=\"https:\/\/taxfix.com\/es-es\/calculadoras\/calculadora-de-sueldo-neto\/\">Calculadora de sueldo neto<\/a><\/h3>\n                                            \n                                        <div class=\"b-columns__item-content\">\n                        <div class=\"b-block-body\">\n                            <p>Calcula cu\u00e1nto cobrar\u00e1s como sueldo neto anual o mensual seg\u00fan la cantidad que recibas en bruto.<\/p>\n<p><a class=\"c-button m-small \" href=\"https:\/\/taxfix.com\/es-es\/calculadoras\/calculadora-de-sueldo-neto\/\" target=\"_blank\" rel=\"noopener\">Calcular<\/a><\/p>\n\n                        <\/div>\n                    <\/div>\n                                            \n                <\/div>\n            <\/div>\n\n            \n            \n            <div class=\"b-columns__item m-blue m-image-size-large \">\n                <div class=\"b-columns__item-inner\">\n                    \n                                        \n                                        <h3 class=\"b-columns__item-title\"><a href=\"https:\/\/taxfix.com\/es-es\/calculadoras\/tengo-que-hacer-la-declaracion-de-la-renta\/\">Calculadora \u00bfTengo que hacer la renta?<\/a><\/h3>\n                                            \n                                        <div class=\"b-columns__item-content\">\n                        <div class=\"b-block-body\">\n                            <p>\u00bfC\u00f3mo sabes si tienes que presentar (o no) la declaraci\u00f3n de la renta? Desc\u00fabrelo r\u00e1pidamente con esta herramienta.<\/p>\n<p><a class=\"c-button m-small \" href=\"https:\/\/taxfix.com\/es-es\/calculadoras\/tengo-que-hacer-la-declaracion-de-la-renta\/\" target=\"_blank\" rel=\"noopener\">Calcular<\/a><\/p>\n\n                        <\/div>\n                    <\/div>\n                                            \n                <\/div>\n            <\/div>\n\n            \n            \n            <div class=\"b-columns__item m-blue m-image-size-large \">\n                <div class=\"b-columns__item-inner\">\n                    \n                                        \n                                        <h3 class=\"b-columns__item-title\"><a href=\"https:\/\/taxfix.com\/es-es\/calculadoras\/calculadora-de-multas-por-presentar-la-renta-fuera-de-plazo\/\">Calculadora de multas por presentar la renta fuera de plazo<\/a><\/h3>\n                                            \n                                        <div class=\"b-columns__item-content\">\n                        <div class=\"b-block-body\">\n                            <p>Ent\u00e9rate de cu\u00e1nto pagar\u00e1s por presentar tarde la renta. \u00a1Date prisa!<\/p>\n<p><a class=\"c-button m-small \" href=\"https:\/\/taxfix.com\/es-es\/calculadoras\/calculadora-de-multas-por-presentar-la-renta-fuera-de-plazo\/\" target=\"_blank\" rel=\"noopener\">Calcular<\/a><\/p>\n\n                        <\/div>\n                    <\/div>\n                                            \n                <\/div>\n            <\/div>\n\n            \n            \n            <div class=\"b-columns__item m-blue m-image-size-large \">\n                <div class=\"b-columns__item-inner\">\n                    \n                                        \n                                        <h3 class=\"b-columns__item-title\"><a href=\"https:\/\/taxfix.com\/es-es\/calculadoras\/simulador-de-hipotecas\/\">Calculadora de hipotecas<\/a><\/h3>\n                                            \n                                        <div class=\"b-columns__item-content\">\n                        <div class=\"b-block-body\">\n                            <p>Usa nuestro simulador de hipotecas y planifica seg\u00fan el dinero que tienes y el que necesitas que te preste el banco.<\/p>\n<p><a class=\"c-button m-small \" href=\"https:\/\/taxfix.com\/es-es\/calculadoras\/simulador-de-hipotecas\/\" target=\"_blank\" rel=\"noopener\">Calcular<\/a><\/p>\n\n                        <\/div>\n                    <\/div>\n                                            \n                <\/div>\n            <\/div>\n\n            \n            \n            <div class=\"b-columns__item m-blue m-image-size-large \">\n                <div class=\"b-columns__item-inner\">\n                    \n                                        \n                                        <h3 class=\"b-columns__item-title\"><a href=\"https:\/\/taxfix.com\/es-es\/calculadoras\/calculadora-de-rentabilidad-de-un-alquiler\/\">Calculadora de rentabilidad de un alquiler<\/a><\/h3>\n                                            \n                                        <div class=\"b-columns__item-content\">\n                        <div class=\"b-block-body\">\n                            <p>\u00bfTienes un piso alquilado? Descubre cu\u00e1ndo recuperar\u00e1s la inversi\u00f3n.<\/p>\n<p><a class=\"c-button m-small \" href=\"https:\/\/taxfix.com\/es-es\/calculadoras\/calculadora-de-rentabilidad-de-un-alquiler\/\" target=\"_blank\" rel=\"noopener\">Calcular<\/a><\/p>\n\n                        <\/div>\n                    <\/div>\n                                            \n                <\/div>\n            <\/div>\n\n            \n            \n            <div class=\"b-columns__item m-blue m-image-size-large \">\n                <div class=\"b-columns__item-inner\">\n                    \n                                        \n                                        <h3 class=\"b-columns__item-title\"><a href=\"https:\/\/taxfix.com\/es-es\/calculadoras\/calculadora-cuota-de-autonomo\/\">Calculadora de cuota de aut\u00f3nomo<\/a><\/h3>\n                                            \n                                        <div class=\"b-columns__item-content\">\n                        <div class=\"b-block-body\">\n                            <p>\u00bfCu\u00e1nto tienes que pagar al mes? Averigua cu\u00e1l ser\u00e1 tu cuota de aut\u00f3nomo con los nuevos tramos de cotizaci\u00f3n.<\/p>\n<p><a class=\"c-button m-small \" href=\"https:\/\/taxfix.com\/es-es\/calculadoras\/calculadora-cuota-de-autonomo\/\" target=\"_blank\" rel=\"noopener\">Calcular<\/a><\/p>\n<p>&nbsp;<\/p>\n<p>&nbsp;<\/p>\n\n                        <\/div>\n                    <\/div>\n                                            \n                <\/div>\n            <\/div>\n\n            \n            \n            <div class=\"b-columns__item m-blue m-image-size-large \">\n                <div class=\"b-columns__item-inner\">\n                    \n                                        \n                                        <h3 class=\"b-columns__item-title\"><a href=\"https:\/\/taxfix.com\/es-es\/calculadoras\/calculadora-de-iva-de-autonomos\/\">Calculadora de IVA de aut\u00f3nomos<\/a><\/h3>\n                                            \n                                        <div class=\"b-columns__item-content\">\n                        <div class=\"b-block-body\">\n                            <p>Calcula cu\u00e1nto tendr\u00e1s que ingresar a Hacienda al final del trimestre seg\u00fan tus ganancias y gastos.<\/p>\n<p><a class=\"c-button m-small \" href=\"https:\/\/taxfix.com\/es-es\/calculadoras\/calculadora-de-iva-de-autonomos\/\" target=\"_blank\" rel=\"noopener\">Calcular<\/a><\/p>\n\n                        <\/div>\n                    <\/div>\n                                            \n                <\/div>\n            <\/div>\n\n            \n            \n            <div class=\"b-columns__item m-blue m-image-size-large \">\n                <div class=\"b-columns__item-inner\">\n                    \n                                        \n                                        <h3 class=\"b-columns__item-title\"><a href=\"https:\/\/taxfix.com\/es-es\/calculadoras\/calculadora-del-paro-de-autonomos\/\">Calculadora de paro de aut\u00f3nomo<\/a><\/h3>\n                                            \n                                        <div class=\"b-columns__item-content\">\n                        <div class=\"b-block-body\">\n                            <p>\u00bfNo sabes cu\u00e1nto cobrar\u00e1s de desempleo por haber trabajado como aut\u00f3nomo? Utiliza nuestra calculadora del paro de aut\u00f3nomos.<\/p>\n<p><a class=\"c-button m-small \" href=\"https:\/\/taxfix.com\/es-es\/calculadoras\/calculadora-del-paro-de-autonomos\/\" target=\"_blank\" rel=\"noopener\">Calcular<\/a><\/p>\n\n                        <\/div>\n                    <\/div>\n                                            \n                <\/div>\n            <\/div>\n\n            \n        <\/div>\n    <\/div>\n<\/div> <!-- .b-columns -->\n\n\n\n<div class=\"b-related-posts\">\n\n    <div class=\"b-block-header \">\n\n        <h2 class=\"b-block-header__title\">Quiz\u00e1 tambi\u00e9n te interese&#8230;<\/h2>\n    \n    \n<\/div>\n\n\n    <div class=\"c-container\">\n        \n        \n        <ul class=\"b-related-posts__list\">\n\n            \n            \n            <li class=\"b-related-posts__list-item m-without-image\">\n                <a href=\"https:\/\/taxfix.com\/es-es\/renta\/deducciones-estatales-en-la-renta\/\" class=\"c-blog-post m-without-image\">\n\n    \n    <div class=\"c-blog-post__content\">\n\n        \n        <h3 class=\"c-blog-post__title\">\n             Deducciones en la renta 2025\n        <\/h3>\n    <\/div>\n<\/a>\n\n            <\/li>\n            \n                            \n            \n            \n            <li class=\"b-related-posts__list-item m-without-image\">\n                <a href=\"https:\/\/taxfix.com\/es-es\/autonomos\/gastos-deducibles-de-autonomos\/\" class=\"c-blog-post m-without-image\">\n\n    \n    <div class=\"c-blog-post__content\">\n\n        \n        <h3 class=\"c-blog-post__title\">\n             Los gastos deducibles de aut\u00f3nomos: cu\u00e1les son y c\u00f3mo deducirlos\n        <\/h3>\n    <\/div>\n<\/a>\n\n            <\/li>\n            \n                            \n            \n            \n            <li class=\"b-related-posts__list-item m-without-image\">\n                <a href=\"https:\/\/taxfix.com\/es-es\/renta\/gastos-deducibles-del-alquiler-para-propietarios\/\" class=\"c-blog-post m-without-image\">\n\n    \n    <div class=\"c-blog-post__content\">\n\n        \n        <h3 class=\"c-blog-post__title\">\n             Gastos deducibles del alquiler para propietarios\n        <\/h3>\n    <\/div>\n<\/a>\n\n            <\/li>\n            \n                            \n            \n        <\/ul>\n\n        \n    <\/div>\n<\/div>\n\n","protected":false},"excerpt":{"rendered":"","protected":false},"author":15,"featured_media":0,"parent":0,"menu_order":0,"comment_status":"closed","ping_status":"closed","template":"views\/template-modular.blade.php","meta":{"_acf_changed":false,"footnotes":""},"class_list":["post-8192","page","type-page","status-publish","hentry"],"acf":[],"yoast_head":"<!-- This site is optimized with the Yoast SEO plugin v25.8 - https:\/\/yoast.com\/wordpress\/plugins\/seo\/ -->\n<title>Calculadoras &#8211; Taxfix<\/title>\n<meta name=\"robots\" content=\"index, follow, max-snippet:-1, max-image-preview:large, max-video-preview:-1\" \/>\n<link rel=\"canonical\" href=\"https:\/\/taxfix.com\/es-es\/calculadoras\/\" \/>\n<meta property=\"og:locale\" content=\"es_ES\" \/>\n<meta property=\"og:type\" content=\"article\" \/>\n<meta property=\"og:title\" content=\"Calculadoras &#8211; Taxfix\" \/>\n<meta property=\"og:url\" content=\"https:\/\/taxfix.com\/es-es\/calculadoras\/\" \/>\n<meta property=\"og:site_name\" content=\"Taxfix\" \/>\n<meta property=\"article:publisher\" content=\"https:\/\/www.facebook.com\/taxfix_es\/\" \/>\n<meta property=\"article:modified_time\" content=\"2025-10-06T09:47:25+00:00\" \/>\n<meta property=\"og:image\" content=\"https:\/\/taxfix.com\/es-es\/wp-content\/uploads\/eyJhc3NldF9pZCI6NTY3OH0_taxfix-gmbh_UwIjumOzeyPqNyDgJ1bVY_OROVADgg2mBtzSX1XQ7A0.jpg\" \/>\n\t<meta property=\"og:image:width\" content=\"1200\" \/>\n\t<meta property=\"og:image:height\" content=\"628\" \/>\n\t<meta property=\"og:image:type\" content=\"image\/jpeg\" \/>\n<meta name=\"twitter:card\" content=\"summary_large_image\" \/>\n<script type=\"application\/ld+json\" class=\"yoast-schema-graph\">{\"@context\":\"https:\/\/schema.org\",\"@graph\":[{\"@type\":\"WebPage\",\"@id\":\"https:\/\/taxfix.com\/es-es\/calculadoras\/\",\"url\":\"https:\/\/taxfix.com\/es-es\/calculadoras\/\",\"name\":\"Calculadoras &#8211; Taxfix\",\"isPartOf\":{\"@id\":\"https:\/\/taxfix.com\/es-es\/#website\"},\"datePublished\":\"2022-07-29T10:37:36+00:00\",\"dateModified\":\"2025-10-06T09:47:25+00:00\",\"breadcrumb\":{\"@id\":\"https:\/\/taxfix.com\/es-es\/calculadoras\/#breadcrumb\"},\"inLanguage\":\"es\",\"potentialAction\":[{\"@type\":\"ReadAction\",\"target\":[\"https:\/\/taxfix.com\/es-es\/calculadoras\/\"]}]},{\"@type\":\"BreadcrumbList\",\"@id\":\"https:\/\/taxfix.com\/es-es\/calculadoras\/#breadcrumb\",\"itemListElement\":[{\"@type\":\"ListItem\",\"position\":1,\"name\":\"Taxfix\",\"item\":\"https:\/\/taxfix.com\/es-es\/\"},{\"@type\":\"ListItem\",\"position\":2,\"name\":\"Calculadoras\"}]},{\"@type\":\"WebSite\",\"@id\":\"https:\/\/taxfix.com\/es-es\/#website\",\"url\":\"https:\/\/taxfix.com\/es-es\/\",\"name\":\"Taxfix\",\"description\":\"La mejor forma de presentar tus impuestos\",\"publisher\":{\"@id\":\"https:\/\/taxfix.com\/es-es\/#organization\"},\"potentialAction\":[{\"@type\":\"SearchAction\",\"target\":{\"@type\":\"EntryPoint\",\"urlTemplate\":\"https:\/\/taxfix.com\/es-es\/?s={search_term_string}\"},\"query-input\":{\"@type\":\"PropertyValueSpecification\",\"valueRequired\":true,\"valueName\":\"search_term_string\"}}],\"inLanguage\":\"es\"},{\"@type\":\"Organization\",\"@id\":\"https:\/\/taxfix.com\/es-es\/#organization\",\"name\":\"Taxfix\",\"url\":\"https:\/\/taxfix.com\/es-es\/\",\"logo\":{\"@type\":\"ImageObject\",\"inLanguage\":\"es\",\"@id\":\"https:\/\/taxfix.com\/es-es\/#\/schema\/logo\/image\/\",\"url\":\"https:\/\/taxfix.com\/es-es\/wp-content\/uploads\/1692.png\",\"contentUrl\":\"https:\/\/taxfix.com\/es-es\/wp-content\/uploads\/1692.png\",\"width\":192,\"height\":40,\"caption\":\"Taxfix\"},\"image\":{\"@id\":\"https:\/\/taxfix.com\/es-es\/#\/schema\/logo\/image\/\"},\"sameAs\":[\"https:\/\/www.facebook.com\/taxfix_es\/\",\"https:\/\/www.linkedin.com\/company\/taxfix\/\"]}]}<\/script>\n<!-- \/ Yoast SEO plugin. -->","yoast_head_json":{"title":"Calculadoras &#8211; Taxfix","robots":{"index":"index","follow":"follow","max-snippet":"max-snippet:-1","max-image-preview":"max-image-preview:large","max-video-preview":"max-video-preview:-1"},"canonical":"https:\/\/taxfix.com\/es-es\/calculadoras\/","og_locale":"es_ES","og_type":"article","og_title":"Calculadoras &#8211; Taxfix","og_url":"https:\/\/taxfix.com\/es-es\/calculadoras\/","og_site_name":"Taxfix","article_publisher":"https:\/\/www.facebook.com\/taxfix_es\/","article_modified_time":"2025-10-06T09:47:25+00:00","og_image":[{"width":1200,"height":628,"url":"https:\/\/taxfix.com\/es-es\/wp-content\/uploads\/eyJhc3NldF9pZCI6NTY3OH0_taxfix-gmbh_UwIjumOzeyPqNyDgJ1bVY_OROVADgg2mBtzSX1XQ7A0.jpg","type":"image\/jpeg"}],"twitter_card":"summary_large_image","schema":{"@context":"https:\/\/schema.org","@graph":[{"@type":"WebPage","@id":"https:\/\/taxfix.com\/es-es\/calculadoras\/","url":"https:\/\/taxfix.com\/es-es\/calculadoras\/","name":"Calculadoras &#8211; Taxfix","isPartOf":{"@id":"https:\/\/taxfix.com\/es-es\/#website"},"datePublished":"2022-07-29T10:37:36+00:00","dateModified":"2025-10-06T09:47:25+00:00","breadcrumb":{"@id":"https:\/\/taxfix.com\/es-es\/calculadoras\/#breadcrumb"},"inLanguage":"es","potentialAction":[{"@type":"ReadAction","target":["https:\/\/taxfix.com\/es-es\/calculadoras\/"]}]},{"@type":"BreadcrumbList","@id":"https:\/\/taxfix.com\/es-es\/calculadoras\/#breadcrumb","itemListElement":[{"@type":"ListItem","position":1,"name":"Taxfix","item":"https:\/\/taxfix.com\/es-es\/"},{"@type":"ListItem","position":2,"name":"Calculadoras"}]},{"@type":"WebSite","@id":"https:\/\/taxfix.com\/es-es\/#website","url":"https:\/\/taxfix.com\/es-es\/","name":"Taxfix","description":"La mejor forma de presentar tus impuestos","publisher":{"@id":"https:\/\/taxfix.com\/es-es\/#organization"},"potentialAction":[{"@type":"SearchAction","target":{"@type":"EntryPoint","urlTemplate":"https:\/\/taxfix.com\/es-es\/?s={search_term_string}"},"query-input":{"@type":"PropertyValueSpecification","valueRequired":true,"valueName":"search_term_string"}}],"inLanguage":"es"},{"@type":"Organization","@id":"https:\/\/taxfix.com\/es-es\/#organization","name":"Taxfix","url":"https:\/\/taxfix.com\/es-es\/","logo":{"@type":"ImageObject","inLanguage":"es","@id":"https:\/\/taxfix.com\/es-es\/#\/schema\/logo\/image\/","url":"https:\/\/taxfix.com\/es-es\/wp-content\/uploads\/1692.png","contentUrl":"https:\/\/taxfix.com\/es-es\/wp-content\/uploads\/1692.png","width":192,"height":40,"caption":"Taxfix"},"image":{"@id":"https:\/\/taxfix.com\/es-es\/#\/schema\/logo\/image\/"},"sameAs":["https:\/\/www.facebook.com\/taxfix_es\/","https:\/\/www.linkedin.com\/company\/taxfix\/"]}]}},"_links":{"self":[{"href":"https:\/\/taxfix.com\/es-es\/wp-json\/wp\/v2\/pages\/8192","targetHints":{"allow":["GET"]}}],"collection":[{"href":"https:\/\/taxfix.com\/es-es\/wp-json\/wp\/v2\/pages"}],"about":[{"href":"https:\/\/taxfix.com\/es-es\/wp-json\/wp\/v2\/types\/page"}],"author":[{"embeddable":true,"href":"https:\/\/taxfix.com\/es-es\/wp-json\/wp\/v2\/users\/15"}],"replies":[{"embeddable":true,"href":"https:\/\/taxfix.com\/es-es\/wp-json\/wp\/v2\/comments?post=8192"}],"version-history":[{"count":63,"href":"https:\/\/taxfix.com\/es-es\/wp-json\/wp\/v2\/pages\/8192\/revisions"}],"predecessor-version":[{"id":28112,"href":"https:\/\/taxfix.com\/es-es\/wp-json\/wp\/v2\/pages\/8192\/revisions\/28112"}],"wp:attachment":[{"href":"https:\/\/taxfix.com\/es-es\/wp-json\/wp\/v2\/media?parent=8192"}],"curies":[{"name":"wp","href":"https:\/\/api.w.org\/{rel}","templated":true}]}}